{"id":197,"date":"2022-03-21T09:53:10","date_gmt":"2022-03-21T09:53:10","guid":{"rendered":"http:\/\/localhost\/uicisa\/?page_id=197"},"modified":"2024-07-05T08:30:01","modified_gmt":"2024-07-05T08:30:01","slug":"projeto","status":"publish","type":"page","link":"https:\/\/events.ipv.pt\/uicisa\/en\/projeto\/","title":{"rendered":"PROJECTS"},"content":{"rendered":"<div class=\"pt-cv-wrapper\"><div class=\"pt-cv-view pt-cv-blockgrid iscvblock iscvhybrid grid1 layout1\" id=\"pt-cv-view-3850a541w7\"><div data-id=\"pt-cv-page-1\" class=\"pt-cv-page\" data-cvc=\"4\"><div class=\" pt-cv-content-item pt-cv-1-col\" ><h6 class=\"pt-cv-title\"><a href=\"https:\/\/events.ipv.pt\/uicisa\/en\/dormir-para-bem-sorrir\/\" class=\"_self\" target=\"_self\" >Dormir para Bem Sorrir<\/a><\/h6>\n<div class=\"pt-cv-meta-fields\"><span class=\"terms\"> <a href='https:\/\/events.ipv.pt\/uicisa\/en\/tag\/10-anos\/' title='[10 anos]' class='pt-cv-tax-10-anos'>[10 anos]<\/a>, <a href='https:\/\/events.ipv.pt\/uicisa\/en\/tag\/odete-amaral\/' title='Odete Amaral' class='pt-cv-tax-odete-amaral'>Odete Amaral<\/a>, <a href='https:\/\/events.ipv.pt\/uicisa\/en\/category\/projeto\/' title='projeto' class='pt-cv-tax-projeto'>projeto<\/a>, <a href='https:\/\/events.ipv.pt\/uicisa\/en\/tag\/sonia-alves\/' title='S\u00f3nia Alves' class='pt-cv-tax-sonia-alves'>S\u00f3nia Alves<\/a><\/span><\/div><\/div>\n<div class=\" pt-cv-content-item pt-cv-1-col\" ><h6 class=\"pt-cv-title\"><a href=\"https:\/\/events.ipv.pt\/uicisa\/en\/projeto-olhar-para-quem-cuida\/\" class=\"_self\" target=\"_self\" >Olhar + Para Quem Cuida<\/a><\/h6>\n<div class=\"pt-cv-meta-fields\"><span class=\"terms\"> <a href='https:\/\/events.ipv.pt\/uicisa\/en\/tag\/aplicavel-sempre-que-haja-cuidadores\/' title='[aplic\u00e1vel sempre que haja cuidadores]' class='pt-cv-tax-aplicavel-sempre-que-haja-cuidadores'>[aplic\u00e1vel sempre que haja cuidadores]<\/a>, <a href='https:\/\/events.ipv.pt\/uicisa\/en\/tag\/amadeu-goncalves\/' title='Amadeu Gon\u00e7alves' class='pt-cv-tax-amadeu-goncalves'>Amadeu Gon\u00e7alves<\/a>, <a href='https:\/\/events.ipv.pt\/uicisa\/en\/tag\/odete-amaral\/' title='Odete Amaral' class='pt-cv-tax-odete-amaral'>Odete Amaral<\/a>, <a href='https:\/\/events.ipv.pt\/uicisa\/en\/category\/projeto\/' title='projeto' class='pt-cv-tax-projeto'>projeto<\/a>, <a href='https:\/\/events.ipv.pt\/uicisa\/en\/tag\/sofia-campos\/' title='Sofia Campos' class='pt-cv-tax-sofia-campos'>Sofia Campos<\/a>, <a href='https:\/\/events.ipv.pt\/uicisa\/en\/tag\/sonia-alves\/' title='S\u00f3nia Alves' class='pt-cv-tax-sonia-alves'>S\u00f3nia Alves<\/a>, <a href='https:\/\/events.ipv.pt\/uicisa\/en\/tag\/susana-batista\/' title='Susana Batista' class='pt-cv-tax-susana-batista'>Susana Batista<\/a><\/span><\/div><\/div>\n<div class=\" pt-cv-content-item pt-cv-1-col\" ><h6 class=\"pt-cv-title\"><a href=\"https:\/\/events.ipv.pt\/uicisa\/en\/541650637saude-educacao-e-qualidade-de-vida-materno-infantil-do-gungo-projeto-de-investigacao-acao\/\" class=\"_self\" target=\"_self\" >[SEiGungo] Sa\u00fade, Educa\u00e7\u00e3o e Qualidade de Vida Materno-Infantil do Gungo: Projeto de investiga\u00e7\u00e3o-a\u00e7\u00e3o<\/a><\/h6>\n<div class=\"pt-cv-meta-fields\"><span class=\"terms\"> <a href='https:\/\/events.ipv.pt\/uicisa\/en\/tag\/2022-2025\/' title='[2022 \u2013 2025]' class='pt-cv-tax-2022-2025'>[2022 \u2013 2025]<\/a>, <a href='https:\/\/events.ipv.pt\/uicisa\/en\/tag\/graca-aparicio\/' title='Gra\u00e7a Apar\u00edcio' class='pt-cv-tax-graca-aparicio'>Gra\u00e7a Apar\u00edcio<\/a>, <a href='https:\/\/events.ipv.pt\/uicisa\/en\/tag\/manuela-ferreira\/' title='Manuela Ferreira' class='pt-cv-tax-manuela-ferreira'>Manuela Ferreira<\/a>, <a href='https:\/\/events.ipv.pt\/uicisa\/en\/tag\/paula-nelas\/' title='Paula Nelas' class='pt-cv-tax-paula-nelas'>Paula Nelas<\/a>, <a href='https:\/\/events.ipv.pt\/uicisa\/en\/category\/projeto\/' title='projeto' class='pt-cv-tax-projeto'>projeto<\/a>, <a href='https:\/\/events.ipv.pt\/uicisa\/en\/tag\/sofia-campos\/' title='Sofia Campos' class='pt-cv-tax-sofia-campos'>Sofia Campos<\/a><\/span><\/div><\/div>\n<div class=\" pt-cv-content-item pt-cv-1-col\" ><h6 class=\"pt-cv-title\"><a href=\"https:\/\/events.ipv.pt\/uicisa\/en\/cernas-ipv-2020-003eisufood-study-about-food-habits-and-knowledge-about-edible-insects-as-sustainable-foods\/\" class=\"_self\" target=\"_self\" >[CERNAS-IPV\/2020\/003] EISuFood  &#8211;  Study  about  food  habits  and  knowledge about edible insects as sustainable foods<\/a><\/h6>\n<div class=\"pt-cv-meta-fields\"><span class=\"terms\"> <a href='https:\/\/events.ipv.pt\/uicisa\/en\/tag\/2020-2022\/' title='[2020 \u2013 2022]' class='pt-cv-tax-2020-2022'>[2020 \u2013 2022]<\/a>, <a href='https:\/\/events.ipv.pt\/uicisa\/en\/tag\/joao-duarte\/' title='Jo\u00e3o Duarte' class='pt-cv-tax-joao-duarte'>Jo\u00e3o Duarte<\/a>, <a href='https:\/\/events.ipv.pt\/uicisa\/en\/tag\/manuela-ferreira\/' title='Manuela Ferreira' class='pt-cv-tax-manuela-ferreira'>Manuela Ferreira<\/a>, <a href='https:\/\/events.ipv.pt\/uicisa\/en\/category\/projeto\/' title='projeto' class='pt-cv-tax-projeto'>projeto<\/a><\/span><\/div><\/div>\n<div class=\" pt-cv-content-item pt-cv-1-col\" ><h6 class=\"pt-cv-title\"><a href=\"https:\/\/events.ipv.pt\/uicisa\/en\/proj-ipv-idi-020appsaude-empoderar-para-melhor-viver\/\" class=\"_self\" target=\"_self\" >[PROJ\/IPV\/ID&#038;I\/020] AppSa\u00fade: Empoderar para melhor viver<\/a><\/h6>\n<div class=\"pt-cv-meta-fields\"><span class=\"terms\"> <a href='https:\/\/events.ipv.pt\/uicisa\/en\/tag\/2020-2022\/' title='[2020 \u2013 2022]' class='pt-cv-tax-2020-2022'>[2020 \u2013 2022]<\/a>, <a href='https:\/\/events.ipv.pt\/uicisa\/en\/tag\/amadeu-goncalves\/' title='Amadeu Gon\u00e7alves' class='pt-cv-tax-amadeu-goncalves'>Amadeu Gon\u00e7alves<\/a>, <a href='https:\/\/events.ipv.pt\/uicisa\/en\/tag\/graca-aparicio\/' title='Gra\u00e7a Apar\u00edcio' class='pt-cv-tax-graca-aparicio'>Gra\u00e7a Apar\u00edcio<\/a>, <a href='https:\/\/events.ipv.pt\/uicisa\/en\/tag\/manuela-ferreira\/' title='Manuela Ferreira' class='pt-cv-tax-manuela-ferreira'>Manuela Ferreira<\/a>, <a href='https:\/\/events.ipv.pt\/uicisa\/en\/tag\/maria-jose-santos\/' title='Maria Jos\u00e9 Santos' class='pt-cv-tax-maria-jose-santos'>Maria Jos\u00e9 Santos<\/a>, <a href='https:\/\/events.ipv.pt\/uicisa\/en\/tag\/marilia-rua\/' title='Mar\u00edlia Rua' class='pt-cv-tax-marilia-rua'>Mar\u00edlia Rua<\/a>, <a href='https:\/\/events.ipv.pt\/uicisa\/en\/tag\/paula-nelas\/' title='Paula Nelas' class='pt-cv-tax-paula-nelas'>Paula Nelas<\/a>, <a href='https:\/\/events.ipv.pt\/uicisa\/en\/category\/projeto\/' title='projeto' class='pt-cv-tax-projeto'>projeto<\/a><\/span><\/div><\/div>\n<div class=\" pt-cv-content-item pt-cv-1-col\" ><h6 class=\"pt-cv-title\"><a href=\"https:\/\/events.ipv.pt\/uicisa\/en\/proj-ipv-idi-013fz-farinha-de-zangao-inovar-no-produto-e-na-protecao-da-colmeia\/\" class=\"_self\" target=\"_self\" >[PROJ\/IPV\/ID&#038;I\/013] FZ \u2013 Farinha de z\u00e2ng\u00e3o: Inovar no produto e na prote\u00e7\u00e3o da colmeia<\/a><\/h6>\n<div class=\"pt-cv-meta-fields\"><span class=\"terms\"> <a href='https:\/\/events.ipv.pt\/uicisa\/en\/tag\/2020-2022\/' title='[2020 \u2013 2022]' class='pt-cv-tax-2020-2022'>[2020 \u2013 2022]<\/a>, <a href='https:\/\/events.ipv.pt\/uicisa\/en\/tag\/graca-aparicio\/' title='Gra\u00e7a Apar\u00edcio' class='pt-cv-tax-graca-aparicio'>Gra\u00e7a Apar\u00edcio<\/a>, <a href='https:\/\/events.ipv.pt\/uicisa\/en\/category\/projeto\/' title='projeto' class='pt-cv-tax-projeto'>projeto<\/a><\/span><\/div><\/div>\n<div class=\" pt-cv-content-item pt-cv-1-col\" ><h6 class=\"pt-cv-title\"><a href=\"https:\/\/events.ipv.pt\/uicisa\/en\/proj-ipv-idi-030jasm-janela-aberta-sobre-o-mundo-linguas-estrangeiras-criatividade-multimodal-e-inovacao-pedagogica-no-ensino-superior\/\" class=\"_self\" target=\"_self\" >[PROJ\/IPV\/ID&#038;I\/030] JASM \u2013 Janela aberta sobre o mundo: L\u00ednguas estrangeiras, criatividade multimodal e inova\u00e7\u00e3o pedag\u00f3gica no ensino superior<\/a><\/h6>\n<div class=\"pt-cv-meta-fields\"><span class=\"terms\"> <a href='https:\/\/events.ipv.pt\/uicisa\/en\/tag\/2020-2022\/' title='[2020 \u2013 2022]' class='pt-cv-tax-2020-2022'>[2020 \u2013 2022]<\/a>, <a href='https:\/\/events.ipv.pt\/uicisa\/en\/tag\/emilia-coutinho\/' title='Em\u00edlia Coutinho' class='pt-cv-tax-emilia-coutinho'>Em\u00edlia Coutinho<\/a>, <a href='https:\/\/events.ipv.pt\/uicisa\/en\/category\/projeto\/' title='projeto' class='pt-cv-tax-projeto'>projeto<\/a><\/span><\/div><\/div>\n<div class=\" pt-cv-content-item pt-cv-1-col\" ><h6 class=\"pt-cv-title\"><a href=\"https:\/\/events.ipv.pt\/uicisa\/en\/maismulheres-agricultoras-em-territorios-do-interior\/\" class=\"_self\" target=\"_self\" >MAIs Mulheres Agricultoras em Territ\u00f3rios do Interior<\/a><\/h6>\n<div class=\"pt-cv-meta-fields\"><span class=\"terms\"> <a href='https:\/\/events.ipv.pt\/uicisa\/en\/tag\/2020-2022\/' title='[2020 \u2013 2022]' class='pt-cv-tax-2020-2022'>[2020 \u2013 2022]<\/a>, <a href='https:\/\/events.ipv.pt\/uicisa\/en\/tag\/emilia-coutinho\/' title='Em\u00edlia Coutinho' class='pt-cv-tax-emilia-coutinho'>Em\u00edlia Coutinho<\/a>, <a href='https:\/\/events.ipv.pt\/uicisa\/en\/category\/projeto\/' title='projeto' class='pt-cv-tax-projeto'>projeto<\/a><\/span><\/div><\/div>\n<div class=\" pt-cv-content-item pt-cv-1-col\" ><h6 class=\"pt-cv-title\"><a href=\"https:\/\/events.ipv.pt\/uicisa\/en\/poci-01-0247-feder-047087ablefit-desenvolvimento-de-um-sistema-avancado-para-reabilitacao\/\" class=\"_self\" target=\"_self\" >[POCI-01-0247-FEDER-047087] ABLEFIT: Desenvolvimento de um Sistema Avan\u00e7ado para Reabilita\u00e7\u00e3o<\/a><\/h6>\n<div class=\"pt-cv-meta-fields\"><span class=\"terms\"> <a href='https:\/\/events.ipv.pt\/uicisa\/en\/tag\/2020-2022\/' title='[2020 \u2013 2022]' class='pt-cv-tax-2020-2022'>[2020 \u2013 2022]<\/a>, <a href='https:\/\/events.ipv.pt\/uicisa\/en\/tag\/carlos-albuquerque\/' title='Carlos Albuquerque' class='pt-cv-tax-carlos-albuquerque'>Carlos Albuquerque<\/a>, <a href='https:\/\/events.ipv.pt\/uicisa\/en\/category\/projeto\/' title='projeto' class='pt-cv-tax-projeto'>projeto<\/a><\/span><\/div><\/div>\n<div class=\" pt-cv-content-item pt-cv-1-col\" ><h6 class=\"pt-cv-title\"><a href=\"https:\/\/events.ipv.pt\/uicisa\/en\/proj-ipv-idi-002sistema-inteligente-de-controlo-de-planos-alimentares-para-doentes-de-alzheimer-e-outras-demencias\/\" class=\"_self\" target=\"_self\" >[PROJ\/IPV\/ID&#038;I\/002] Sistema Inteligente de Controlo de Planos Alimentares para Doentes de Alzheimer e Outras Dem\u00eancias<\/a><\/h6>\n<div class=\"pt-cv-meta-fields\"><span class=\"terms\"> <a href='https:\/\/events.ipv.pt\/uicisa\/en\/tag\/2020-2022\/' title='[2020 \u2013 2022]' class='pt-cv-tax-2020-2022'>[2020 \u2013 2022]<\/a>, <a href='https:\/\/events.ipv.pt\/uicisa\/en\/tag\/carlos-albuquerque\/' title='Carlos Albuquerque' class='pt-cv-tax-carlos-albuquerque'>Carlos Albuquerque<\/a>, <a href='https:\/\/events.ipv.pt\/uicisa\/en\/category\/projeto\/' title='projeto' class='pt-cv-tax-projeto'>projeto<\/a><\/span><\/div><\/div>\n<div class=\" pt-cv-content-item pt-cv-1-col\" ><h6 class=\"pt-cv-title\"><a href=\"https:\/\/events.ipv.pt\/uicisa\/en\/proj-ipv-idi-007sistema-inteligente-de-controlo-de-planos-alimentares-para-o-desporto\/\" class=\"_self\" target=\"_self\" >[PROJ\/IPV\/ID&#038;I\/007] Sistema Inteligente de Controlo de Planos Alimentares para o Desporto<\/a><\/h6>\n<div class=\"pt-cv-meta-fields\"><span class=\"terms\"> <a href='https:\/\/events.ipv.pt\/uicisa\/en\/tag\/2020-2022\/' title='[2020 \u2013 2022]' class='pt-cv-tax-2020-2022'>[2020 \u2013 2022]<\/a>, <a href='https:\/\/events.ipv.pt\/uicisa\/en\/tag\/carlos-albuquerque\/' title='Carlos Albuquerque' class='pt-cv-tax-carlos-albuquerque'>Carlos Albuquerque<\/a>, <a href='https:\/\/events.ipv.pt\/uicisa\/en\/category\/projeto\/' title='projeto' class='pt-cv-tax-projeto'>projeto<\/a><\/span><\/div><\/div>\n<div class=\" pt-cv-content-item pt-cv-1-col\" ><h6 class=\"pt-cv-title\"><a href=\"https:\/\/events.ipv.pt\/uicisa\/en\/proj-ipv-idi-005ipv-with-health-plus-dinamicas-e-estrategias-de-inclusao-para-a-promocao-e-literacia-em-saude-no-ensino-superior\/\" class=\"_self\" target=\"_self\" >[PROJ\/IPV\/ID&#038;I\/005] iPV with Health Plus: Din\u00e2micas e estrat\u00e9gias de inclus\u00e3o para a promo\u00e7\u00e3o e literacia em sa\u00fade no ensino superior<\/a><\/h6>\n<div class=\"pt-cv-meta-fields\"><span class=\"terms\"> <a href='https:\/\/events.ipv.pt\/uicisa\/en\/tag\/2020-2022\/' title='[2020 \u2013 2022]' class='pt-cv-tax-2020-2022'>[2020 \u2013 2022]<\/a>, <a href='https:\/\/events.ipv.pt\/uicisa\/en\/tag\/ana-andrade\/' title='Ana Andrade' class='pt-cv-tax-ana-andrade'>Ana Andrade<\/a>, <a href='https:\/\/events.ipv.pt\/uicisa\/en\/tag\/carlos-albuquerque\/' title='Carlos Albuquerque' class='pt-cv-tax-carlos-albuquerque'>Carlos Albuquerque<\/a>, <a href='https:\/\/events.ipv.pt\/uicisa\/en\/tag\/joao-duarte\/' title='Jo\u00e3o Duarte' class='pt-cv-tax-joao-duarte'>Jo\u00e3o Duarte<\/a>, <a href='https:\/\/events.ipv.pt\/uicisa\/en\/tag\/madalena-cunha\/' title='Madalena Cunha' class='pt-cv-tax-madalena-cunha'>Madalena Cunha<\/a>, <a href='https:\/\/events.ipv.pt\/uicisa\/en\/category\/projeto\/' title='projeto' class='pt-cv-tax-projeto'>projeto<\/a>, <a href='https:\/\/events.ipv.pt\/uicisa\/en\/tag\/rosa-martins\/' title='Rosa Martins' class='pt-cv-tax-rosa-martins'>Rosa Martins<\/a><\/span><\/div><\/div>\n<div class=\" pt-cv-content-item pt-cv-1-col\" ><h6 class=\"pt-cv-title\"><a href=\"https:\/\/events.ipv.pt\/uicisa\/en\/proj-ipv-idi-022-equipes-estudo-de-qualidade-e-inovacao-pedagogica-no-ensino-superior\/\" class=\"_self\" target=\"_self\" >[PROJ\/IPV\/ID&#038;I\/022] EQuIPES &#8211; Estudo de Qualidade e Inova\u00e7\u00e3o Pedag\u00f3gica no Ensino Superior<\/a><\/h6>\n<div class=\"pt-cv-meta-fields\"><span class=\"terms\"> <a href='https:\/\/events.ipv.pt\/uicisa\/en\/tag\/2020-2022\/' title='[2020 \u2013 2022]' class='pt-cv-tax-2020-2022'>[2020 \u2013 2022]<\/a>, <a href='https:\/\/events.ipv.pt\/uicisa\/en\/tag\/ana-andrade\/' title='Ana Andrade' class='pt-cv-tax-ana-andrade'>Ana Andrade<\/a>, <a href='https:\/\/events.ipv.pt\/uicisa\/en\/tag\/carla-cruz\/' title='Carla Cruz' class='pt-cv-tax-carla-cruz'>Carla Cruz<\/a>, <a href='https:\/\/events.ipv.pt\/uicisa\/en\/category\/projeto\/' title='projeto' class='pt-cv-tax-projeto'>projeto<\/a><\/span><\/div><\/div>\n<div class=\" pt-cv-content-item pt-cv-1-col\" ><h6 class=\"pt-cv-title\"><a href=\"https:\/\/events.ipv.pt\/uicisa\/en\/meiosmediacao-intercultural-e-outcomes-em-saude\/\" class=\"_self\" target=\"_self\" >MEiOS Media\u00e7\u00e3o Intercultural e Outcomes em Sa\u00fade<\/a><\/h6>\n<div class=\"pt-cv-meta-fields\"><span class=\"terms\"> <a href='https:\/\/events.ipv.pt\/uicisa\/en\/tag\/2018-2021\/' title='[2018 \u2013 2021]' class='pt-cv-tax-2018-2021'>[2018 \u2013 2021]<\/a>, <a href='https:\/\/events.ipv.pt\/uicisa\/en\/tag\/emilia-coutinho\/' title='Em\u00edlia Coutinho' class='pt-cv-tax-emilia-coutinho'>Em\u00edlia Coutinho<\/a>, <a href='https:\/\/events.ipv.pt\/uicisa\/en\/category\/projeto\/' title='projeto' class='pt-cv-tax-projeto'>projeto<\/a><\/span><\/div><\/div><\/div><\/div><\/div>\t\t\t<style type=\"text\/css\" id=\"pt-cv-inline-style-a4e5523fjp\">\n#pt-cv-view-3850a541w7 .pt-cv-thumb-wrapper:not(.miniwrap) {  }#pt-cv-view-3850a541w7 .pt-cv-thumbnail:not(.pt-cv-thumbnailsm) { height: 250px; }#pt-cv-view-3850a541w7 > .pt-cv-page {grid-template-columns: repeat(4, 1fr);grid-gap: 15px;}\n@media all and (max-width: 1024px) { \n#pt-cv-view-3850a541w7 > .pt-cv-page {grid-template-columns: repeat(1, 1fr);}\n} \n@media all and (max-width: 767px) { \n#pt-cv-view-3850a541w7 > .pt-cv-page {grid-template-columns: repeat(1, 1fr);}\n} <\/style>\r\n\t\t\t\n","protected":false},"excerpt":{"rendered":"","protected":false},"author":1,"featured_media":0,"parent":0,"menu_order":0,"comment_status":"closed","ping_status":"closed","template":"","meta":{"site-sidebar-layout":"default","site-content-layout":"default","ast-site-content-layout":"normal-width-container","site-content-style":"boxed","site-sidebar-style":"default","ast-global-header-display":"","ast-banner-title-visibility":"","ast-main-header-display":"","ast-hfb-above-header-display":"","ast-hfb-below-header-display":"","ast-hfb-mobile-header-display":"","site-post-title":"","ast-breadcrumbs-content":"","ast-featured-img":"","footer-sml-layout":"","ast-disable-related-posts":"","theme-transparent-header-meta":"default","adv-header-id-meta":"","stick-header-meta":"","header-above-stick-meta":"","header-main-stick-meta":"","header-below-stick-meta":"","astra-migrate-meta-layouts":"set","ast-page-background-enabled":"default","ast-page-background-meta":{"desktop":{"background-color":"var(--ast-global-color-4)","background-image":"","background-repeat":"repeat","background-position":"center center","background-size":"auto","background-attachment":"scroll","background-type":"","background-media":"","overlay-type":"","overlay-color":"","overlay-opacity":"","overlay-gradient":""},"tablet":{"background-color":"","background-image":"","background-repeat":"repeat","background-position":"center center","background-size":"auto","background-attachment":"scroll","background-type":"","background-media":"","overlay-type":"","overlay-color":"","overlay-opacity":"","overlay-gradient":""},"mobile":{"background-color":"","background-image":"","background-repeat":"repeat","background-position":"center center","background-size":"auto","background-attachment":"scroll","background-type":"","background-media":"","overlay-type":"","overlay-color":"","overlay-opacity":"","overlay-gradient":""}},"ast-content-background-meta":{"desktop":{"background-color":"var(--ast-global-color-5)","background-image":"","background-repeat":"repeat","background-position":"center center","background-size":"auto","background-attachment":"scroll","background-type":"","background-media":"","overlay-type":"","overlay-color":"","overlay-opacity":"","overlay-gradient":""},"tablet":{"background-color":"var(--ast-global-color-5)","background-image":"","background-repeat":"repeat","background-position":"center center","background-size":"auto","background-attachment":"scroll","background-type":"","background-media":"","overlay-type":"","overlay-color":"","overlay-opacity":"","overlay-gradient":""},"mobile":{"background-color":"var(--ast-global-color-5)","background-image":"","background-repeat":"repeat","background-position":"center center","background-size":"auto","background-attachment":"scroll","background-type":"","background-media":"","overlay-type":"","overlay-color":"","overlay-opacity":"","overlay-gradient":""}},"footnotes":"","_links_to":"","_links_to_target":""},"class_list":["post-197","page","type-page","status-publish","hentry"],"yoast_head":"<!-- This site is optimized with the Yoast SEO plugin v27.4 - https:\/\/yoast.com\/product\/yoast-seo-wordpress\/ -->\r\n<title>PROJETOS &#8902; UICISA<\/title>\r\n<meta name=\"robots\" content=\"index, follow, max-snippet:-1, max-image-preview:large, max-video-preview:-1\" \/>\r\n<link rel=\"canonical\" href=\"https:\/\/events.ipv.pt\/uicisa\/en\/projeto\/\" \/>\r\n<meta property=\"og:locale\" content=\"en_GB\" \/>\r\n<meta property=\"og:type\" content=\"article\" \/>\r\n<meta property=\"og:title\" content=\"PROJETOS &#8902; UICISA\" \/>\r\n<meta property=\"og:url\" content=\"https:\/\/events.ipv.pt\/uicisa\/en\/projeto\/\" \/>\r\n<meta property=\"og:site_name\" content=\"UICISA\" \/>\r\n<meta property=\"article:modified_time\" content=\"2024-07-05T08:30:01+00:00\" \/>\r\n<meta name=\"twitter:card\" content=\"summary_large_image\" \/>\r\n<meta name=\"twitter:label1\" content=\"Estimated reading time\" \/>\n\t<meta name=\"twitter:data1\" content=\"1 minute\" \/>\r\n<script type=\"application\/ld+json\" class=\"yoast-schema-graph\">{\"@context\":\"https:\\\/\\\/schema.org\",\"@graph\":[{\"@type\":\"WebPage\",\"@id\":\"https:\\\/\\\/events.ipv.pt\\\/uicisa\\\/projeto\\\/\",\"url\":\"https:\\\/\\\/events.ipv.pt\\\/uicisa\\\/projeto\\\/\",\"name\":\"PROJETOS &#8902; UICISA\",\"isPartOf\":{\"@id\":\"https:\\\/\\\/events.ipv.pt\\\/uicisa\\\/#website\"},\"datePublished\":\"2022-03-21T09:53:10+00:00\",\"dateModified\":\"2024-07-05T08:30:01+00:00\",\"breadcrumb\":{\"@id\":\"https:\\\/\\\/events.ipv.pt\\\/uicisa\\\/projeto\\\/#breadcrumb\"},\"inLanguage\":\"en-GB\",\"potentialAction\":[{\"@type\":\"ReadAction\",\"target\":[\"https:\\\/\\\/events.ipv.pt\\\/uicisa\\\/projeto\\\/\"]}]},{\"@type\":\"BreadcrumbList\",\"@id\":\"https:\\\/\\\/events.ipv.pt\\\/uicisa\\\/projeto\\\/#breadcrumb\",\"itemListElement\":[{\"@type\":\"ListItem\",\"position\":1,\"name\":\"In\u00edcio\",\"item\":\"https:\\\/\\\/events.ipv.pt\\\/uicisa\\\/\"},{\"@type\":\"ListItem\",\"position\":2,\"name\":\"PROJETOS\"}]},{\"@type\":\"WebSite\",\"@id\":\"https:\\\/\\\/events.ipv.pt\\\/uicisa\\\/#website\",\"url\":\"https:\\\/\\\/events.ipv.pt\\\/uicisa\\\/\",\"name\":\"UICISA\",\"description\":\"UICISA: E_ESEnfC\\\/ESSIPV\",\"publisher\":{\"@id\":\"https:\\\/\\\/events.ipv.pt\\\/uicisa\\\/#organization\"},\"potentialAction\":[{\"@type\":\"SearchAction\",\"target\":{\"@type\":\"EntryPoint\",\"urlTemplate\":\"https:\\\/\\\/events.ipv.pt\\\/uicisa\\\/?s={search_term_string}\"},\"query-input\":{\"@type\":\"PropertyValueSpecification\",\"valueRequired\":true,\"valueName\":\"search_term_string\"}}],\"inLanguage\":\"en-GB\"},{\"@type\":\"Organization\",\"@id\":\"https:\\\/\\\/events.ipv.pt\\\/uicisa\\\/#organization\",\"name\":\"UICISA\",\"url\":\"https:\\\/\\\/events.ipv.pt\\\/uicisa\\\/\",\"logo\":{\"@type\":\"ImageObject\",\"inLanguage\":\"en-GB\",\"@id\":\"https:\\\/\\\/events.ipv.pt\\\/uicisa\\\/#\\\/schema\\\/logo\\\/image\\\/\",\"url\":\"https:\\\/\\\/events.ipv.pt\\\/uicisa\\\/wp-content\\\/uploads\\\/2026\\\/04\\\/cropped-UICISA_lg.png\",\"contentUrl\":\"https:\\\/\\\/events.ipv.pt\\\/uicisa\\\/wp-content\\\/uploads\\\/2026\\\/04\\\/cropped-UICISA_lg.png\",\"width\":831,\"height\":300,\"caption\":\"UICISA\"},\"image\":{\"@id\":\"https:\\\/\\\/events.ipv.pt\\\/uicisa\\\/#\\\/schema\\\/logo\\\/image\\\/\"}}]}<\/script>\r\n<!-- \/ Yoast SEO plugin. -->","yoast_head_json":{"title":"PROJETOS &#8902; UICISA","robots":{"index":"index","follow":"follow","max-snippet":"max-snippet:-1","max-image-preview":"max-image-preview:large","max-video-preview":"max-video-preview:-1"},"canonical":"https:\/\/events.ipv.pt\/uicisa\/en\/projeto\/","og_locale":"en_GB","og_type":"article","og_title":"PROJETOS &#8902; UICISA","og_url":"https:\/\/events.ipv.pt\/uicisa\/en\/projeto\/","og_site_name":"UICISA","article_modified_time":"2024-07-05T08:30:01+00:00","twitter_card":"summary_large_image","twitter_misc":{"Estimated reading time":"1 minute"},"schema":{"@context":"https:\/\/schema.org","@graph":[{"@type":"WebPage","@id":"https:\/\/events.ipv.pt\/uicisa\/projeto\/","url":"https:\/\/events.ipv.pt\/uicisa\/projeto\/","name":"PROJETOS &#8902; UICISA","isPartOf":{"@id":"https:\/\/events.ipv.pt\/uicisa\/#website"},"datePublished":"2022-03-21T09:53:10+00:00","dateModified":"2024-07-05T08:30:01+00:00","breadcrumb":{"@id":"https:\/\/events.ipv.pt\/uicisa\/projeto\/#breadcrumb"},"inLanguage":"en-GB","potentialAction":[{"@type":"ReadAction","target":["https:\/\/events.ipv.pt\/uicisa\/projeto\/"]}]},{"@type":"BreadcrumbList","@id":"https:\/\/events.ipv.pt\/uicisa\/projeto\/#breadcrumb","itemListElement":[{"@type":"ListItem","position":1,"name":"In\u00edcio","item":"https:\/\/events.ipv.pt\/uicisa\/"},{"@type":"ListItem","position":2,"name":"PROJETOS"}]},{"@type":"WebSite","@id":"https:\/\/events.ipv.pt\/uicisa\/#website","url":"https:\/\/events.ipv.pt\/uicisa\/","name":"UICISA","description":"UICISA: E_ESEnfC\/ESSIPV","publisher":{"@id":"https:\/\/events.ipv.pt\/uicisa\/#organization"},"potentialAction":[{"@type":"SearchAction","target":{"@type":"EntryPoint","urlTemplate":"https:\/\/events.ipv.pt\/uicisa\/?s={search_term_string}"},"query-input":{"@type":"PropertyValueSpecification","valueRequired":true,"valueName":"search_term_string"}}],"inLanguage":"en-GB"},{"@type":"Organization","@id":"https:\/\/events.ipv.pt\/uicisa\/#organization","name":"UICISA","url":"https:\/\/events.ipv.pt\/uicisa\/","logo":{"@type":"ImageObject","inLanguage":"en-GB","@id":"https:\/\/events.ipv.pt\/uicisa\/#\/schema\/logo\/image\/","url":"https:\/\/events.ipv.pt\/uicisa\/wp-content\/uploads\/2026\/04\/cropped-UICISA_lg.png","contentUrl":"https:\/\/events.ipv.pt\/uicisa\/wp-content\/uploads\/2026\/04\/cropped-UICISA_lg.png","width":831,"height":300,"caption":"UICISA"},"image":{"@id":"https:\/\/events.ipv.pt\/uicisa\/#\/schema\/logo\/image\/"}}]}},"_links":{"self":[{"href":"https:\/\/events.ipv.pt\/uicisa\/en\/wp-json\/wp\/v2\/pages\/197","targetHints":{"allow":["GET"]}}],"collection":[{"href":"https:\/\/events.ipv.pt\/uicisa\/en\/wp-json\/wp\/v2\/pages"}],"about":[{"href":"https:\/\/events.ipv.pt\/uicisa\/en\/wp-json\/wp\/v2\/types\/page"}],"author":[{"embeddable":true,"href":"https:\/\/events.ipv.pt\/uicisa\/en\/wp-json\/wp\/v2\/users\/1"}],"replies":[{"embeddable":true,"href":"https:\/\/events.ipv.pt\/uicisa\/en\/wp-json\/wp\/v2\/comments?post=197"}],"version-history":[{"count":18,"href":"https:\/\/events.ipv.pt\/uicisa\/en\/wp-json\/wp\/v2\/pages\/197\/revisions"}],"predecessor-version":[{"id":1174,"href":"https:\/\/events.ipv.pt\/uicisa\/en\/wp-json\/wp\/v2\/pages\/197\/revisions\/1174"}],"wp:attachment":[{"href":"https:\/\/events.ipv.pt\/uicisa\/en\/wp-json\/wp\/v2\/media?parent=197"}],"curies":[{"name":"wp","href":"https:\/\/api.w.org\/{rel}","templated":true}]}}