{"id":261,"date":"2024-10-15T14:23:36","date_gmt":"2024-10-15T14:23:36","guid":{"rendered":"http:\/\/127.0.0.1\/rie\/?page_id=261"},"modified":"2026-04-10T08:06:07","modified_gmt":"2026-04-10T08:06:07","slug":"committees","status":"publish","type":"page","link":"https:\/\/events.ipv.pt\/rie\/pt\/committees\/","title":{"rendered":"comiss\u00f5es"},"content":{"rendered":"<div class=\"panel1\" style=\"--color:#303731;\">\n<img decoding=\"async\" src=\"\/rie\/wp-content\/uploads\/2026\/02\/lg_RIE_comittees_br.png\" alt=\"RIE Logo\" \/><\/p>\n<h5 class=\"fBranco fCenter\">[in person] <span class=\"fLaranja\">25<sup>th<\/sup><\/span> and <span class=\"fLaranja\">26<sup>th<\/sup> June<\/span> 2026<\/h5>\n<h6 class=\"fBranco fCenter\">Aula Magna Professor Jo\u00e3o Pedro Antas de Barros<br \/>\nof the Polytechnic Institute of Viseu, Portugal<\/h6>\n<div class=\"ast-container gridCenterGap10\">\n    <a class=\"btAmarelo\" href=\"\/rie\/#registration\">registration<\/a> <a class=\"btLaranja\" href=\"https:\/\/events.ipv.pt\/ojs\" target=\"_blank\">call for papers<\/a>\n  <\/div>\n<\/div>\n<div class=\"panel1 non-sticky\" id=\"committees\" style=\"--color:#FBBE68;\">\n<h2><span style=\"border-top: 1px solid var(--dark);\">Committees<\/span><\/h2>\n<div class=\"ast-container gridCenter\" style=\"padding-top: 50px;\">\n<div>\n<h3>Honorary Committee<\/h3>\n<h6>Jos\u00e9 dos Santos Costa<br \/>\n<span class=\"fCz FS07\">President of the Polytechnic University of Viseu<\/span><\/h6>\n<h6>Joaquim Manuel Fernandes Brigas<br \/>\n<span class=\"fCz FS07\">President of the Polytechnic Institute of Guarda<\/span><\/h6>\n<h6>Carlos Manuel da Silva Rabad\u00e3o<br \/>\n<span class=\"fCz FS07\">President of the Polytechnic Institute of Leiria<\/span><\/h6>\n<h6>Ant\u00f3nio Jos\u00e9 da Cruz Belo<br \/>\n<span class=\"fCz FS07\">President of the Polytechnic Institute of Lisboa<\/span><\/h6>\n<h6>Jose Maria Fernandez Batanero<br \/>\n<span class=\"fCz FS07\">CI&#038;DEI\u2019s External Advisory Board<br \/>\nUniversity of Seville [Spain]<\/span><\/h6>\n<h6>Rui Manuel Marques<br \/>\n<span class=\"fCz FS07\">CI&#038;DEI\u2019s External Advisory Board<br \/>\nInstitute Padre Ant\u00f3nio Vieira [Portugal]<\/span><\/h6>\n<h6>Joe O\u2019Hara<br \/>\n<span class=\"fCz FS07\">CI&#038;DEI\u2019s External Advisory Board<br \/>\nDublin City University [Ireland]<\/span><\/h6>\n<h6>Margarida Gaspar de Matos<br \/>\n<span class=\"fCz FS07\">CI&#038;DEI\u2019s External Advisory Board<br \/>\nUniversity of Lisbon [Portugal]<\/span><\/h6>\n<h6>Petra Grell<br \/>\n<span class=\"fCz FS07\">CI&#038;DEI\u2019s External Advisory Board<br \/>\nTechnische Universit\u00e4t Darmstadt [Germany]<\/span><\/h6>\n<h6>Jorge Arroteia<br \/>\n<span class=\"fCz FS07\">CI&#038;DEI\u2019s External Advisory Board<br \/>\nUniversity of Aveiro [Portugal]<\/span><\/h6>\n<h6>Carlos Alberto Vilar Est\u00eav\u00e3o<br \/>\n<span class=\"fCz FS07\">CI&#038;DEI\u2019s External Advisory Board<br \/>\nUniversity of Minho [Portugal]<\/span><\/h6>\n<\/div>\n<div>\n<h3>Organising Committee<\/h3>\n<h6>Antonino Pereira<br \/>\n<span class=\"fCz FS07\">Scientific Coordinator of the Main Management Institution of CI&#038;DEI<br \/>\nPolytechnic University of Viseu<\/span><\/h6>\n<h6>Pedro Tadeu<br \/>\n<span class=\"fCz FS07\">Scientific Coordinator of the Management Institution of CI&#038;DEI<br \/>\nPolytechnic Institute of Guarda<\/span><\/h6>\n<h6>Sandrina Milhano<br \/>\n<span class=\"fCz FS07\">Scientific Coordinator of the Management Institution of CI&#038;DEI<br \/>\nPolytechnic Institute of Leiria<\/span><\/h6>\n<h6>Tiago Almeida<br \/>\n<span class=\"fCz FS07\">Scientific Coordinator of the Management Institution of CI&#038;DEI<br \/>\nPolytechnic Institute of Lisboa<\/span><\/h6>\n<h6>C\u00e1tia Magalh\u00e3es<br \/>\n<span class=\"fCz FS07\">Coordinator of the CI&#038;DEI Research Line Health Education and Quality of Life<br \/>\nPolytechnic University of Viseu<\/span><\/h6>\n<h6>Cristiana Madureira<br \/>\n<span class=\"fCz FS07\">Coordinator of the CI&#038;DEI Research Line Education, Citizenship and Inclusion<br \/>\nPolytechnic Institute of Leiria<\/span><\/h6>\n<h6>Salom\u00e9 Morais<br \/>\n<span class=\"fCz FS07\">Coordinator of the CI&#038;DEI Research Line ICT and Multimedia in Education<br \/>\nPolytechnic University of Viseu<\/span><\/h6>\n<h6>Susana Amante<br \/>\n<span class=\"fCz FS07\">Coordinator of the CI&#038;DEI Research Line Educational Policies, Didactics and Teacher Education<br \/>\nPolytechnic University of Viseu<\/span><\/h6>\n<h6>Susana Ambr\u00f3sio<br \/>\n<span class=\"fCz FS07\">CI&#038;DEI Researcher<br \/>\nPolytechnic University of Viseu<\/span><\/h6>\n<h6>Renato de Carvalho<br \/>\n<span class=\"fCz FS07\">Science Manager<br \/>\nPolytechnic University of Viseu<\/span><\/h6>\n<h6>Cristina Lima<br \/>\n<span class=\"fCz FS07\">Science Manager<br \/>\nPolytechnic University of Viseu<\/span><\/h6>\n<\/div>\n<\/div>\n<h3 style=\"padding-top: 50px;\">Scientific Committee<\/h3>\n<div class=\"ast-container gridCenter\" style=\"padding-top: 50px;\">\n<div>\n<h6>Abel Aur\u00e9lio Abreu Figueiredo<br \/>\n<span class=\"fCz FS07\">Polytechnic University of Viseu, Portugal<\/span><\/h6>\n<h6>Adri\u00e1n Mateo Orcajada<br \/>\n<span class=\"fCz FS07\">University of Murcia, Spain<\/span><\/h6>\n<h6>Alejandro Leiva Arcas<br \/>\n<span class=\"fCz FS07\">UCAM \u2013 Catholic University of Murcia, Spain<\/span><\/h6>\n<h6>Almerindo Janela Afonso<br \/>\n<span class=\"fCz FS07\">University of Minho, Portugal<\/span><\/h6>\n<h6>Ana Cristina Batalha Bernardo Gama<br \/>\n<span class=\"fCz FS07\">Polytechnic Institute of Lisboa, Portugal<\/span><\/h6>\n<h6>Ana Isabel Pereira Pinheiro da Silva<br \/>\n<span class=\"fCz FS07\">Polytechnic University of Viseu, Portugal<\/span><\/h6>\n<h6>Ana Margarida Fernandes de Oliveira<br \/>\n<span class=\"fCz FS07\">Polytechnic Institute of Leiria, Portugal<\/span><\/h6>\n<h6>Ana Paula Pereira de Oliveira Cardoso<br \/>\n<span class=\"fCz FS07\">Polytechnic University of Viseu, Portugal<\/span><\/h6>\n<h6>Anabela Oliveira da Silva Fragata<br \/>\n<span class=\"fCz FS07\">Polytechnic University of Viseu, Portugal<\/span><\/h6>\n<h6>Andrea Karla Ferreira Nunes<br \/>\n<span class=\"fCz FS07\">Tiradentes University (UNIT), Brazil<\/span><\/h6>\n<h6>Antonino Manuel de Almeida Pereira<br \/>\n<span class=\"fCz FS07\">Polytechnic University of Viseu, Portugal<\/span><\/h6>\n<h6>Ant\u00f3nio Luque de La Rosa<br \/>\n<span class=\"fCz FS07\">University of Almer\u00eda, Spain<\/span><\/h6>\n<h6>Ant\u00f3nio Manuel Tavares Azevedo<br \/>\n<span class=\"fCz FS07\">Polytechnic University of Viseu, Portugal<\/span><\/h6>\n<h6>Antonio S\u00e1nchez Pato<br \/>\n<span class=\"fCz FS07\">University of A Coru\u00f1a, Spain<\/span><\/h6>\n<h6>Bianor Ant\u00f3nia da Cruz Valente<br \/>\n<span class=\"fCz FS07\">Polytechnic Institute of Lisboa, Portugal<\/span><\/h6>\n<h6>Carla Cristina Vieira Louren\u00e7o<br \/>\n<span class=\"fCz FS07\">Polytechnic University of Viseu, Portugal<\/span><\/h6>\n<h6>Carlos Eduardo Gon\u00e7alves da Costa Vasconcelos<br \/>\n<span class=\"fCz FS07\">Polytechnic University of Viseu, Portugal<\/span><\/h6>\n<h6>Carlos Jorge Gon\u00e7alves Brigas<br \/>\n<span class=\"fCz FS07\">Polytechnic Institute of Guarda, Portugal<\/span><\/h6>\n<h6>Carlos Miguel Nunes da Luz<br \/>\n<span class=\"fCz FS07\">Polytechnic Institute of Lisboa, Portugal<\/span><\/h6>\n<h6>Carmen Parvu<br \/>\n<span class=\"fCz FS07\">Dun\u0103rea de Jos University of Gala\u021bi, Faculty of Education Sciences, Romania<\/span><\/h6>\n<h6>Catarina Antonieta Martins Carneiro de Sousa<br \/>\n<span class=\"fCz FS07\">Polytechnic University of Viseu, Portugal<\/span><\/h6>\n<h6>Catarina Liane Teixeira de Castro Ara\u00fajo<br \/>\n<span class=\"fCz FS07\">Polytechnic University of Viseu, Portugal<\/span><\/h6>\n<h6>C\u00e1tia Clara \u00c1vila Magalh\u00e3es<br \/>\n<span class=\"fCz FS07\">Polytechnic University of Viseu, Portugal<\/span><\/h6>\n<h6>C\u00e9lia dos Prazeres Ribeiro<br \/>\n<span class=\"fCz FS07\">Portuguese Catholic University, Portugal<\/span><\/h6>\n<h6>Cl\u00e1udia Margarida Correia Balula Chaves<br \/>\n<span class=\"fCz FS07\">Polytechnic University of Viseu, Portugal<\/span><\/h6>\n<h6>Cristiana Madureira<br \/>\n<span class=\"fCz FS07\">Polytechnic Institute of Leiria, Portugal<\/span><\/h6>\n<h6>Cristina Barroso Cruz<br \/>\n<span class=\"fCz FS07\">Polytechnic Institute of Lisboa, Portugal<\/span><\/h6>\n<h6>Daniela Bobocea<br \/>\n<span class=\"fCz FS07\">Dun\u0103rea de Jos University of Gala\u021bi, Faculty of Education Sciences, Romania<\/span><\/h6>\n<h6>Didiana Margarida Fachada Lopes Fernandes<br \/>\n<span class=\"fCz FS07\">Polytechnic University of Viseu, Portugal<\/span><\/h6>\n<h6>Dulce Helena Morgado Raimundo Mel\u00e3o<br \/>\n<span class=\"fCz FS07\">Polytechnic University of Viseu, Portugal<\/span><\/h6>\n<h6>Edgar Correia Campos<br \/>\n<span class=\"fCz FS07\">Polytechnic University of Viseu, Portugal<\/span><\/h6>\n<h6>Eloy Jos\u00e9 L\u00f3pez Meneses<br \/>\n<span class=\"fCz FS07\">Pablo de Olavide University, Spain<\/span><\/h6>\n<h6>Elsa Maria Gabriel Morgado<br \/>\n<span class=\"fCz FS07\">Polytechnic Institute of Bragan\u00e7a, Portugal<\/span><\/h6>\n<h6>Elisabete Batoco Constante de Brito<br \/>\n<span class=\"fCz FS07\">Polytechnic Institute of Guarda, Portugal<\/span><\/h6>\n<h6>Emmanuele Isidori<br \/>\n<span class=\"fCz FS07\">University of Rome \u201cForo Italico\u201d, Italy<\/span><\/h6>\n<h6>Em\u00edlia da Concei\u00e7\u00e3o Figueiredo Martins<br \/>\n<span class=\"fCz FS07\">Polytechnic University of Viseu, Portugal<\/span><\/h6>\n<h6>Esperan\u00e7a do Ros\u00e1rio Jales Ribeiro<br \/>\n<span class=\"fCz FS07\">Polytechnic University of Viseu, Portugal<\/span><\/h6>\n<h6>F\u00e1tima Susana Mota Roboredo Amante<br \/>\n<span class=\"fCz FS07\">Polytechnic University of Viseu, Portugal<\/span><\/h6>\n<h6>Filipe Alexandre da Silva Santos<br \/>\n<span class=\"fCz FS07\">Polytechnic Institute of Leiria, Portugal<\/span><\/h6>\n<h6>Filomena Antunes Sobral<br \/>\n<span class=\"fCz FS07\">Polytechnic University of Viseu, Portugal<\/span><\/h6>\n<h6>Francisco Emiliano Dias Mendes<br \/>\n<span class=\"fCz FS07\">Polytechnic University of Viseu, Portugal<\/span><\/h6>\n<h6>Gabriele Russo<br \/>\n<span class=\"fCz FS07\">University of Tuscia, Italy<\/span><\/h6>\n<h6>Geert Thyssen<br \/>\n<span class=\"fCz FS07\">Western Norway University, Norway<\/span><\/h6>\n<h6>Gul Calay Dalgar<br \/>\n<span class=\"fCz FS07\">Burdur Mehmet Akif Ersoy University, Turkey<\/span><\/h6>\n<h6>H\u00e9lia Gon\u00e7alves Pinto<br \/>\n<span class=\"fCz FS07\">Polytechnic Institute of Leiria, Portugal<\/span><\/h6>\n<h6>Henrique Manuel Pereira Ramalho<br \/>\n<span class=\"fCz FS07\">Polytechnic University of Viseu, Portugal<\/span><\/h6>\n<h6>Hugo Alexandre Lopes Menino<br \/>\n<span class=\"fCz FS07\">Polytechnic Institute of Leiria, Portugal<\/span><\/h6>\n<h6>Igor Shiyan<br \/>\n<span class=\"fCz FS07\">WiseHart, England<\/span><\/h6>\n<h6>Inmaculada Garc\u00eda-Mart\u00ednez<br \/>\n<span class=\"fCz FS07\">University of Granada, Spain<\/span><\/h6>\n<h6>Isabel Cristina Pereira Vieira<br \/>\n<span class=\"fCz FS07\">Polytechnic University of Viseu, Portugal<\/span><\/h6>\n<\/div>\n<div>\n<h6>Joana Martins Mota<br \/>\n<span class=\"fCz FS07\">Polytechnic University of Viseu, Portugal<\/span><\/h6>\n<h6>Joana Rita Silva Fialho<br \/>\n<span class=\"fCz FS07\">Polytechnic University of Viseu, Portugal<\/span><\/h6>\n<h6>Jo\u00e3o Paulo Rodrigues Balula<br \/>\n<span class=\"fCz FS07\">Polytechnic University of Viseu, Portugal<\/span><\/h6>\n<h6>Jos\u00e9 Ant\u00f3nio Ferreira Pinto Sargento<br \/>\n<span class=\"fCz FS07\">Polytechnic University of Viseu, Portugal<\/span><\/h6>\n<h6>Jos\u00e9 Cezinaldo Rocha Bessa<br \/>\n<span class=\"fCz FS07\">State University of Rio Grande do Norte, Brazil<\/span><\/h6>\n<h6>Jos\u00e9 Fern\u00e1ndez Cerero<br \/>\n<span class=\"fCz FS07\">University of Seville, Spain<\/span><\/h6>\n<h6>Jos\u00e9 Juan Carrion Martinez<br \/>\n<span class=\"fCz FS07\">University of Almer\u00eda, Spain<\/span><\/h6>\n<h6>Jos\u00e9 Lu\u00eds Ubago<br \/>\n<span class=\"fCz FS07\">University of Granada, Spain<\/span><\/h6>\n<h6>Jos\u00e9 Manuel Aguilar Parra<br \/>\n<span class=\"fCz FS07\">University of Almer\u00eda, Spain<\/span><\/h6>\n<h6>Jos\u00e9 Manuel de Almeida Pereira<br \/>\n<span class=\"fCz FS07\">Polytechnic University of Viseu, Portugal<\/span><\/h6>\n<h6>Kentaro Tai<br \/>\n<span class=\"fCz FS07\">Gunma University, Japan<\/span><\/h6>\n<h6>Laurence Vohlgemuth<br \/>\n<span class=\"fCz FS07\">Polytechnic Institute of Lisboa, Portugal<\/span><\/h6>\n<h6>Lina Maria Amador Brunheira Assun\u00e7\u00e3o<br \/>\n<span class=\"fCz FS07\">Polytechnic Institute of Leiria, Portugal<\/span><\/h6>\n<h6>L\u00facia Grave Magueta<br \/>\n<span class=\"fCz FS07\">Polytechnic Institute of Leiria, Portugal<\/span><\/h6>\n<h6>Lu\u00eds Miguel Gon\u00e7alves de Oliveira<br \/>\n<span class=\"fCz FS07\">Polytechnic Institute of Leiria, Portugal<\/span><\/h6>\n<h6>Magdalena Sikorska<br \/>\n<span class=\"fCz FS07\">EUNICE European University<\/span><\/h6>\n<h6>Marcos Ant\u00f3nio da Silva<br \/>\n<span class=\"fCz FS07\">State University of Rio Grande do Norte, Brazil<\/span><\/h6>\n<h6>Marco Braga<br \/>\n<span class=\"fCz FS07\">CEFET\/RJ, Brazil<\/span><\/h6>\n<h6>Margarida Maria Amaro Teixeira Rodrigues<br \/>\n<span class=\"fCz FS07\">Polytechnic Institute of Lisboa, Portugal<\/span><\/h6>\n<h6>Maria Clarisse Alexandrino Nunes<br \/>\n<span class=\"fCz FS07\">Polytechnic Institute of Lisboa, Portugal<\/span><\/h6>\n<h6>Maria Cristina Azevedo Gomes<br \/>\n<span class=\"fCz FS07\">Polytechnic University of Viseu, Portugal<\/span><\/h6>\n<h6>Maria Cristina Marques Ferreira Sim\u00f5es<br \/>\n<span class=\"fCz FS07\">Tondela C\u00e2ndido de Figueiredo School Cluster, Portugal<\/span><\/h6>\n<h6>Maria de Lurdes Correia Martins<br \/>\n<span class=\"fCz FS07\">Polytechnic University of Viseu, Portugal<\/span><\/h6>\n<h6>Maria Eduarda Rev\u00e9s Roque Cunha Ferreira<br \/>\n<span class=\"fCz FS07\">Polytechnic Institute of Guarda, Portugal<\/span><\/h6>\n<h6>Maria Ione da Silva<br \/>\n<span class=\"fCz FS07\">State University of Rio Grande do Norte, Brazil<\/span><\/h6>\n<h6>Maria Joana de Carvalho Catela Teixeira<br \/>\n<span class=\"fCz FS07\">Polytechnic Institute of Leiria, Portugal<\/span><\/h6>\n<h6>Maria Jo\u00e3o de Jesus Duarte Silva<br \/>\n<span class=\"fCz FS07\">Polytechnic Institute of Lisboa, Portugal<\/span><\/h6>\n<h6>Maria Jo\u00e3o dos Santos Amante Rodrigues Sebasti\u00e3o<br \/>\n<span class=\"fCz FS07\">Polytechnic University of Viseu, Portugal<\/span><\/h6>\n<h6>Maria Jo\u00e3o Sousa Pinto dos Santos<br \/>\n<span class=\"fCz FS07\">Polytechnic Institute of Leiria, Portugal<\/span><\/h6>\n<h6>Maria Jos\u00e9 Nascimento Silva Gamboa<br \/>\n<span class=\"fCz FS07\">Polytechnic Institute of Leiria, Portugal<\/span><\/h6>\n<h6>Maria Pacheco Figueiredo<br \/>\n<span class=\"fCz FS07\">Polytechnic University of Viseu, Portugal<\/span><\/h6>\n<h6>Marilena Rosalen<br \/>\n<span class=\"fCz FS07\">Federal University of S\u00e3o Paulo, Brazil<\/span><\/h6>\n<h6>Mar\u00edlia Jo\u00e3o Pinheiro Martins de Castro<br \/>\n<span class=\"fCz FS07\">Polytechnic Institute of Bragan\u00e7a, Portugal<\/span><\/h6>\n<h6>Mario Dem\u00f3filo Albaladejo Saura<br \/>\n<span class=\"fCz FS07\">Catholic University San Antonio of Murcia, Spain<\/span><\/h6>\n<h6>Mario Vich\u00e9 Gonzalez<br \/>\n<span class=\"fCz FS07\">University of Valencia, Spain<\/span><\/h6>\n<h6>Marisa Maia Machado<br \/>\n<span class=\"fCz FS07\">University of Aveiro, Portugal<\/span><\/h6>\n<h6>Marta Montenegro Rueda<br \/>\n<span class=\"fCz FS07\">University of Granada, Spain<\/span><\/h6>\n<h6>Mehmet Kaya<br \/>\n<span class=\"fCz FS07\">Sakarya University, Turkey<\/span><\/h6>\n<h6>Mustafa Guler<br \/>\n<span class=\"fCz FS07\">Trabzon University, Turkey<\/span><\/h6>\n<\/div>\n<div>\n<h6>Nat\u00e1lia Fernandes Gomes<br \/>\n<span class=\"fCz FS07\">Polytechnic Institute of Guarda, Portugal<\/span><\/h6>\n<h6>Nicole Gaspar Duarte<br \/>\n<span class=\"fCz FS07\">Polytechnic Institute of Leiria, Portugal<\/span><\/h6>\n<h6>N\u00eddia Salom\u00e9 Nina de Morais<br \/>\n<span class=\"fCz FS07\">Polytechnic University of Viseu, Portugal<\/span><\/h6>\n<h6>Nuno Alexandre Martins Ferreira<br \/>\n<span class=\"fCz FS07\">Polytechnic Institute of Lisboa, Portugal<\/span><\/h6>\n<h6>Olga Shyian<br \/>\n<span class=\"fCz FS07\">WiseHart, England<\/span><\/h6>\n<h6>Paula Freitas Rebelo da Fonseca<br \/>\n<span class=\"fCz FS07\">Polytechnic University of Viseu, Portugal<\/span><\/h6>\n<h6>Paulo Alexandre Mendes Ribeiro Eira<br \/>\n<span class=\"fCz FS07\">Polytechnic University of Viseu, Portugal<\/span><\/h6>\n<h6>Paulo Jos\u00e9 Severino Maur\u00edcio<br \/>\n<span class=\"fCz FS07\">Polytechnic Institute of Lisboa, Portugal<\/span><\/h6>\n<h6>Pedro Jos\u00e9 Arrifano Tadeu<br \/>\n<span class=\"fCz FS07\">Polytechnic Institute of Guarda, Portugal<\/span><\/h6>\n<h6>Pedro Roman Gravan<br \/>\n<span class=\"fCz FS07\">Universidade de Sevilha, Spain, Portugal<\/span><\/h6>\n<h6>Roberta Piazza<br \/>\n<span class=\"fCz FS07\">University of Catania, Italy<\/span><\/h6>\n<h6>Romain Gillain Mu\u00f1oz<br \/>\n<span class=\"fCz FS07\">Polytechnic Institute of Leiria, Portugal<\/span><\/h6>\n<h6>Rosa Branca Cameira Tracana Pereira<br \/>\n<span class=\"fCz FS07\">Polytechnic Institute of Guarda, Portugal<\/span><\/h6>\n<h6>Rosina In\u00eas Ribeiro de S\u00e1 Fernandes<br \/>\n<span class=\"fCz FS07\">Polytechnic University of Viseu, Portugal<\/span><\/h6>\n<h6>Sandra Maria Gouveia Antunes<br \/>\n<span class=\"fCz FS07\">Polytechnic University of Viseu, Portugal<\/span><\/h6>\n<h6>Sandrina Diniz Fernandes Milhano<br \/>\n<span class=\"fCz FS07\">Polytechnic Institute of Leiria, Portugal<\/span><\/h6>\n<h6>Santiago Alonso Garc\u00eda<br \/>\n<span class=\"fCz FS07\">University of Granada, Spain<\/span><\/h6>\n<h6>Sara Maria Alexandre e Silva Felizardo<br \/>\n<span class=\"fCz FS07\">Polytechnic University of Viseu, Portugal<\/span><\/h6>\n<h6>Sara M\u00f3nico Lopes<br \/>\n<span class=\"fCz FS07\">Polytechnic Institute of Leiria, Portugal<\/span><\/h6>\n<h6>Serhat Arslan<br \/>\n<span class=\"fCz FS07\">Gazi University, Turkey<\/span><\/h6>\n<h6>Simona Marin<br \/>\n<span class=\"fCz FS07\">Dun\u0103rea de Jos University of Gala\u021bi, Faculty of Education Sciences, Romania<\/span><\/h6>\n<h6>Simone Cabral Marinho dos Santos<br \/>\n<span class=\"fCz FS07\">State University of Rio Grande do Norte, Brazil<\/span><\/h6>\n<h6>S\u00f3nia de Almeida Ferreira<br \/>\n<span class=\"fCz FS07\">Polytechnic University of Viseu, Portugal<\/span><\/h6>\n<h6>Stelakis Nektarios<br \/>\n<span class=\"fCz FS07\">University of Patras, Greece<\/span><\/h6>\n<h6>Susana Barros da Fonseca<br \/>\n<span class=\"fCz FS07\">Polytechnic University of Viseu, Portugal<\/span><\/h6>\n<h6>Susana Isabel Janeiro Ambr\u00f3sio<br \/>\n<span class=\"fCz FS07\">Polytechnic University of Viseu, Portugal<\/span><\/h6>\n<h6>Susana Cristina Santos Fidalgo Fonseca Moura Lopes<br \/>\n<span class=\"fCz FS07\">Polytechnic University of Viseu, Portugal<\/span><\/h6>\n<h6>Susana Maria Salgueiro Rebelo da Fonseca<br \/>\n<span class=\"fCz FS07\">Polytechnic University of Viseu, Portugal<\/span><\/h6>\n<h6>Tadeu Ferreira de Sousa Celestino Celestino<br \/>\n<span class=\"fCz FS07\">Ministry of Education<\/span><\/h6>\n<h6>Teresa Sofia de Almeida Gouveia<br \/>\n<span class=\"fCz FS07\">Polytechnic University of Viseu, Portugal<\/span><\/h6>\n<h6>Tiago Almeida<br \/>\n<span class=\"fCz FS07\">Polytechnic Institute of Lisboa, Portugal<\/span><\/h6>\n<h6>Tiago Bruno Correia Tempera<br \/>\n<span class=\"fCz FS07\">Polytechnic Institute of Lisboa, Portugal<\/span><\/h6>\n<h6>V\u00e9ronique Delplancq<br \/>\n<span class=\"fCz FS07\">Polytechnic University of Viseu, Portugal<\/span><\/h6>\n<h6>Yuxiong Zhang<br \/>\n<span class=\"fCz FS07\">Polytechnic Institute of Leiria, Portugal<\/span><\/h6>\n<\/div>\n<p><!--\n\n<div>\n\n\n<h3>International<\/h3>\n\n\n<\/div>\n\n--><\/p>\n<\/div>\n<\/div>\n<\/div>\n","protected":false},"excerpt":{"rendered":"<p>[in person] 25th and 26th June 2026 Aula Magna Professor Jo\u00e3o Pedro Antas de Barros of the Polytechnic Institute of [&hellip;]<\/p>\n","protected":false},"author":1,"featured_media":0,"parent":0,"menu_order":0,"comment_status":"closed","ping_status":"closed","template":"","meta":{"site-sidebar-layout":"default","site-content-layout":"","ast-site-content-layout":"default","site-content-style":"default","site-sidebar-style":"default","ast-global-header-display":"","ast-banner-title-visibility":"","ast-main-header-display":"","ast-hfb-above-header-display":"","ast-hfb-below-header-display":"","ast-hfb-mobile-header-display":"","site-post-title":"disabled","ast-breadcrumbs-content":"","ast-featured-img":"","footer-sml-layout":"","ast-disable-related-posts":"","theme-transparent-header-meta":"default","adv-header-id-meta":"","stick-header-meta":"","header-above-stick-meta":"","header-main-stick-meta":"","header-below-stick-meta":"","astra-migrate-meta-layouts":"set","ast-page-background-enabled":"default","ast-page-background-meta":{"desktop":{"background-color":"var(--ast-global-color-4)","background-image":"","background-repeat":"repeat","background-position":"center center","background-size":"auto","background-attachment":"scroll","background-type":"","background-media":"","overlay-type":"","overlay-color":"","overlay-opacity":"","overlay-gradient":""},"tablet":{"background-color":"","background-image":"","background-repeat":"repeat","background-position":"center center","background-size":"auto","background-attachment":"scroll","background-type":"","background-media":"","overlay-type":"","overlay-color":"","overlay-opacity":"","overlay-gradient":""},"mobile":{"background-color":"","background-image":"","background-repeat":"repeat","background-position":"center center","background-size":"auto","background-attachment":"scroll","background-type":"","background-media":"","overlay-type":"","overlay-color":"","overlay-opacity":"","overlay-gradient":""}},"ast-content-background-meta":{"desktop":{"background-color":"var(--ast-global-color-5)","background-image":"","background-repeat":"repeat","background-position":"center center","background-size":"auto","background-attachment":"scroll","background-type":"","background-media":"","overlay-type":"","overlay-color":"","overlay-opacity":"","overlay-gradient":""},"tablet":{"background-color":"var(--ast-global-color-5)","background-image":"","background-repeat":"repeat","background-position":"center center","background-size":"auto","background-attachment":"scroll","background-type":"","background-media":"","overlay-type":"","overlay-color":"","overlay-opacity":"","overlay-gradient":""},"mobile":{"background-color":"var(--ast-global-color-5)","background-image":"","background-repeat":"repeat","background-position":"center center","background-size":"auto","background-attachment":"scroll","background-type":"","background-media":"","overlay-type":"","overlay-color":"","overlay-opacity":"","overlay-gradient":""}},"footnotes":""},"class_list":["post-261","page","type-page","status-publish","hentry"],"_links":{"self":[{"href":"https:\/\/events.ipv.pt\/rie\/pt\/wp-json\/wp\/v2\/pages\/261","targetHints":{"allow":["GET"]}}],"collection":[{"href":"https:\/\/events.ipv.pt\/rie\/pt\/wp-json\/wp\/v2\/pages"}],"about":[{"href":"https:\/\/events.ipv.pt\/rie\/pt\/wp-json\/wp\/v2\/types\/page"}],"author":[{"embeddable":true,"href":"https:\/\/events.ipv.pt\/rie\/pt\/wp-json\/wp\/v2\/users\/1"}],"replies":[{"embeddable":true,"href":"https:\/\/events.ipv.pt\/rie\/pt\/wp-json\/wp\/v2\/comments?post=261"}],"version-history":[{"count":53,"href":"https:\/\/events.ipv.pt\/rie\/pt\/wp-json\/wp\/v2\/pages\/261\/revisions"}],"predecessor-version":[{"id":946,"href":"https:\/\/events.ipv.pt\/rie\/pt\/wp-json\/wp\/v2\/pages\/261\/revisions\/946"}],"wp:attachment":[{"href":"https:\/\/events.ipv.pt\/rie\/pt\/wp-json\/wp\/v2\/media?parent=261"}],"curies":[{"name":"wp","href":"https:\/\/api.w.org\/{rel}","templated":true}]}}