{"id":695,"date":"2023-12-21T10:36:29","date_gmt":"2023-12-21T10:36:29","guid":{"rendered":"http:\/\/localhost\/mais\/?page_id=695"},"modified":"2023-12-21T10:44:06","modified_gmt":"2023-12-21T10:44:06","slug":"producao-cientifica","status":"publish","type":"page","link":"https:\/\/events.ipv.pt\/mais\/producao-cientifica\/","title":{"rendered":"PRODU\u00c7\u00c3O CIENT\u00cdFICA"},"content":{"rendered":"<div class=\"parallaxHome\">\n<div class=\"contBox cCCenter\" style=\"padding-top: 150px;\">\n<div data-aos=\"slide-up\" data-aos-duration=\"600\" style=\"background-color: rgba(255,255,255,0.95);\">\n<div class=\"ast-container\" style=\"padding-top: 100px; padding-bottom: 100px;\">\n<h1 style=\"text-align:center;\">PRODU\u00c7\u00c3O CIENT\u00cdFICA<\/h1>\n<h3 style=\"padding-top: 50px;\">Artigos<\/h3>\n<p><a href=\"http:\/\/localhost\/mais\/wp-content\/uploads\/2023\/12\/anexo-4-Women-in-family-farming_-Evidence-from-a-qualitative-study-in-two-Portuguese-inner-regions.pdf\" rel=\"noopener\" target=\"_blank\"><strong>Mulheres na agricultura familiar: Evid\u00eancias de um estudo qualitativo em duas regi\u00f5es do interior de Portugal<\/strong><\/a><\/p>\n<\/div>\n<\/div>\n<\/div>\n<\/div>\n","protected":false},"excerpt":{"rendered":"<p>PRODU\u00c7\u00c3O CIENT\u00cdFICA Artigos Mulheres na agricultura familiar: Evid\u00eancias de um estudo qualitativo em duas regi\u00f5es do interior de Portugal<\/p>\n","protected":false},"author":1,"featured_media":0,"parent":0,"menu_order":0,"comment_status":"closed","ping_status":"closed","template":"","meta":{"site-sidebar-layout":"default","site-content-layout":"","ast-site-content-layout":"default","site-content-style":"default","site-sidebar-style":"default","ast-global-header-display":"","ast-banner-title-visibility":"","ast-main-header-display":"","ast-hfb-above-header-display":"","ast-hfb-below-header-display":"","ast-hfb-mobile-header-display":"","site-post-title":"disabled","ast-breadcrumbs-content":"","ast-featured-img":"","footer-sml-layout":"","theme-transparent-header-meta":"default","adv-header-id-meta":"","stick-header-meta":"","header-above-stick-meta":"","header-main-stick-meta":"","header-below-stick-meta":"","astra-migrate-meta-layouts":"set","ast-page-background-enabled":"default","ast-page-background-meta":{"desktop":{"background-color":"","background-image":"","background-repeat":"repeat","background-position":"center center","background-size":"auto","background-attachment":"scroll","background-type":"","background-media":"","overlay-type":"","overlay-color":"","overlay-gradient":""},"tablet":{"background-color":"","background-image":"","background-repeat":"repeat","background-position":"center center","background-size":"auto","background-attachment":"scroll","background-type":"","background-media":"","overlay-type":"","overlay-color":"","overlay-gradient":""},"mobile":{"background-color":"","background-image":"","background-repeat":"repeat","background-position":"center center","background-size":"auto","background-attachment":"scroll","background-type":"","background-media":"","overlay-type":"","overlay-color":"","overlay-gradient":""}},"ast-content-background-meta":{"desktop":{"background-color":"var(--ast-global-color-5)","background-image":"","background-repeat":"repeat","background-position":"center center","background-size":"auto","background-attachment":"scroll","background-type":"","background-media":"","overlay-type":"","overlay-color":"","overlay-gradient":""},"tablet":{"background-color":"var(--ast-global-color-5)","background-image":"","background-repeat":"repeat","background-position":"center center","background-size":"auto","background-attachment":"scroll","background-type":"","background-media":"","overlay-type":"","overlay-color":"","overlay-gradient":""},"mobile":{"background-color":"var(--ast-global-color-5)","background-image":"","background-repeat":"repeat","background-position":"center center","background-size":"auto","background-attachment":"scroll","background-type":"","background-media":"","overlay-type":"","overlay-color":"","overlay-gradient":""}},"footnotes":""},"class_list":["post-695","page","type-page","status-publish","hentry"],"yoast_head":"<!-- This site is optimized with the Yoast SEO plugin v27.5 - https:\/\/yoast.com\/product\/yoast-seo-wordpress\/ -->\r\n<title>PRODU\u00c7\u00c3O CIENT\u00cdFICA &#8226; MAIs<\/title>\r\n<meta name=\"robots\" content=\"index, follow, max-snippet:-1, max-image-preview:large, max-video-preview:-1\" \/>\r\n<link rel=\"canonical\" href=\"https:\/\/events.ipv.pt\/mais\/producao-cientifica\/\" \/>\r\n<meta property=\"og:locale\" content=\"pt_PT\" \/>\r\n<meta property=\"og:type\" content=\"article\" \/>\r\n<meta property=\"og:title\" content=\"PRODU\u00c7\u00c3O CIENT\u00cdFICA &#8226; MAIs\" \/>\r\n<meta property=\"og:description\" content=\"PRODU\u00c7\u00c3O CIENT\u00cdFICA Artigos Mulheres na agricultura familiar: Evid\u00eancias de um estudo qualitativo em duas regi\u00f5es do interior de Portugal\" \/>\r\n<meta property=\"og:url\" content=\"https:\/\/events.ipv.pt\/mais\/producao-cientifica\/\" \/>\r\n<meta property=\"og:site_name\" content=\"MAIs\" \/>\r\n<meta property=\"article:modified_time\" content=\"2023-12-21T10:44:06+00:00\" \/>\r\n<meta name=\"twitter:card\" content=\"summary_large_image\" \/>\r\n<meta name=\"twitter:label1\" content=\"Tempo estimado de leitura\" \/>\n\t<meta name=\"twitter:data1\" content=\"1 minuto\" \/>\r\n<script type=\"application\/ld+json\" class=\"yoast-schema-graph\">{\"@context\":\"https:\\\/\\\/schema.org\",\"@graph\":[{\"@type\":\"WebPage\",\"@id\":\"https:\\\/\\\/events.ipv.pt\\\/mais\\\/producao-cientifica\\\/\",\"url\":\"https:\\\/\\\/events.ipv.pt\\\/mais\\\/producao-cientifica\\\/\",\"name\":\"PRODU\u00c7\u00c3O CIENT\u00cdFICA &#8226; MAIs\",\"isPartOf\":{\"@id\":\"https:\\\/\\\/events.ipv.pt\\\/mais\\\/#website\"},\"datePublished\":\"2023-12-21T10:36:29+00:00\",\"dateModified\":\"2023-12-21T10:44:06+00:00\",\"breadcrumb\":{\"@id\":\"https:\\\/\\\/events.ipv.pt\\\/mais\\\/producao-cientifica\\\/#breadcrumb\"},\"inLanguage\":\"pt-PT\",\"potentialAction\":[{\"@type\":\"ReadAction\",\"target\":[\"https:\\\/\\\/events.ipv.pt\\\/mais\\\/producao-cientifica\\\/\"]}]},{\"@type\":\"BreadcrumbList\",\"@id\":\"https:\\\/\\\/events.ipv.pt\\\/mais\\\/producao-cientifica\\\/#breadcrumb\",\"itemListElement\":[{\"@type\":\"ListItem\",\"position\":1,\"name\":\"In\u00edcio\",\"item\":\"https:\\\/\\\/events.ipv.pt\\\/mais\\\/\"},{\"@type\":\"ListItem\",\"position\":2,\"name\":\"PRODU\u00c7\u00c3O CIENT\u00cdFICA\"}]},{\"@type\":\"WebSite\",\"@id\":\"https:\\\/\\\/events.ipv.pt\\\/mais\\\/#website\",\"url\":\"https:\\\/\\\/events.ipv.pt\\\/mais\\\/\",\"name\":\"MAIs\",\"description\":\"Mulheres Agricultoras em Territ\u00f3rios do Interior\",\"publisher\":{\"@id\":\"https:\\\/\\\/events.ipv.pt\\\/mais\\\/#organization\"},\"potentialAction\":[{\"@type\":\"SearchAction\",\"target\":{\"@type\":\"EntryPoint\",\"urlTemplate\":\"https:\\\/\\\/events.ipv.pt\\\/mais\\\/?s={search_term_string}\"},\"query-input\":{\"@type\":\"PropertyValueSpecification\",\"valueRequired\":true,\"valueName\":\"search_term_string\"}}],\"inLanguage\":\"pt-PT\"},{\"@type\":\"Organization\",\"@id\":\"https:\\\/\\\/events.ipv.pt\\\/mais\\\/#organization\",\"name\":\"Polit\u00e9cnico de Viseu\",\"url\":\"https:\\\/\\\/events.ipv.pt\\\/mais\\\/\",\"logo\":{\"@type\":\"ImageObject\",\"inLanguage\":\"pt-PT\",\"@id\":\"https:\\\/\\\/events.ipv.pt\\\/mais\\\/#\\\/schema\\\/logo\\\/image\\\/\",\"url\":\"https:\\\/\\\/events.ipv.pt\\\/mais\\\/wp-content\\\/uploads\\\/2021\\\/07\\\/cropped-iceland.png\",\"contentUrl\":\"https:\\\/\\\/events.ipv.pt\\\/mais\\\/wp-content\\\/uploads\\\/2021\\\/07\\\/cropped-iceland.png\",\"width\":237,\"height\":167,\"caption\":\"Polit\u00e9cnico de Viseu\"},\"image\":{\"@id\":\"https:\\\/\\\/events.ipv.pt\\\/mais\\\/#\\\/schema\\\/logo\\\/image\\\/\"}}]}<\/script>\r\n<!-- \/ Yoast SEO plugin. -->","yoast_head_json":{"title":"PRODU\u00c7\u00c3O CIENT\u00cdFICA &#8226; MAIs","robots":{"index":"index","follow":"follow","max-snippet":"max-snippet:-1","max-image-preview":"max-image-preview:large","max-video-preview":"max-video-preview:-1"},"canonical":"https:\/\/events.ipv.pt\/mais\/producao-cientifica\/","og_locale":"pt_PT","og_type":"article","og_title":"PRODU\u00c7\u00c3O CIENT\u00cdFICA &#8226; MAIs","og_description":"PRODU\u00c7\u00c3O CIENT\u00cdFICA Artigos Mulheres na agricultura familiar: Evid\u00eancias de um estudo qualitativo em duas regi\u00f5es do interior de Portugal","og_url":"https:\/\/events.ipv.pt\/mais\/producao-cientifica\/","og_site_name":"MAIs","article_modified_time":"2023-12-21T10:44:06+00:00","twitter_card":"summary_large_image","twitter_misc":{"Tempo estimado de leitura":"1 minuto"},"schema":{"@context":"https:\/\/schema.org","@graph":[{"@type":"WebPage","@id":"https:\/\/events.ipv.pt\/mais\/producao-cientifica\/","url":"https:\/\/events.ipv.pt\/mais\/producao-cientifica\/","name":"PRODU\u00c7\u00c3O CIENT\u00cdFICA &#8226; MAIs","isPartOf":{"@id":"https:\/\/events.ipv.pt\/mais\/#website"},"datePublished":"2023-12-21T10:36:29+00:00","dateModified":"2023-12-21T10:44:06+00:00","breadcrumb":{"@id":"https:\/\/events.ipv.pt\/mais\/producao-cientifica\/#breadcrumb"},"inLanguage":"pt-PT","potentialAction":[{"@type":"ReadAction","target":["https:\/\/events.ipv.pt\/mais\/producao-cientifica\/"]}]},{"@type":"BreadcrumbList","@id":"https:\/\/events.ipv.pt\/mais\/producao-cientifica\/#breadcrumb","itemListElement":[{"@type":"ListItem","position":1,"name":"In\u00edcio","item":"https:\/\/events.ipv.pt\/mais\/"},{"@type":"ListItem","position":2,"name":"PRODU\u00c7\u00c3O CIENT\u00cdFICA"}]},{"@type":"WebSite","@id":"https:\/\/events.ipv.pt\/mais\/#website","url":"https:\/\/events.ipv.pt\/mais\/","name":"MAIs","description":"Mulheres Agricultoras em Territ\u00f3rios do Interior","publisher":{"@id":"https:\/\/events.ipv.pt\/mais\/#organization"},"potentialAction":[{"@type":"SearchAction","target":{"@type":"EntryPoint","urlTemplate":"https:\/\/events.ipv.pt\/mais\/?s={search_term_string}"},"query-input":{"@type":"PropertyValueSpecification","valueRequired":true,"valueName":"search_term_string"}}],"inLanguage":"pt-PT"},{"@type":"Organization","@id":"https:\/\/events.ipv.pt\/mais\/#organization","name":"Polit\u00e9cnico de Viseu","url":"https:\/\/events.ipv.pt\/mais\/","logo":{"@type":"ImageObject","inLanguage":"pt-PT","@id":"https:\/\/events.ipv.pt\/mais\/#\/schema\/logo\/image\/","url":"https:\/\/events.ipv.pt\/mais\/wp-content\/uploads\/2021\/07\/cropped-iceland.png","contentUrl":"https:\/\/events.ipv.pt\/mais\/wp-content\/uploads\/2021\/07\/cropped-iceland.png","width":237,"height":167,"caption":"Polit\u00e9cnico de Viseu"},"image":{"@id":"https:\/\/events.ipv.pt\/mais\/#\/schema\/logo\/image\/"}}]}},"_links":{"self":[{"href":"https:\/\/events.ipv.pt\/mais\/wp-json\/wp\/v2\/pages\/695","targetHints":{"allow":["GET"]}}],"collection":[{"href":"https:\/\/events.ipv.pt\/mais\/wp-json\/wp\/v2\/pages"}],"about":[{"href":"https:\/\/events.ipv.pt\/mais\/wp-json\/wp\/v2\/types\/page"}],"author":[{"embeddable":true,"href":"https:\/\/events.ipv.pt\/mais\/wp-json\/wp\/v2\/users\/1"}],"replies":[{"embeddable":true,"href":"https:\/\/events.ipv.pt\/mais\/wp-json\/wp\/v2\/comments?post=695"}],"version-history":[{"count":12,"href":"https:\/\/events.ipv.pt\/mais\/wp-json\/wp\/v2\/pages\/695\/revisions"}],"predecessor-version":[{"id":709,"href":"https:\/\/events.ipv.pt\/mais\/wp-json\/wp\/v2\/pages\/695\/revisions\/709"}],"wp:attachment":[{"href":"https:\/\/events.ipv.pt\/mais\/wp-json\/wp\/v2\/media?parent=695"}],"curies":[{"name":"wp","href":"https:\/\/api.w.org\/{rel}","templated":true}]}}