{"id":344,"date":"2021-07-30T10:11:28","date_gmt":"2021-07-30T10:11:28","guid":{"rendered":"http:\/\/localhost\/mais\/?page_id=344"},"modified":"2021-08-02T15:35:12","modified_gmt":"2021-08-02T15:35:12","slug":"projeto","status":"publish","type":"page","link":"https:\/\/events.ipv.pt\/mais\/projeto\/","title":{"rendered":"PROJETO"},"content":{"rendered":"<div class=\"parallaxHome\">\n<div class=\"ast-container\" style=\"padding-top: 250px;\">\n<h3 style=\"color: #fff;\"><i class=\"fa fa-euro\"><\/i> Financiamento EEA Grants <span style=\"font-size: 0.8em;\">248.240 <i class=\"fa fa-euro\" style=\"font-size:15px\"><\/i><\/span><br \/>\n<i class=\"fa fa-euro\"><\/i> Financiamento Total <span style=\"font-size: 0.8em;\">248.240 <i class=\"fa fa-euro\" style=\"font-size:15px\"><\/i><\/span><br \/>\n<i class=\"fa fa-bookmark\"><\/i> Programa <span style=\"font-size: 0.7em;\">Concilia\u00e7\u00e3o e Igualdade de G\u00e9nero<\/span><\/h3>\n<\/div>\n<div data-aos=\"slide-up\" data-aos-duration=\"600\">\n<div style=\"background-color: rgba(255,255,255,0.95);\">\n<div class=\"ast-container\" style=\"padding-top: 150px; padding-bottom: 150px;\">\n<h1 style=\"text-align:center;\">O QUE \u00c9 O PROJETO<\/h1>\n<h3 style=\"padding-top: 50px; color: #aaa670;\">Mulheres Agricultoras em Territ\u00f3rios do Interior<\/h3>\n<p>O projeto MAIs, que teve in\u00edcio em 2020 e ter\u00e1 uma dura\u00e7\u00e3o de 2 anos, conta com um financiamento de cerca de 248.240 euros, atrav\u00e9s do Mecanismo Financeiro do Espa\u00e7o Econ\u00f3mico Europeu (EEA Grants), para o qual contribuem a Isl\u00e2ndia, o Liechtenstein e a Noruega.<br \/>\nA literatura nacional e europeia \u00e9 consensual na afirma\u00e7\u00e3o de que a participa\u00e7\u00e3o das mulheres e o seu papel nas \u00e1reas rurais e na agricultura \u00e9 de enorme import\u00e2ncia para o crescimento econ\u00f3mico e estrat\u00e9gico de acordo com os objetivos da EU2020. As mulheres agricultoras s\u00e3o portadoras de conhecimentos agr\u00edcolas ancestrais e valiosos; essenciais \u00e0 sustentabilidade dos sistemas alimentares locais; as principais cuidadoras das crian\u00e7as e dos idosos; e boas gestoras dos recursos naturais, pois asseguram a sua produ\u00e7\u00e3o, conserva\u00e7\u00e3o e comercializa\u00e7\u00e3o. <\/p>\n<h3 style=\"padding-top: 50px; color: #aaa670;\">Quais s\u00e3o os nossos objetivos?<\/h3>\n<p>Pretendemos aumentar a participa\u00e7\u00e3o c\u00edvica e associativa das mulheres agricultoras nas regi\u00f5es do interior, atrav\u00e9s da sua capacita\u00e7\u00e3o, contribuindo para a maior visibilidade do seu papel social e para o aumento da igualdade entre homens e mulheres.<\/p>\n<h3 style=\"padding-top: 50px; color: #aaa670;\">Metodologia e p\u00fablico alvo<\/h3>\n<p>Este projeto tem por foco o est\u00edmulo da cidadania ativa e da visibilidade e participa\u00e7\u00e3o social das mulheres agricultoras na esfera p\u00fablica e no desenvolvimento local, conforme objetivo da Estrat\u00e9gia Nacional para a Igualdade e N\u00e3o Discrimina\u00e7\u00e3o e do Programa de Concilia\u00e7\u00e3o e Igualdade de G\u00e9nero das EEagrants. Para este prop\u00f3sito, delineou-se um projeto de interven\u00e7\u00e3o baseado na Teoria da Mudan\u00e7a, que pressup\u00f5e a utiliza\u00e7\u00e3o de instrumentos participativos, desde a fase de diagn\u00f3stico, \u00e0 interven\u00e7\u00e3o e avalia\u00e7\u00e3o. O projeto, enquanto experi\u00eancia piloto pass\u00edvel de ser replicada no futuro em diferentes regi\u00f5es, ser\u00e1 aplicado atrav\u00e9s de um plano de a\u00e7\u00f5es locais de capacita\u00e7\u00e3o destas mulheres, em dois concelhos da regi\u00e3o interior centro de Portugal \u2013 S\u00e3o Pedro do Sul e Sabugal \u2013 permitindo equacionar o impacto desta capacita\u00e7\u00e3o de acordo com algumas vari\u00e1veis diferenciadoras, como idade, escolaridade, forma\u00e7\u00e3o e n\u00edvel inicial de participa\u00e7\u00e3o associativa, quer com outras vari\u00e1veis estruturais, como o isolamento e o envelhecimento da popula\u00e7\u00e3o. Todas as atividades ser\u00e3o estruturadas priorizando as necessidades diagnosticadas na primeira fase do projeto junto das mulheres, atrav\u00e9s de inqu\u00e9ritos por question\u00e1rio e grupos focais. O  posterior desenvolvimento ser\u00e1 constru\u00eddo com base na participa\u00e7\u00e3o conjunta das benefici\u00e1rias com as entidades parceiras, na troca de experi\u00eancias e boas pr\u00e1ticas,  tendo por foco o empoderamento e o aumento da participa\u00e7\u00e3o c\u00edvica das mulheres agricultoras. Ser\u00e1 desenvolvido um plano de comunica\u00e7\u00e3o do projeto, que permita divulgar boas pr\u00e1ticas e saberes e motivar para maior participa\u00e7\u00e3o de mulheres na esfera p\u00fablica e nas estruturas associativas. A interven\u00e7\u00e3o inclui um workshop para t\u00e9cnicos locais (autarquias, associa\u00e7\u00f5es locais), para dissemina\u00e7\u00e3o do \u2019Roteiro de Interven\u00e7\u00e3o MAIs\u2019, potenciando a sua utiliza\u00e7\u00e3o em futuras interven\u00e7\u00f5es de capacita\u00e7\u00e3o de mulheres agricultoras, garantindo a sustentabilidade p\u00f3s projeto. Espera-se que o projeto contribua para o aumento da participa\u00e7\u00e3o c\u00edvica destas mulheres agricultoras da regi\u00e3o do interior centro de Portugal (benefici\u00e1rias diretas), servindo como experi\u00eancia piloto a ser replicada noutras regi\u00f5es, atrav\u00e9s da utiliza\u00e7\u00e3o e aperfei\u00e7oamento da metodologia e instrumentos de interven\u00e7\u00e3o desenvolvidos.<\/p>\n<h3 style=\"padding-top: 50px; color: #aaa670;\">Porque \u00e9 que este projeto \u00e9 importante?<\/h3>\n<p>1- Existem poucos estudos que fa\u00e7am um retrato da mulher agricultora na primeira pessoa<br \/>\n2- O sucesso destas mulheres depende, em grande parte, da integra\u00e7\u00e3o de diferentes tipos de apoio e servi\u00e7os, incluindo o desenvolvimento de forma\u00e7\u00e3o e compet\u00eancias, a orienta\u00e7\u00e3o e a solidariedade, e o envolvimento com a comunidade em geral\n<\/p>\n<\/div>\n<\/div>\n<\/div>\n<\/div>\n<\/div>\n","protected":false},"excerpt":{"rendered":"<p>Financiamento EEA Grants 248.240 Financiamento Total 248.240 Programa Concilia\u00e7\u00e3o e Igualdade de G\u00e9nero O QUE \u00c9 O PROJETO Mulheres Agricultoras em Territ\u00f3rios do Interior O projeto MAIs, que teve in\u00edcio em 2020 e ter\u00e1 uma dura\u00e7\u00e3o de 2 anos, conta com um financiamento de cerca de 248.240 euros, atrav\u00e9s do Mecanismo Financeiro do Espa\u00e7o Econ\u00f3mico &hellip;<\/p>\n<p class=\"read-more\"> <a class=\"\" href=\"https:\/\/events.ipv.pt\/mais\/projeto\/\"> <span class=\"screen-reader-text\">PROJETO<\/span> Read More &raquo;<\/a><\/p>\n","protected":false},"author":1,"featured_media":0,"parent":0,"menu_order":0,"comment_status":"closed","ping_status":"closed","template":"","meta":{"site-sidebar-layout":"default","site-content-layout":"default","ast-site-content-layout":"","site-content-style":"default","site-sidebar-style":"default","ast-global-header-display":"","ast-banner-title-visibility":"","ast-main-header-display":"","ast-hfb-above-header-display":"","ast-hfb-below-header-display":"","ast-hfb-mobile-header-display":"","site-post-title":"disabled","ast-breadcrumbs-content":"disabled","ast-featured-img":"","footer-sml-layout":"disabled","theme-transparent-header-meta":"default","adv-header-id-meta":"","stick-header-meta":"","header-above-stick-meta":"","header-main-stick-meta":"","header-below-stick-meta":"","astra-migrate-meta-layouts":"default","ast-page-background-enabled":"default","ast-page-background-meta":{"desktop":{"background-color":"","background-image":"","background-repeat":"repeat","background-position":"center center","background-size":"auto","background-attachment":"scroll","background-type":"","background-media":"","overlay-type":"","overlay-color":"","overlay-gradient":""},"tablet":{"background-color":"","background-image":"","background-repeat":"repeat","background-position":"center center","background-size":"auto","background-attachment":"scroll","background-type":"","background-media":"","overlay-type":"","overlay-color":"","overlay-gradient":""},"mobile":{"background-color":"","background-image":"","background-repeat":"repeat","background-position":"center center","background-size":"auto","background-attachment":"scroll","background-type":"","background-media":"","overlay-type":"","overlay-color":"","overlay-gradient":""}},"ast-content-background-meta":{"desktop":{"background-color":"var(--ast-global-color-5)","background-image":"","background-repeat":"repeat","background-position":"center center","background-size":"auto","background-attachment":"scroll","background-type":"","background-media":"","overlay-type":"","overlay-color":"","overlay-gradient":""},"tablet":{"background-color":"var(--ast-global-color-5)","background-image":"","background-repeat":"repeat","background-position":"center center","background-size":"auto","background-attachment":"scroll","background-type":"","background-media":"","overlay-type":"","overlay-color":"","overlay-gradient":""},"mobile":{"background-color":"var(--ast-global-color-5)","background-image":"","background-repeat":"repeat","background-position":"center center","background-size":"auto","background-attachment":"scroll","background-type":"","background-media":"","overlay-type":"","overlay-color":"","overlay-gradient":""}},"footnotes":""},"class_list":["post-344","page","type-page","status-publish","hentry"],"yoast_head":"<!-- This site is optimized with the Yoast SEO plugin v27.5 - https:\/\/yoast.com\/product\/yoast-seo-wordpress\/ -->\r\n<title>PROJETO &#8226; MAIs<\/title>\r\n<meta name=\"robots\" content=\"index, follow, max-snippet:-1, max-image-preview:large, max-video-preview:-1\" \/>\r\n<link rel=\"canonical\" href=\"https:\/\/events.ipv.pt\/mais\/projeto\/\" \/>\r\n<meta property=\"og:locale\" content=\"pt_PT\" \/>\r\n<meta property=\"og:type\" content=\"article\" \/>\r\n<meta property=\"og:title\" content=\"PROJETO &#8226; MAIs\" \/>\r\n<meta property=\"og:description\" content=\"Financiamento EEA Grants 248.240 Financiamento Total 248.240 Programa Concilia\u00e7\u00e3o e Igualdade de G\u00e9nero O QUE \u00c9 O PROJETO Mulheres Agricultoras em Territ\u00f3rios do Interior O projeto MAIs, que teve in\u00edcio em 2020 e ter\u00e1 uma dura\u00e7\u00e3o de 2 anos, conta com um financiamento de cerca de 248.240 euros, atrav\u00e9s do Mecanismo Financeiro do Espa\u00e7o Econ\u00f3mico &hellip; PROJETO Read More &raquo;\" \/>\r\n<meta property=\"og:url\" content=\"https:\/\/events.ipv.pt\/mais\/projeto\/\" \/>\r\n<meta property=\"og:site_name\" content=\"MAIs\" \/>\r\n<meta property=\"article:modified_time\" content=\"2021-08-02T15:35:12+00:00\" \/>\r\n<meta name=\"twitter:card\" content=\"summary_large_image\" \/>\r\n<meta name=\"twitter:label1\" content=\"Tempo estimado de leitura\" \/>\n\t<meta name=\"twitter:data1\" content=\"3 minutos\" \/>\r\n<script type=\"application\/ld+json\" class=\"yoast-schema-graph\">{\"@context\":\"https:\\\/\\\/schema.org\",\"@graph\":[{\"@type\":\"WebPage\",\"@id\":\"https:\\\/\\\/events.ipv.pt\\\/mais\\\/projeto\\\/\",\"url\":\"https:\\\/\\\/events.ipv.pt\\\/mais\\\/projeto\\\/\",\"name\":\"PROJETO &#8226; MAIs\",\"isPartOf\":{\"@id\":\"https:\\\/\\\/events.ipv.pt\\\/mais\\\/#website\"},\"datePublished\":\"2021-07-30T10:11:28+00:00\",\"dateModified\":\"2021-08-02T15:35:12+00:00\",\"breadcrumb\":{\"@id\":\"https:\\\/\\\/events.ipv.pt\\\/mais\\\/projeto\\\/#breadcrumb\"},\"inLanguage\":\"pt-PT\",\"potentialAction\":[{\"@type\":\"ReadAction\",\"target\":[\"https:\\\/\\\/events.ipv.pt\\\/mais\\\/projeto\\\/\"]}]},{\"@type\":\"BreadcrumbList\",\"@id\":\"https:\\\/\\\/events.ipv.pt\\\/mais\\\/projeto\\\/#breadcrumb\",\"itemListElement\":[{\"@type\":\"ListItem\",\"position\":1,\"name\":\"In\u00edcio\",\"item\":\"https:\\\/\\\/events.ipv.pt\\\/mais\\\/\"},{\"@type\":\"ListItem\",\"position\":2,\"name\":\"PROJETO\"}]},{\"@type\":\"WebSite\",\"@id\":\"https:\\\/\\\/events.ipv.pt\\\/mais\\\/#website\",\"url\":\"https:\\\/\\\/events.ipv.pt\\\/mais\\\/\",\"name\":\"MAIs\",\"description\":\"Mulheres Agricultoras em Territ\u00f3rios do Interior\",\"publisher\":{\"@id\":\"https:\\\/\\\/events.ipv.pt\\\/mais\\\/#organization\"},\"potentialAction\":[{\"@type\":\"SearchAction\",\"target\":{\"@type\":\"EntryPoint\",\"urlTemplate\":\"https:\\\/\\\/events.ipv.pt\\\/mais\\\/?s={search_term_string}\"},\"query-input\":{\"@type\":\"PropertyValueSpecification\",\"valueRequired\":true,\"valueName\":\"search_term_string\"}}],\"inLanguage\":\"pt-PT\"},{\"@type\":\"Organization\",\"@id\":\"https:\\\/\\\/events.ipv.pt\\\/mais\\\/#organization\",\"name\":\"Polit\u00e9cnico de Viseu\",\"url\":\"https:\\\/\\\/events.ipv.pt\\\/mais\\\/\",\"logo\":{\"@type\":\"ImageObject\",\"inLanguage\":\"pt-PT\",\"@id\":\"https:\\\/\\\/events.ipv.pt\\\/mais\\\/#\\\/schema\\\/logo\\\/image\\\/\",\"url\":\"https:\\\/\\\/events.ipv.pt\\\/mais\\\/wp-content\\\/uploads\\\/2021\\\/07\\\/cropped-iceland.png\",\"contentUrl\":\"https:\\\/\\\/events.ipv.pt\\\/mais\\\/wp-content\\\/uploads\\\/2021\\\/07\\\/cropped-iceland.png\",\"width\":237,\"height\":167,\"caption\":\"Polit\u00e9cnico de Viseu\"},\"image\":{\"@id\":\"https:\\\/\\\/events.ipv.pt\\\/mais\\\/#\\\/schema\\\/logo\\\/image\\\/\"}}]}<\/script>\r\n<!-- \/ Yoast SEO plugin. -->","yoast_head_json":{"title":"PROJETO &#8226; MAIs","robots":{"index":"index","follow":"follow","max-snippet":"max-snippet:-1","max-image-preview":"max-image-preview:large","max-video-preview":"max-video-preview:-1"},"canonical":"https:\/\/events.ipv.pt\/mais\/projeto\/","og_locale":"pt_PT","og_type":"article","og_title":"PROJETO &#8226; MAIs","og_description":"Financiamento EEA Grants 248.240 Financiamento Total 248.240 Programa Concilia\u00e7\u00e3o e Igualdade de G\u00e9nero O QUE \u00c9 O PROJETO Mulheres Agricultoras em Territ\u00f3rios do Interior O projeto MAIs, que teve in\u00edcio em 2020 e ter\u00e1 uma dura\u00e7\u00e3o de 2 anos, conta com um financiamento de cerca de 248.240 euros, atrav\u00e9s do Mecanismo Financeiro do Espa\u00e7o Econ\u00f3mico &hellip; PROJETO Read More &raquo;","og_url":"https:\/\/events.ipv.pt\/mais\/projeto\/","og_site_name":"MAIs","article_modified_time":"2021-08-02T15:35:12+00:00","twitter_card":"summary_large_image","twitter_misc":{"Tempo estimado de leitura":"3 minutos"},"schema":{"@context":"https:\/\/schema.org","@graph":[{"@type":"WebPage","@id":"https:\/\/events.ipv.pt\/mais\/projeto\/","url":"https:\/\/events.ipv.pt\/mais\/projeto\/","name":"PROJETO &#8226; MAIs","isPartOf":{"@id":"https:\/\/events.ipv.pt\/mais\/#website"},"datePublished":"2021-07-30T10:11:28+00:00","dateModified":"2021-08-02T15:35:12+00:00","breadcrumb":{"@id":"https:\/\/events.ipv.pt\/mais\/projeto\/#breadcrumb"},"inLanguage":"pt-PT","potentialAction":[{"@type":"ReadAction","target":["https:\/\/events.ipv.pt\/mais\/projeto\/"]}]},{"@type":"BreadcrumbList","@id":"https:\/\/events.ipv.pt\/mais\/projeto\/#breadcrumb","itemListElement":[{"@type":"ListItem","position":1,"name":"In\u00edcio","item":"https:\/\/events.ipv.pt\/mais\/"},{"@type":"ListItem","position":2,"name":"PROJETO"}]},{"@type":"WebSite","@id":"https:\/\/events.ipv.pt\/mais\/#website","url":"https:\/\/events.ipv.pt\/mais\/","name":"MAIs","description":"Mulheres Agricultoras em Territ\u00f3rios do Interior","publisher":{"@id":"https:\/\/events.ipv.pt\/mais\/#organization"},"potentialAction":[{"@type":"SearchAction","target":{"@type":"EntryPoint","urlTemplate":"https:\/\/events.ipv.pt\/mais\/?s={search_term_string}"},"query-input":{"@type":"PropertyValueSpecification","valueRequired":true,"valueName":"search_term_string"}}],"inLanguage":"pt-PT"},{"@type":"Organization","@id":"https:\/\/events.ipv.pt\/mais\/#organization","name":"Polit\u00e9cnico de Viseu","url":"https:\/\/events.ipv.pt\/mais\/","logo":{"@type":"ImageObject","inLanguage":"pt-PT","@id":"https:\/\/events.ipv.pt\/mais\/#\/schema\/logo\/image\/","url":"https:\/\/events.ipv.pt\/mais\/wp-content\/uploads\/2021\/07\/cropped-iceland.png","contentUrl":"https:\/\/events.ipv.pt\/mais\/wp-content\/uploads\/2021\/07\/cropped-iceland.png","width":237,"height":167,"caption":"Polit\u00e9cnico de Viseu"},"image":{"@id":"https:\/\/events.ipv.pt\/mais\/#\/schema\/logo\/image\/"}}]}},"_links":{"self":[{"href":"https:\/\/events.ipv.pt\/mais\/wp-json\/wp\/v2\/pages\/344","targetHints":{"allow":["GET"]}}],"collection":[{"href":"https:\/\/events.ipv.pt\/mais\/wp-json\/wp\/v2\/pages"}],"about":[{"href":"https:\/\/events.ipv.pt\/mais\/wp-json\/wp\/v2\/types\/page"}],"author":[{"embeddable":true,"href":"https:\/\/events.ipv.pt\/mais\/wp-json\/wp\/v2\/users\/1"}],"replies":[{"embeddable":true,"href":"https:\/\/events.ipv.pt\/mais\/wp-json\/wp\/v2\/comments?post=344"}],"version-history":[{"count":16,"href":"https:\/\/events.ipv.pt\/mais\/wp-json\/wp\/v2\/pages\/344\/revisions"}],"predecessor-version":[{"id":401,"href":"https:\/\/events.ipv.pt\/mais\/wp-json\/wp\/v2\/pages\/344\/revisions\/401"}],"wp:attachment":[{"href":"https:\/\/events.ipv.pt\/mais\/wp-json\/wp\/v2\/media?parent=344"}],"curies":[{"name":"wp","href":"https:\/\/api.w.org\/{rel}","templated":true}]}}