{"id":12,"date":"2021-11-17T17:23:29","date_gmt":"2021-11-17T17:23:29","guid":{"rendered":"http:\/\/localhost\/fcem\/?page_id=12"},"modified":"2022-05-26T08:29:02","modified_gmt":"2022-05-26T08:29:02","slug":"home","status":"publish","type":"page","link":"https:\/\/events.ipv.pt\/fcem\/","title":{"rendered":"Home"},"content":{"rendered":"<div class=\"parallaxHome\">\n<div class=\"homePad\" style=\"background-color: rgba(88,64,63,0.6);\">\n<div class=\"container\">\n<h5 style=\"color: #fff;\">International <span style=\"border-radius: 50px; background-color: rgba(100,132,55,0.8); padding: 10px;\">Web Conference<\/span> on<\/h5>\n<h1 style=\"font-weight: bold; color: #fff;\">Food Choice &#038;<br \/>Eating Motivation<\/h1>\n<h3 style=\"color: #fff;\"><span style=\"border-radius: 50px; background-color: rgba(44,72,63,0.8); padding: 5px 20px 5px 20px;\">19<span style=\"font-size: 0.6em;\">th<\/span> &#038; 20<span style=\"font-size: 0.6em;\">th<\/span> may, 2022<\/span><\/h3>\n<\/div>\n<div class=\"RowVbutton estilo\">\n<div class=\"tracoBola\"><\/div>\n<p><a class=\"btMarc\" href=\"http:\/\/localhost\/fcem\/registration\/\" rel=\"noopener\"><i class=\"material-icons\" style=\"font-size: 3.0em;\">power<\/i> <span style=\"font-size: 0.9em;\">registration<\/span><\/a><\/p>\n<p><a class=\"btMarc\" href=\"http:\/\/localhost\/fcem\/journals\/\" rel=\"noopener\"><i class=\"material-icons\" style=\"font-size: 3.0em;\">library_books<\/i> <span style=\"font-size: 0.9em;\">journals<\/span><\/a><\/p>\n<p><a class=\"btMarc\" href=\"http:\/\/localhost\/fcem\/wp-content\/uploads\/2021\/12\/abstract_template_FCEM.docx\" rel=\"noopener\" target=\"_blank\"><i class=\"material-icons\" style=\"font-size: 3.0em;\">file_download<\/i> <span style=\"font-size: 0.9em;\">abstract template<\/span><\/a><\/p>\n<p><a class=\"btMarc\" href=\"http:\/\/localhost\/fcem\/wp-content\/uploads\/2022\/03\/POSTER-Template.pptx\" rel=\"noopener\" target=\"_blank\"><i class=\"material-icons\" style=\"font-size: 3.0em;\">file_download<\/i> <span style=\"font-size: 0.9em;\">poster template<\/span><\/a><\/p>\n<p><a  class=\"btMarc\" href=\"http:\/\/localhost\/fcem\/speaker\/\"><i class=\"material-icons\" style=\"font-size: 3.0em;\">recent_actors<\/i> <span style=\"font-size: 0.9em;\">speaker<\/span><\/a><\/p>\n<p><a class=\"btMarc\" href=\"http:\/\/localhost\/fcem\/wp-content\/uploads\/2022\/05\/programa_FCEM.pdf\" target=\"_blank\" rel=\"noopener\"><i class=\"material-icons\" style=\"font-size: 3.0em;\">perm_camera_mic<\/i> <span style=\"font-size: 0.9em;\">programme<\/span><\/a><\/p>\n<\/div>\n<div class=\"container\">\n<div class=\"column50\" style=\"background-color: #fff; padding: 50px 50px 0px 50px;\">\n<h3>Important Dates<\/h3>\n<p>\u2192 Deadline for abstract submission for oral communication: <strong>15 April, 2022<\/strong><br \/>\n\u2192 Deadline for abstract submission for poster communication: <strong>30 April, 2022<\/strong><br \/>\n\u2192 Deadline for submission of posters to be presented at the conference: <strong>12 May, 2022<\/strong><br \/>\n\u2192 Confirmation of acceptance: <strong>6 May, 2022<\/strong><br \/>\n\u2192 Registration and payment: <strong>15 May, 2022<\/strong>\n<\/div>\n<\/div>\n<div style=\"border-top: 1px solid #fff; margin-bottom: 3px;\"><\/div>\n<div class=\"containerTotalRow\" style=\"background-color: #fff; padding: 0px 20px 0px 20px;\">\n<object data=\"http:\/\/localhost\/fcem\/wp-content\/uploads\/2022\/05\/abstractBook_FCEM_print.pdf\" width=\"100%\" height=\"900px\"><\/object>\n<\/div>\n<div style=\"border-top: 1px solid #fff; margin-bottom: 3px;\"><\/div>\n<div class=\"containerTotalRow\" style=\"background-color: #2C483F; padding: 100px 20px 0px 20px; color: #fff;\">\n<div class=\"column50Tr\" style=\"padding: 50px 15px 0px 15px;\">\n<h2 style=\"color: #fff;\">Organizing<br \/>Committee<\/h2>\n<\/div>\n<div class=\"column50\" style=\"padding:  50px 15px 50px 15px; border-bottom: 6px solid #f2f5f7; \">\n<p>\u2192 Raquel Guin\u00e9 (Coordinator) \u2022 <span style=\"font-size: 0.8em; line-height: 0.8em;\">CERNAS, Polytechnic Institute of Viseu, Portugal<\/span><\/p>\n<p style=\"margin-top: -20px;\">\u2192 Paula Correia \u2022 <span style=\"font-size: 0.8em;\">CERNAS, Polytechnic Institute of Viseu, Portugal<\/span><\/p>\n<p style=\"margin-top: -20px;\">\u2192 Manuela Ferreira \u2022 <span style=\"font-size: 0.8em;\">UICISA: E,  Polytechnic Institute of Viseu, Portugal<\/span><\/p>\n<p style=\"margin-top: -20px;\">\u2192 Ana Paula Cardoso \u2022 <span style=\"font-size: 0.8em;\">Ci&#038;DEI, Polytechnic Institute of Viseu, Portugal<\/span><\/p>\n<p style=\"margin-top: -20px;\">\u2192 Sofia Campos \u2022 <span style=\"font-size: 0.8em;\">Ci&#038;DEI, Polytechnic Institute of Viseu, Portugal<\/span><\/p>\n<p style=\"margin-top: -20px;\">\u2192 Sofia Floren\u00e7a \u2022 <span style=\"font-size: 0.8em;\">FCNAUP, University of Porto, Portugal<\/span><\/p>\n<p style=\"margin-top: -20px;\">\u2192 Yuliya Dulyanska \u2022 <span style=\"font-size: 0.8em;\">CERNAS, Polytechnic Institute of Viseu, Portugal<\/span><\/p>\n<p style=\"margin-top: -20px;\">\u2192 Ana Cristina Lima \u2022 <span style=\"font-size: 0.8em;\">Polytechnic Institute of Viseu, Portugal<\/span><\/p>\n<p style=\"margin-top: -20px;\">\u2192 Ana Margarida Cunha \u2022 <span style=\"font-size: 0.8em;\">Polytechnic Institute of Viseu, Portugal<\/span><\/p>\n<p style=\"margin-top: -20px;\">\u2192 Andreia Pereira \u2022 <span style=\"font-size: 0.8em;\">Polytechnic Institute of Viseu, Portugal<\/span><\/p>\n<p style=\"margin-top: -20px;\">\u2192 Renato Carvalho \u2022 <span style=\"font-size: 0.8em;\">Polytechnic Institute of Viseu, Portugal<\/span><\/p>\n<\/div>\n<\/div>\n<\/div>\n<div class=\"containerRowStart\">\n<div class=\"column50\" style=\"background-color: #f2f5f7; padding: 50px;\">\n<h2>National<br \/>Scientific Committee<\/h2>\n<p>\u2192 Raquel Guin\u00e9 (President) \u2022 <span style=\"font-size: 0.8em;\">CERNAS, Polytechnic Institute of Viseu, Portugal<\/span><\/p>\n<p style=\"margin-top: -20px;\">\u2192 Aida Silva \u2022 <span style=\"font-size: 0.8em;\">Centre of Molecular Chemistry-Physics, Department of Chemistry, University of Coimbra, Portugal<\/span><\/p>\n<p style=\"margin-top: -20px;\">\u2192 Ana Paula Cardoso \u2022 <span style=\"font-size: 0.8em;\">Ci&#038;DEI, Polytechnic Institute of Viseu, Portugal<\/span><\/p>\n<p style=\"margin-top: -20px;\">\u2192 Goreti Botelho \u2022 <span style=\"font-size: 0.8em;\">Agrarian School, Polytechnic Institute of  Coimbra, Portugal<\/span><\/p>\n<p style=\"margin-top: -20px;\">\u2192 Jo\u00e3o Pedro Lima \u2022 <span style=\"font-size: 0.8em;\">School of Health, Polytechnic Institute of  Coimbra, Portugal<\/span><\/p>\n<p style=\"margin-top: -20px;\">\u2192 Lu\u00eds Miguel Cunha \u2022 <span style=\"font-size: 0.8em;\">Faculty of Sciences, University of Porto, Portugal<\/span><\/p>\n<p style=\"margin-top: -20px;\">\u2192 Lu\u00edsa Cruz-Lopes \u2022 <span style=\"font-size: 0.8em;\">CERNAS, Polytechnic Institute of Viseu, Portugal<\/span><\/p>\n<p style=\"margin-top: -20px;\">\u2192 Manuela Ferreira \u2022 <span style=\"font-size: 0.8em;\">UICISA: E,  Polytechnic Institute of Viseu, Portugal<\/span><\/p>\n<p style=\"margin-top: -20px;\">\u2192 Maria Jo\u00e3o Barroca \u2022 <span style=\"font-size: 0.8em;\">Centre of Molecular Chemistry-Physics, Department of Chemistry, University of Coimbra, Portugal<\/span><\/p>\n<p style=\"margin-top: -20px;\">\u2192 Of\u00e9lia Anjos \u2022 <span style=\"font-size: 0.8em;\">Escola Superior Agr\u00e1ria, Polytechnic Institute of  Castelo Branco, Portugal<\/span><\/p>\n<p style=\"margin-top: -20px;\">\u2192 Paula Correia \u2022 <span style=\"font-size: 0.8em;\">CERNAS, Polytechnic Institute of Viseu, Portugal<\/span><\/p>\n<p style=\"margin-top: -20px;\">\u2192 Sofia Campos \u2022 <span style=\"font-size: 0.8em;\">Ci&#038;DEI, Polytechnic Institute of Viseu, Portugal<\/span><\/p>\n<p style=\"margin-top: -20px;\">\u2192 V\u00edtor Martinho \u2022 <span style=\"font-size: 0.8em;\">CERNAS, Polytechnic Institute of Viseu, Portugal<\/span><\/p>\n<\/div>\n<div class=\"column50\" style=\"background-color: #f2f5f7; padding: 50px;\">\n<h2>International<br \/>Scientific Committee<\/h2>\n<p>\u2192 Dace Klava \u2022 <span style=\"font-size: 0.8em;\">LLU, Faculty of Food Technology, Latvia<\/span><\/p>\n<p style=\"margin-top: -20px;\">\u2192 Elena Bartkiene \u2022 <span style=\"font-size: 0.8em;\">Department of Food Safety and Quality, Lithuanian University of Health Sciences, Kaunas, Lithuania<\/span><\/p>\n<p style=\"margin-top: -20px;\">\u2192 Elena Vittadini \u2022 <span style=\"font-size: 0.8em;\">School of Biosciences and Veterinary Medicine, University of Camerino, Camerino (MC), Italy<\/span><\/p>\n<p style=\"margin-top: -20px;\">\u2192 Ilija Djeki\u0107 \u2022 <span style=\"font-size: 0.8em;\">University of Belgrade &#8211; Faculty of Agriculture, Belgrade, Serbia<\/span><\/p>\n<p style=\"margin-top: -20px;\">\u2192 Ivana Rumbak \u2022 <span style=\"font-size: 0.8em;\">Faculty of Food Technology and Biotechnology, University of Zagreb, Croatia<\/span><\/p>\n<p style=\"margin-top: -20px;\">\u2192 Kathy Keenan Isoldi \u2022 <span style=\"font-size: 0.8em;\">Long island University, USA<\/span><\/p>\n<p style=\"margin-top: -20px;\">\u2192 Ma\u0142gorzata Korzeniowska \u2022 <span style=\"font-size: 0.8em;\">Wroclaw University of Environmental and Life Sciences, Wroc\u0142aw, Poland<\/span><\/p>\n<p style=\"margin-top: -20px;\">\u2192 Marcela Adriana Leal \u2022 <span style=\"font-size: 0.8em;\">Red IESVIDAS (Investigaci\u00f3n en Estilos de Vida Saludable) and CONINUT (Consorcio de Investigadores en Nutriolog\u00eda), Argentina<\/span><\/p>\n<p style=\"margin-top: -20px;\">\u2192 Maria Papageorgiou \u2022 <span style=\"font-size: 0.8em;\">Department of Food Science and Technology, International Hellenic University, Thessaloniki, Greece<\/span><\/p>\n<p style=\"margin-top: -20px;\">\u2192 Marijana Matek Sari\u0107 \u2022 <span style=\"font-size: 0.8em;\">Department of Health Studies,  University of Zadar, Croatia<\/span><\/p>\n<p style=\"margin-top: -20px;\">\u2192 Ma\u0161a \u010cerneli\u010d Bizjak \u2022 <span style=\"font-size: 0.8em;\">Faculty of Health Sciences, University of Primorska, Slovenia<\/span><\/p>\n<p style=\"margin-top: -20px;\">\u2192 Monica Tarcea \u2022 <span style=\"font-size: 0.8em;\">Dep. Community Nutrition and Food Safety, George Emil Palade University of Targu Mures, Romania<\/span><\/p>\n<p style=\"margin-top: -20px;\">\u2192 Vanessa Ferreira \u2022 <span style=\"font-size: 0.8em;\">UFVJM. FCBS. Departamento de Nutri\u00e7\u00e3o, Campus JK, Diamantina, Minas Gerais, Brasil<\/span><\/p>\n<\/div>\n<\/div>\n<div class=\"container\">\n<div class=\"column30Fr\" style=\"background-color: rgba(44,72,63,0.9); color: #fff; padding: 50px 50px 0px 50px;\">\n<h5 style=\"color: #fff;\">Thematic Areas<\/h5>\n<p>\u2192 Eating Motivations<br \/>\n\u2192 Determinants of Food Choice<br \/>\n\u2192 Trends in Food Science<br \/>\n\u2192 Food Properties<br \/>\n\u2192 Sensory Science<br \/>\n\u2192 Gastronomy<br \/>\n\u2192 Diet and Nutrition<br \/>\n\u2192 Bioactive Ingredients<br \/>\n\u2192 Functional Foods and Nutraceuticals<br \/>\n\u2192 Food Safety Concerns<br \/>\n\u2192 Food Security and Sustainability\n<\/p><\/div>\n<\/div>\n<\/div>\n","protected":false},"excerpt":{"rendered":"<p>International Web Conference on Food Choice &#038;Eating Motivation 19th &#038; 20th may, 2022 power registration library_books journals file_download abstract template file_download poster template recent_actors speaker perm_camera_mic programme Important Dates \u2192 Deadline for abstract submission for oral communication: 15 April, 2022 \u2192 Deadline for abstract submission for poster communication: 30 April, 2022 \u2192 Deadline for submission &hellip;<\/p>\n<p class=\"read-more\"> <a class=\"\" href=\"https:\/\/events.ipv.pt\/fcem\/\"> <span class=\"screen-reader-text\">Home<\/span> Read More &raquo;<\/a><\/p>\n","protected":false},"author":1,"featured_media":0,"parent":0,"menu_order":0,"comment_status":"closed","ping_status":"closed","template":"","meta":{"site-sidebar-layout":"default","site-content-layout":"default","ast-global-header-display":"","ast-main-header-display":"","ast-hfb-above-header-display":"","ast-hfb-below-header-display":"","ast-hfb-mobile-header-display":"","site-post-title":"disabled","ast-breadcrumbs-content":"","ast-featured-img":"","footer-sml-layout":"","theme-transparent-header-meta":"default","adv-header-id-meta":"","stick-header-meta":"","header-above-stick-meta":"","header-main-stick-meta":"","header-below-stick-meta":"","footnotes":""},"class_list":["post-12","page","type-page","status-publish","hentry"],"_links":{"self":[{"href":"https:\/\/events.ipv.pt\/fcem\/wp-json\/wp\/v2\/pages\/12","targetHints":{"allow":["GET"]}}],"collection":[{"href":"https:\/\/events.ipv.pt\/fcem\/wp-json\/wp\/v2\/pages"}],"about":[{"href":"https:\/\/events.ipv.pt\/fcem\/wp-json\/wp\/v2\/types\/page"}],"author":[{"embeddable":true,"href":"https:\/\/events.ipv.pt\/fcem\/wp-json\/wp\/v2\/users\/1"}],"replies":[{"embeddable":true,"href":"https:\/\/events.ipv.pt\/fcem\/wp-json\/wp\/v2\/comments?post=12"}],"version-history":[{"count":331,"href":"https:\/\/events.ipv.pt\/fcem\/wp-json\/wp\/v2\/pages\/12\/revisions"}],"predecessor-version":[{"id":935,"href":"https:\/\/events.ipv.pt\/fcem\/wp-json\/wp\/v2\/pages\/12\/revisions\/935"}],"wp:attachment":[{"href":"https:\/\/events.ipv.pt\/fcem\/wp-json\/wp\/v2\/media?parent=12"}],"curies":[{"name":"wp","href":"https:\/\/api.w.org\/{rel}","templated":true}]}}