{"id":500,"date":"2021-02-09T10:05:33","date_gmt":"2021-02-09T10:05:33","guid":{"rendered":"http:\/\/localhost\/cmr\/?page_id=500"},"modified":"2021-06-30T08:14:18","modified_gmt":"2021-06-30T08:14:18","slug":"saude","status":"publish","type":"page","link":"https:\/\/events.ipv.pt\/cmr\/saude\/","title":{"rendered":"SA\u00daDE"},"content":{"rendered":"<div class=\"parallaxCMR\"><div style=\"background-color: rgba(0,0,0,0.7); padding-top: 250px; padding-bottom: 20px;\">\n<div class=\"ast-container col-containerEnd\">\n<div class=\"column50\" data-aos=\"zoom-in-up\" style=\"text-align: right; padding-right: 15px;\">\n<h3 style=\"color: #fff; text-align: right;\"><span style=\"background-color: rgba(158,155,104,0.5); padding-left: 10px; padding-right: 10px; border-radius: 50px;\">CONFER\u00caNCIA H\u00cdBRIDA<\/span><\/h3>\n<h4 style=\"color: #fff; text-align: right;\">CMR | International Conference on<br \/>\nMultidisciplinary Research<\/h4>\n<h2 style=\"color: #fff;\">1<span style=\"font-size: 0.8em; color: #9e9b68;\">&#038;<\/span>2 julho<span style=\"color: #9e9b68;\">,<\/span> 2021<\/h2>\n<p><!--<a class=\"button_br\" href=\"http:\/\/localhost\/cmr\/registra\/\">INSCREVA-SE J\u00c1<\/a><br \/>--><br \/>\n<a class=\"button_br\" href=\"http:\/\/localhost\/cmr\/wp-content\/uploads\/2021\/06\/programCMR.pdf\" target=\"_blank\" rel=\"noopener\">PROGRAMA PROVIS\u00d3RIO<\/a><br \/>\n<a class=\"button_br\" href=\"http:\/\/localhost\/cmr\/wp-content\/uploads\/2021\/06\/parallelSessionsCMR.pdf\" target=\"_blank\" rel=\"noopener\">SESS\u00d5ES PARALELAS PROVIS\u00d3RIAS<\/a>\n<\/div>\n<div class=\"column50\">\n<h5 style=\"color: #9e9b68;\">TEMPLATES DE ABSTRACT<\/h5>\n<p><a class=\"button_cast\" href=\"http:\/\/localhost\/cmr\/wp-content\/uploads\/template\/template_en.rar\" rel=\"noopener noreferrer\" target=\"_blank\">abstract | ingl\u00eas<\/a><br \/>\n<a class=\"button_cast\" href=\"http:\/\/localhost\/cmr\/wp-content\/uploads\/template\/template_pt-en.rar\" rel=\"noopener noreferrer\" target=\"_blank\">abstract | portugu\u00eas &#038; ingl\u00eas<\/a>\n<\/div>\n<\/div>\n<\/div>\n<\/p>\n<div style=\"background-color: rgba(168,45,124,0.75); border-top: 1px solid #000; margin-top: -15px;\">\n<div class=\"ast-container\">\n<div class=\"triangP\"><\/div>\n<h3 style=\"padding-top: 20px;\">SA\u00daDE<\/h3>\n<p><i class=\"fa fa-caret-right\"><\/i> Processos de sa\u00fade\/doen\u00e7a ao longo do ciclo vital<br \/>\n<i class=\"fa fa-caret-right\"><\/i> Sa\u00fade sexual e reprodutiva<br \/>\n<i class=\"fa fa-caret-right\"><\/i> Sa\u00fade mental<br \/>\n<i class=\"fa fa-caret-right\"><\/i> Viol\u00eancia em meio escolar, familiar e laboral<br \/>\n<i class=\"fa fa-caret-right\"><\/i> Interculturalidade e imigra\u00e7\u00e3o<br \/>\n<i class=\"fa fa-caret-right\"><\/i> Qualidade de vida<br \/>\n<i class=\"fa fa-caret-right\"><\/i> Literacia em sa\u00fade p\u00fablica, familiar e comunit\u00e1ria<br \/>\n<a class=\"bt_pr\" style=\"text-align: center;\" href=\"http:\/\/localhost\/cmr\/wp-content\/uploads\/template\/template_oralpresentation_health.pptx\">template comunica\u00e7\u00e3o oral<\/a>\n<\/div>\n<\/div>\n<div style=\"background-color: #fff; border-top: 1px solid #000;\">\n<div class=\"ast-container\">\n<div class=\"triangP\"><\/div>\n<h3 style=\"padding-top: 20px;\">CONFERENCISTA<\/h3>\n<div class=\"col-container\">\n<div class=\"column20\">\n<div data-aos=\"fade-right\" style=\"padding-top: 20px; background-color: #fff;\">\n<img loading=\"lazy\" decoding=\"async\" style=\"margin-top: -20px;\" src=\"http:\/\/localhost\/cmr\/wp-content\/uploads\/2021\/06\/csequeira.jpg\" alt=\"\" width=\"500\" height=\"500\" class=\"alignnone size-full wp-image-846\" srcset=\"https:\/\/events.ipv.pt\/cmr\/wp-content\/uploads\/2021\/06\/csequeira.jpg 500w, https:\/\/events.ipv.pt\/cmr\/wp-content\/uploads\/2021\/06\/csequeira-300x300.jpg 300w, https:\/\/events.ipv.pt\/cmr\/wp-content\/uploads\/2021\/06\/csequeira-150x150.jpg 150w\" sizes=\"auto, (max-width: 500px) 100vw, 500px\" \/><\/p>\n<div style=\"padding: 50px 15px 15px 15px; border-top: 5px solid #a82d7c; margin-top: -15px; text-align: center;\">\n<p><span style=\"font-size: 1.2em;\">Carlos Sequeira, <\/span><br \/><span style=\"font-size: 0.8em;\">PhD<\/span><br \/>\n<span style=\"color: #a1a1a1; font-size: 0.9em;\"><a class=\"s_letra\" href=\"http:\/\/esenf.pt\/\" rel=\"noopener noreferrer\" target=\"_blank\">NURSING SCHOOL OF PORTO<\/a>, CINTESIS<\/span><\/p>\n<\/div>\n<\/div>\n<\/div>\n<div class=\"column80\" style=\"padding-left: 20px; padding-right: 20px;\">\n<h4>LITERACIA E SA\u00daDE MENTAL NOS ESTUDANTES DO ENSINO SUPERIOR<\/h4>\n<\/div>\n<div class=\"column20\">\n<div data-aos=\"fade-right\" style=\"padding-top: 20px; background-color: #fff;\">\n<img loading=\"lazy\" decoding=\"async\" src=\"http:\/\/localhost\/cmr\/wp-content\/uploads\/2021\/06\/aPedro.jpg\" alt=\"\" width=\"500\" height=\"500\" class=\"alignnone size-full wp-image-895\" srcset=\"https:\/\/events.ipv.pt\/cmr\/wp-content\/uploads\/2021\/06\/aPedro.jpg 500w, https:\/\/events.ipv.pt\/cmr\/wp-content\/uploads\/2021\/06\/aPedro-300x300.jpg 300w, https:\/\/events.ipv.pt\/cmr\/wp-content\/uploads\/2021\/06\/aPedro-150x150.jpg 150w\" sizes=\"auto, (max-width: 500px) 100vw, 500px\" \/><\/p>\n<div style=\"padding: 50px 15px 15px 15px; border-top: 5px solid #a82d7c; margin-top: -15px; text-align: center;\">\n<p><span style=\"font-size: 1.2em;\">Ana Rita Pedro, <\/span><br \/><span style=\"font-size: 0.8em;\">PhD<\/span><br \/>\n<span style=\"color: #a1a1a1; font-size: 0.9em;\"><a class=\"s_letra\" href=\"https:\/\/www.ensp.unl.pt\/\" rel=\"noopener noreferrer\" target=\"_blank\">ESCOLA NACIONAL DE SA\u00daDE P\u00daBLICA<\/a><\/span>\n<\/div>\n<\/div>\n<\/div>\n<div class=\"column80\" style=\"padding-left: 20px; padding-right: 20px;\">\n<h4>PROMO\u00c7\u00c3O DA SA\u00daDE, LITERACIA E ESTILOS DE VIDA<\/h4>\n<div class=\"ast-container\" style=\"background-color: rgba(0,0,0,0.1); padding: 10px;\">\n<strong>Short Bio<\/strong><\/p>\n<p style=\"font-size: 0.9em;\">Ana Rita Pedro (PhD) Investigadora da ENSP. Doutorada em Sa\u00fade P\u00fablica, pela Escola Nacional de Sa\u00fade P\u00fablica. Mestre e Licenciada em Pol\u00edtica Social pelo Instituto Superior de Ci\u00eancias Sociais e Pol\u00edticas.<br \/>\nApresenta uma vasta experi\u00eancia em Investiga\u00e7\u00e3o e Doc\u00eancia\/Forma\u00e7\u00e3o ao n\u00edvel Superior como Investigadora da Escola Nacional de Sa\u00fade P\u00fablica e Docente\/Preletora\/Formadora em diversas institui\u00e7\u00f5es, no \u00e2mbito de tem\u00e1ticas relacionadas com Metodologias de Investiga\u00e7\u00e3o, Sa\u00fade P\u00fablica, Promo\u00e7\u00e3o da Sa\u00fade, Literacia e Comunica\u00e7\u00e3o em Sa\u00fade.<br \/>\nIntegrou diferentes grupos de trabalho, nomeadamente, a Task-force para o desenho do Programa Nacional de Educa\u00e7\u00e3o para a Sa\u00fade, Literacia e Autocuidados, promovida pela Dire\u00e7\u00e3o Geral da Sa\u00fade.<br \/>\nAutora e co-autora de diversos artigos cient\u00edficos.<\/p>\n<\/div>\n<\/div>\n<\/div>\n<\/div>\n<\/div>\n<div style=\"background-color: RGBA(255,255,255, 0.9); border-top: 1px solid #000;\">\n<div class=\"ast-container\" style=\"padding-top: 80px; padding-bottom: 80px;\">\n<h3>REVISTA<\/h3>\n<p><a class=\"s_letra\" href=\"https:\/\/rr.esenfc.pt\/rr\/\" rel=\"noopener noreferrer\" target=\"_blank\">REVISTA DE ENFERMAGEM REFER\u00caNCIA<\/a><\/p>\n<p>Possibilidade de publicar artigo completo na Revista de Enfermagem Refer\u00eancia(Indexado na Scopus).<br \/>\nPara mais informa\u00e7\u00f5es, por favor contacte <a class=\"s_letra\" href=\"mailto:referencia@esenfc.pt\" rel=\"noopener noreferrer\" target=\"_blank\">referencia@esenfc.pt<\/a><\/p>\n<div style=\"border-top: 1px solid #a82d7c; border-bottom: 1px dotted #a82d7c; padding-top: 20px; margin-bottom: 50px;\">\nINDEXADO EM<br \/>\nSCOPUS; BIBLIOTECA VIRTUAL EM SA\u00daDE; RED EDIT; PROQUEST; REDALYC; DOAJ; SCIELO CITATION INDEX; SCIELO PORTUGAL; CINAHL; EBSCO HOST; CUIDEN; HEMEROTECA CANT\u00c1RIDA; CIBERE; LATINDEX\n<\/div>\n<p><a class=\"s_letra\" href=\"https:\/\/revistas.rcaap.pt\/millenium\/index\" rel=\"noopener noreferrer\" target=\"_blank\">MILLENIUM &#8211; JOURNAL OF EDUCATION, TECHNOLOGIES AND HEALTH<\/a><\/p>\n<p>Todos os resumos aceites (para comunica\u00e7\u00f5es orais ou em e-p\u00f3ster) ser\u00e3o publicados numa edi\u00e7\u00e3o especial da revista Millenium &#8211; Journal of Education, Technologies and Health.<\/p>\n<p>Os autores poder\u00e3o ainda submeter o artigo na <a class=\"s_letra\" href=\"https:\/\/revistas.rcaap.pt\/millenium\/about\/submissions\" rel=\"noopener noreferrer\" target=\"_blank\">plataforma da Millenium<\/a>.<br \/>\n<strong>Documentos necess\u00e1rios \u00e0 submiss\u00e3o<\/strong><br \/>\n<span style=\"padding-left: 10px;\"> <i class=\"fa fa-caret-right\"><\/i> <a class=\"s_letra\" href=\"http:\/\/repositorio.ipv.pt\/bitstream\/10400.19\/3258\/34\/TemplateArticle_PT.docx\" rel=\"noopener noreferrer\" target=\"_blank\">Template do artigo<\/a> (formato edit\u00e1vel)<\/span><br \/>\n<span style=\"padding-left: 10px;\"> <i class=\"fa fa-caret-right\"><\/i> <a class=\"s_letra\" href=\"http:\/\/repositorio.ipv.pt\/bitstream\/10400.19\/3258\/35\/0%20-%20Ficha%20Autores%20Artigo_trad.docx\" rel=\"noopener noreferrer\" target=\"_blank\">Ficha de Artigo<\/a><\/p>\n<p>Os autores devem cumprir com as normas e pol\u00edtica editorial da Millenium, entre outros:<br \/>\n<span style=\"padding-left: 10px;\"> <i class=\"fa fa-caret-right\"><\/i> O Artigo deve ser Original e n\u00e3o ter sido ainda publicado;<\/span><br \/>\n<span style=\"padding-left: 10px;\"> <i class=\"fa fa-caret-right\"><\/i> T\u00edtulo, Resumo, Palavras-chave \/ Descritores em Portugu\u00eas, Ingl\u00eas e Castelhano, logo na submiss\u00e3o da 1\u00aa vers\u00e3o do artigo;<\/span><br \/>\n<span style=\"padding-left: 10px;\"> <i class=\"fa fa-caret-right\"><\/i> O texto completo do artigo pode ser submetido em PT, EN, ES e FR;<\/span><br \/>\n<span style=\"padding-left: 10px;\"> <i class=\"fa fa-caret-right\"><\/i> Ficha de Autores completa;<\/span><br \/>\n<span style=\"padding-left: 10px;\"> <i class=\"fa fa-caret-right\"><\/i> Artigo estruturado de acordo com o Template da Revista;<\/span><br \/>\n<span style=\"padding-left: 10px;\"> <i class=\"fa fa-caret-right\"><\/i> Resumo Estruturado;<\/span><br \/>\n<span style=\"padding-left: 10px;\"> <i class=\"fa fa-caret-right\"><\/i> Refer\u00eancias Bibliogr\u00e1ficas de acordo com o estilo APA;<\/span><\/p>\n<div style=\"border-top: 1px solid #a82d7c; border-bottom: 1px dotted #a82d7c; padding-top: 20px; margin-bottom: 50px;\">\nINDEXADO EM<br \/>\n<a class=\"s_letra\" href=\"https:\/\/repositorio.ipv.pt\/\" rel=\"noopener noreferrer\" target=\"_blank\">Reposit\u00f3rio Cient\u00edfico do Instituto Polit\u00e9cnico de Viseu<\/a>; <a class=\"s_letra\" href=\"https:\/\/dialnet.unirioja.es\/\" rel=\"noopener noreferrer\" target=\"_blank\">Dialnet<\/a>; LATINDEX \u2013 <a class=\"s_letra\" href=\"https:\/\/www.latindex.unam.mx\/index.html\" rel=\"noopener noreferrer\" target=\"_blank\">Sistema Regional de Informaci\u00f3n en L\u00ednea para Revistas Cient\u00edficas de Am\u00e9rica Latina, el Caribe, Espa\u00f1a y Portugal<\/a>;  DOAJ &#8211; <a class=\"s_letra\" href=\"https:\/\/www.doaj.org\/\" rel=\"noopener noreferrer\" target=\"_blank\">Directory of Open Access Journals; SCIELO<\/a>\n<\/div>\n<h3>COMISS\u00c3O CIENT\u00cdFICA<\/h3>\n<div class=\"col-container\">\n<div class=\"column50\" style=\"padding-left: 10px; padding-right: 10px;\">\n<p style=\"padding-top: 10px;\">Manuela Ferreira<br \/>\n<span style=\"font-size: 0.8em;\">POLIT\u00c9CNICO DE VISEU, ESCOLA SUPERIOR DE SA\u00daDE, UICISA: E, Portugal | <a class=\"s_letra\" href=\"https:\/\/www.cienciavitae.pt\/portal\/EA14-A6F8-7011\" rel=\"noopener noreferrer\" target=\"_blank\"><strong>cienviaVITAE<\/strong><\/a><\/span><\/p>\n<p>Aida Mendes<br \/>\n<span style=\"font-size: 0.8em;\">HEALTH SCIENCES RESEARCH UNIT: NURSING (UICISA: E), NURSING SCHOOL OF COIMBRA (ESEnfC), Portugal | <a class=\"s_letra\" href=\"https:\/\/www.cienciavitae.pt\/411F-DD44-2DCB\" rel=\"noopener noreferrer\" target=\"_blank\"><strong>cienviaVITAE<\/strong><\/a><\/span><\/p>\n<p>Carlos Sequeira<br \/>\n<span style=\"font-size: 0.8em;\">ESCOLA SUPERIOR DE ENFERMAGEM DO PORTO, NursID, CINTESIS, Portugal | <a class=\"s_letra\" href=\"https:\/\/www.researchgate.net\/profile\/Carlos_Sequeira2\" rel=\"noopener noreferrer\" target=\"_blank\"><strong>researchGATE<\/strong><\/a><\/span><\/p>\n<p>Cl\u00e1udia Chaves<br \/>\n<span style=\"font-size: 0.8em;\">POLIT\u00c9CNICO DE VISEU, ESCOLA SUPERIOR DE SA\u00daDE, CI&#038;DEI, Portugal | <a class=\"s_letra\" href=\"https:\/\/www.cienciavitae.pt\/7C19-6CEF-B511\" rel=\"noopener noreferrer\" target=\"_blank\"><strong>cienviaVITAE<\/strong><\/a><\/span><\/p>\n<p>Cleinaldo de Almeida Costa<br \/>\n<span style=\"font-size: 0.8em;\">AMAZONAS STATE UNIVERSITY, Brazil | <a class=\"s_letra\" href=\"https:\/\/www.researchgate.net\/scientific-contributions\/84737465_Cleinaldo_de_Almeida_Costa\" rel=\"noopener noreferrer\" target=\"_blank\"><strong>researchGATE<\/strong><\/a><\/span><\/p>\n<\/div>\n<div class=\"column50\" style=\"padding-left: 10px; padding-right: 10px;\">\n<p style=\"padding-top: 10px;\">Daniel Silva<br \/>\n<span style=\"font-size: 0.8em;\">POLIT\u00c9CNICO DE VISEU, ESCOLA SUPERIOR DE SA\u00daDE, UICISA: E, Portugal | <a class=\"s_letra\" href=\"https:\/\/www.cienciavitae.pt\/C11C-C86B-1EC8\" rel=\"noopener noreferrer\" target=\"_blank\"><strong>cienviaVITAE<\/strong><\/a><\/span><\/p>\n<p>Ernestina Silva<br \/>\n<span style=\"font-size: 0.8em;\">POLIT\u00c9CNICO DE VISEU, ESCOLA SUPERIOR DE SA\u00daDE, UICISA: E, Portugal | <a class=\"s_letra\" href=\"https:\/\/www.cienciavitae.pt\/portal\/311B-3D04-51C8\" rel=\"noopener noreferrer\" target=\"_blank\"><strong>cienviaVITAE<\/strong><\/a><\/span><\/p>\n<p>L\u00eddia Cabral<br \/>\n<span style=\"font-size: 0.8em;\">POLIT\u00c9CNICO DE VISEU, ESCOLA SUPERIOR DE SA\u00daDE, UICISA: E, Portugal | <a class=\"s_letra\" href=\"https:\/\/www.cienciavitae.pt\/portal\/5E15-D153-D1B1\" rel=\"noopener noreferrer\" target=\"_blank\"><strong>cienviaVITAE<\/strong><\/a><\/span><\/p>\n<p>Manuel Rodrigues<br \/>\n<span style=\"font-size: 0.8em;\">HEALTH SCIENCES RESEARCH UNIT: NURSING (UICISA: E), NURSING SCHOOL OF COIMBRA (ESEnfC), Portugal | <a class=\"s_letra\" href=\"https:\/\/www.cienciavitae.pt\/571E-0CEA-45CB\" rel=\"noopener noreferrer\" target=\"_blank\"><strong>cienviaVITAE<\/strong><\/a><\/span><\/p>\n<p>Rosa Martins<br \/>\n<span style=\"font-size: 0.8em;\">POLIT\u00c9CNICO DE VISEU, ESCOLA SUPERIOR DE SA\u00daDE, UICISA: E, Portugal | <a class=\"s_letra\" href=\"https:\/\/www.cienciavitae.pt\/portal\/CB11-984E-CDCA\" rel=\"noopener noreferrer\" target=\"_blank\"><strong>cienviaVITAE<\/strong><\/a><\/span><\/p>\n<\/div>\n<\/div>\n<\/div>\n<\/div>\n<\/div>\n<\/div>\n","protected":false},"excerpt":{"rendered":"<p>SA\u00daDE Processos de sa\u00fade\/doen\u00e7a ao longo do ciclo vital Sa\u00fade sexual e reprodutiva Sa\u00fade mental Viol\u00eancia em meio escolar, familiar e laboral Interculturalidade e imigra\u00e7\u00e3o Qualidade de vida Literacia em sa\u00fade p\u00fablica, familiar e comunit\u00e1ria template comunica\u00e7\u00e3o oral CONFERENCISTA Carlos Sequeira, PhD NURSING SCHOOL OF PORTO, CINTESIS LITERACIA E SA\u00daDE MENTAL NOS ESTUDANTES DO ENSINO &hellip;<\/p>\n<p class=\"read-more\"> <a class=\"\" href=\"https:\/\/events.ipv.pt\/cmr\/saude\/\"> <span class=\"screen-reader-text\">SA\u00daDE<\/span> Read More &raquo;<\/a><\/p>\n","protected":false},"author":1,"featured_media":0,"parent":0,"menu_order":0,"comment_status":"closed","ping_status":"closed","template":"","meta":{"site-sidebar-layout":"default","site-content-layout":"default","ast-global-header-display":"","ast-main-header-display":"","ast-hfb-above-header-display":"","ast-hfb-below-header-display":"","ast-hfb-mobile-header-display":"","site-post-title":"disabled","ast-breadcrumbs-content":"","ast-featured-img":"","footer-sml-layout":"","theme-transparent-header-meta":"default","adv-header-id-meta":"","stick-header-meta":"","header-above-stick-meta":"","header-main-stick-meta":"","header-below-stick-meta":"","footnotes":""},"class_list":["post-500","page","type-page","status-publish","hentry"],"translation":{"provider":"WPGlobus","version":"3.0.2","language":"pt","enabled_languages":["pt","en"],"languages":{"pt":{"title":true,"content":true,"excerpt":false},"en":{"title":false,"content":true,"excerpt":false}}},"yoast_head":"<!-- This site is optimized with the Yoast SEO plugin v27.4 - https:\/\/yoast.com\/product\/yoast-seo-wordpress\/ -->\r\n<title>SA\u00daDE &#8226; CMR<\/title>\r\n<meta name=\"robots\" content=\"index, follow, max-snippet:-1, max-image-preview:large, max-video-preview:-1\" \/>\r\n<link rel=\"canonical\" href=\"https:\/\/events.ipv.pt\/cmr\/saude\/\" \/>\r\n<meta property=\"og:locale\" content=\"pt_PT\" \/>\r\n<meta property=\"og:type\" content=\"article\" \/>\r\n<meta property=\"og:title\" content=\"SA\u00daDE &#8226; CMR\" \/>\r\n<meta property=\"og:url\" content=\"https:\/\/events.ipv.pt\/cmr\/saude\/\" \/>\r\n<meta property=\"og:site_name\" content=\"CMR\" \/>\r\n<meta property=\"article:modified_time\" content=\"2021-06-30T08:14:18+00:00\" \/>\r\n<meta property=\"og:image\" content=\"http:\/\/localhost\/cmr\/wp-content\/uploads\/2021\/06\/csequeira.jpg\" \/>\r\n<meta name=\"twitter:card\" content=\"summary_large_image\" \/>\r\n<meta name=\"twitter:label1\" content=\"Tempo estimado de leitura\" \/>\n\t<meta name=\"twitter:data1\" content=\"6 minutos\" \/>\r\n<script type=\"application\/ld+json\" class=\"yoast-schema-graph\">{\"@context\":\"https:\\\/\\\/schema.org\",\"@graph\":[{\"@type\":\"WebPage\",\"@id\":\"https:\\\/\\\/events.ipv.pt\\\/cmr\\\/saude\\\/\",\"url\":\"https:\\\/\\\/events.ipv.pt\\\/cmr\\\/saude\\\/\",\"name\":\"SA\u00daDE &#8226; CMR\",\"isPartOf\":{\"@id\":\"https:\\\/\\\/events.ipv.pt\\\/cmr\\\/#website\"},\"primaryImageOfPage\":{\"@id\":\"https:\\\/\\\/events.ipv.pt\\\/cmr\\\/saude\\\/#primaryimage\"},\"image\":{\"@id\":\"https:\\\/\\\/events.ipv.pt\\\/cmr\\\/saude\\\/#primaryimage\"},\"thumbnailUrl\":\"http:\\\/\\\/localhost\\\/cmr\\\/wp-content\\\/uploads\\\/2021\\\/06\\\/csequeira.jpg\",\"datePublished\":\"2021-02-09T10:05:33+00:00\",\"dateModified\":\"2021-06-30T08:14:18+00:00\",\"breadcrumb\":{\"@id\":\"https:\\\/\\\/events.ipv.pt\\\/cmr\\\/saude\\\/#breadcrumb\"},\"inLanguage\":\"pt-PT\",\"potentialAction\":[{\"@type\":\"ReadAction\",\"target\":[\"https:\\\/\\\/events.ipv.pt\\\/cmr\\\/saude\\\/\"]}]},{\"@type\":\"ImageObject\",\"inLanguage\":\"pt-PT\",\"@id\":\"https:\\\/\\\/events.ipv.pt\\\/cmr\\\/saude\\\/#primaryimage\",\"url\":\"http:\\\/\\\/localhost\\\/cmr\\\/wp-content\\\/uploads\\\/2021\\\/06\\\/csequeira.jpg\",\"contentUrl\":\"http:\\\/\\\/localhost\\\/cmr\\\/wp-content\\\/uploads\\\/2021\\\/06\\\/csequeira.jpg\"},{\"@type\":\"BreadcrumbList\",\"@id\":\"https:\\\/\\\/events.ipv.pt\\\/cmr\\\/saude\\\/#breadcrumb\",\"itemListElement\":[{\"@type\":\"ListItem\",\"position\":1,\"name\":\"Home\",\"item\":\"https:\\\/\\\/events.ipv.pt\\\/cmr\\\/\"},{\"@type\":\"ListItem\",\"position\":2,\"name\":\"SA\u00daDE\"}]},{\"@type\":\"WebSite\",\"@id\":\"https:\\\/\\\/events.ipv.pt\\\/cmr\\\/#website\",\"url\":\"https:\\\/\\\/events.ipv.pt\\\/cmr\\\/\",\"name\":\"CMR International Conference on Multidisciplinary Research\",\"description\":\"International Conference on Multidisciplinary Research\",\"publisher\":{\"@id\":\"https:\\\/\\\/events.ipv.pt\\\/cmr\\\/#organization\"},\"potentialAction\":[{\"@type\":\"SearchAction\",\"target\":{\"@type\":\"EntryPoint\",\"urlTemplate\":\"https:\\\/\\\/events.ipv.pt\\\/cmr\\\/?s={search_term_string}\"},\"query-input\":{\"@type\":\"PropertyValueSpecification\",\"valueRequired\":true,\"valueName\":\"search_term_string\"}}],\"inLanguage\":\"pt-PT\"},{\"@type\":\"Organization\",\"@id\":\"https:\\\/\\\/events.ipv.pt\\\/cmr\\\/#organization\",\"name\":\"Instituto Polit\u00e9cnico de Viseu\",\"url\":\"https:\\\/\\\/events.ipv.pt\\\/cmr\\\/\",\"logo\":{\"@type\":\"ImageObject\",\"inLanguage\":\"pt-PT\",\"@id\":\"https:\\\/\\\/events.ipv.pt\\\/cmr\\\/#\\\/schema\\\/logo\\\/image\\\/\",\"url\":\"http:\\\/\\\/localhost\\\/cmr\\\/wp-content\\\/uploads\\\/2021\\\/03\\\/logo_pv.png\",\"contentUrl\":\"http:\\\/\\\/localhost\\\/cmr\\\/wp-content\\\/uploads\\\/2021\\\/03\\\/logo_pv.png\",\"width\":4205,\"height\":1108,\"caption\":\"Instituto Polit\u00e9cnico de Viseu\"},\"image\":{\"@id\":\"https:\\\/\\\/events.ipv.pt\\\/cmr\\\/#\\\/schema\\\/logo\\\/image\\\/\"}}]}<\/script>\r\n<!-- \/ Yoast SEO plugin. -->","yoast_head_json":{"title":"SA\u00daDE &#8226; CMR","robots":{"index":"index","follow":"follow","max-snippet":"max-snippet:-1","max-image-preview":"max-image-preview:large","max-video-preview":"max-video-preview:-1"},"canonical":"https:\/\/events.ipv.pt\/cmr\/saude\/","og_locale":"pt_PT","og_type":"article","og_title":"SA\u00daDE &#8226; CMR","og_url":"https:\/\/events.ipv.pt\/cmr\/saude\/","og_site_name":"CMR","article_modified_time":"2021-06-30T08:14:18+00:00","og_image":[{"url":"http:\/\/localhost\/cmr\/wp-content\/uploads\/2021\/06\/csequeira.jpg","type":"","width":"","height":""}],"twitter_card":"summary_large_image","twitter_misc":{"Tempo estimado de leitura":"6 minutos"},"schema":{"@context":"https:\/\/schema.org","@graph":[{"@type":"WebPage","@id":"https:\/\/events.ipv.pt\/cmr\/saude\/","url":"https:\/\/events.ipv.pt\/cmr\/saude\/","name":"SA\u00daDE &#8226; CMR","isPartOf":{"@id":"https:\/\/events.ipv.pt\/cmr\/#website"},"primaryImageOfPage":{"@id":"https:\/\/events.ipv.pt\/cmr\/saude\/#primaryimage"},"image":{"@id":"https:\/\/events.ipv.pt\/cmr\/saude\/#primaryimage"},"thumbnailUrl":"http:\/\/localhost\/cmr\/wp-content\/uploads\/2021\/06\/csequeira.jpg","datePublished":"2021-02-09T10:05:33+00:00","dateModified":"2021-06-30T08:14:18+00:00","breadcrumb":{"@id":"https:\/\/events.ipv.pt\/cmr\/saude\/#breadcrumb"},"inLanguage":"pt-PT","potentialAction":[{"@type":"ReadAction","target":["https:\/\/events.ipv.pt\/cmr\/saude\/"]}]},{"@type":"ImageObject","inLanguage":"pt-PT","@id":"https:\/\/events.ipv.pt\/cmr\/saude\/#primaryimage","url":"http:\/\/localhost\/cmr\/wp-content\/uploads\/2021\/06\/csequeira.jpg","contentUrl":"http:\/\/localhost\/cmr\/wp-content\/uploads\/2021\/06\/csequeira.jpg"},{"@type":"BreadcrumbList","@id":"https:\/\/events.ipv.pt\/cmr\/saude\/#breadcrumb","itemListElement":[{"@type":"ListItem","position":1,"name":"Home","item":"https:\/\/events.ipv.pt\/cmr\/"},{"@type":"ListItem","position":2,"name":"SA\u00daDE"}]},{"@type":"WebSite","@id":"https:\/\/events.ipv.pt\/cmr\/#website","url":"https:\/\/events.ipv.pt\/cmr\/","name":"CMR International Conference on Multidisciplinary Research","description":"International Conference on Multidisciplinary Research","publisher":{"@id":"https:\/\/events.ipv.pt\/cmr\/#organization"},"potentialAction":[{"@type":"SearchAction","target":{"@type":"EntryPoint","urlTemplate":"https:\/\/events.ipv.pt\/cmr\/?s={search_term_string}"},"query-input":{"@type":"PropertyValueSpecification","valueRequired":true,"valueName":"search_term_string"}}],"inLanguage":"pt-PT"},{"@type":"Organization","@id":"https:\/\/events.ipv.pt\/cmr\/#organization","name":"Instituto Polit\u00e9cnico de Viseu","url":"https:\/\/events.ipv.pt\/cmr\/","logo":{"@type":"ImageObject","inLanguage":"pt-PT","@id":"https:\/\/events.ipv.pt\/cmr\/#\/schema\/logo\/image\/","url":"http:\/\/localhost\/cmr\/wp-content\/uploads\/2021\/03\/logo_pv.png","contentUrl":"http:\/\/localhost\/cmr\/wp-content\/uploads\/2021\/03\/logo_pv.png","width":4205,"height":1108,"caption":"Instituto Polit\u00e9cnico de Viseu"},"image":{"@id":"https:\/\/events.ipv.pt\/cmr\/#\/schema\/logo\/image\/"}}]}},"_links":{"self":[{"href":"https:\/\/events.ipv.pt\/cmr\/wp-json\/wp\/v2\/pages\/500","targetHints":{"allow":["GET"]}}],"collection":[{"href":"https:\/\/events.ipv.pt\/cmr\/wp-json\/wp\/v2\/pages"}],"about":[{"href":"https:\/\/events.ipv.pt\/cmr\/wp-json\/wp\/v2\/types\/page"}],"author":[{"embeddable":true,"href":"https:\/\/events.ipv.pt\/cmr\/wp-json\/wp\/v2\/users\/1"}],"replies":[{"embeddable":true,"href":"https:\/\/events.ipv.pt\/cmr\/wp-json\/wp\/v2\/comments?post=500"}],"version-history":[{"count":24,"href":"https:\/\/events.ipv.pt\/cmr\/wp-json\/wp\/v2\/pages\/500\/revisions"}],"predecessor-version":[{"id":1024,"href":"https:\/\/events.ipv.pt\/cmr\/wp-json\/wp\/v2\/pages\/500\/revisions\/1024"}],"wp:attachment":[{"href":"https:\/\/events.ipv.pt\/cmr\/wp-json\/wp\/v2\/media?parent=500"}],"curies":[{"name":"wp","href":"https:\/\/api.w.org\/{rel}","templated":true}]}}