{"id":315,"date":"2021-02-08T13:20:39","date_gmt":"2021-02-08T13:20:39","guid":{"rendered":"http:\/\/localhost\/cmr\/?page_id=315"},"modified":"2021-03-23T12:12:40","modified_gmt":"2021-03-23T12:12:40","slug":"inscricao","status":"publish","type":"page","link":"https:\/\/events.ipv.pt\/cmr\/inscricao\/","title":{"rendered":"INSCRI\u00c7\u00c3O"},"content":{"rendered":"<div class=\"parallaxCMR\"><div style=\"background-color: rgba(0,0,0,0.7); padding-top: 250px; padding-bottom: 20px;\">\n<div class=\"ast-container col-containerEnd\">\n<div class=\"column50\" data-aos=\"zoom-in-up\" style=\"text-align: right; padding-right: 15px;\">\n<h3 style=\"color: #fff; text-align: right;\"><span style=\"background-color: rgba(158,155,104,0.5); padding-left: 10px; padding-right: 10px; border-radius: 50px;\">CONFER\u00caNCIA H\u00cdBRIDA<\/span><\/h3>\n<h4 style=\"color: #fff; text-align: right;\">CMR | International Conference on<br \/>\nMultidisciplinary Research<\/h4>\n<h2 style=\"color: #fff;\">1<span style=\"font-size: 0.8em; color: #9e9b68;\">&#038;<\/span>2 julho<span style=\"color: #9e9b68;\">,<\/span> 2021<\/h2>\n<p><!--<a class=\"button_br\" href=\"http:\/\/localhost\/cmr\/registra\/\">INSCREVA-SE J\u00c1<\/a><br \/>--><br \/>\n<a class=\"button_br\" href=\"http:\/\/localhost\/cmr\/wp-content\/uploads\/2021\/06\/programCMR.pdf\" target=\"_blank\" rel=\"noopener\">PROGRAMA PROVIS\u00d3RIO<\/a><br \/>\n<a class=\"button_br\" href=\"http:\/\/localhost\/cmr\/wp-content\/uploads\/2021\/06\/parallelSessionsCMR.pdf\" target=\"_blank\" rel=\"noopener\">SESS\u00d5ES PARALELAS PROVIS\u00d3RIAS<\/a>\n<\/div>\n<div class=\"column50\">\n<h5 style=\"color: #9e9b68;\">TEMPLATES DE ABSTRACT<\/h5>\n<p><a class=\"button_cast\" href=\"http:\/\/localhost\/cmr\/wp-content\/uploads\/template\/template_en.rar\" rel=\"noopener noreferrer\" target=\"_blank\">abstract | ingl\u00eas<\/a><br \/>\n<a class=\"button_cast\" href=\"http:\/\/localhost\/cmr\/wp-content\/uploads\/template\/template_pt-en.rar\" rel=\"noopener noreferrer\" target=\"_blank\">abstract | portugu\u00eas &#038; ingl\u00eas<\/a>\n<\/div>\n<\/div>\n<\/div>\n<\/p>\n<div style=\"background-color: #fff; margin-top: -41px; padding-top: 50px; padding-bottom: 50px;\">\n<div class=\"ast-container col-container\">\n<div class=\"column50p\" style=\"text-align: center; border-radius: 100px; border: 2px solid #000; padding: 20px;\">\n<h3>1\u00aa fase<\/h3>\n<p>in\u00edcio: 20 de janeiro de 2020<br \/>\nfim: 4 de junho de 2021<\/p>\n<\/div>\n<div class=\"column50p\" style=\"text-align: center; border-radius: 100px; border: 2px solid #fff; padding: 20px;\">\n<h3>2\u00aa fase<\/h3>\n<p>in\u00edcio: 5 de junho de 2021<br \/>\nfim: 21 de junho de 2021<\/p>\n<\/div>\n<\/div>\n<div class=\"ast-container\" style=\"padding-top: 10px;\">\n<div style=\"overflow-x: auto; width: 100%;\">\n<table class=\"table\">\n<tbody>\n<tr style=\"background-color: rgba(255,255,255,0.3);\">\n<td><\/td>\n<td style=\"border-top: 3px solid #000; border-right: 1px solid #000;\" colspan=\"2\"><strong>Individual<\/strong><\/td>\n<td style=\"border-top: 3px solid #000; border-left: 1px solid #000;\" colspan=\"2\"><strong>Grupo de 5<\/strong><\/td>\n<\/tr>\n<tr style=\"background-color: rgba(255,255,255,0.3);\">\n<td style=\"border-bottom: 3px solid #000;\"><\/td>\n<td style=\"border-bottom: 3px solid #000; border-top: 1px solid #000;\"><strong>1\u00aa fase<\/strong><\/td>\n<td style=\"border-bottom: 3px solid #000; border-top: 1px solid #000; border-right: 1px solid #000;\"><strong>2\u00aa fase<\/strong><\/td>\n<td style=\"border-bottom: 3px solid #000; border-top: 1px solid #000; border-left: 1px solid #000;\"><strong>1\u00aa fase<\/strong><\/td>\n<td style=\"border-bottom: 3px solid #000; border-top: 1px solid #000;\"><strong>2\u00aa fase<\/strong><\/td>\n<\/tr>\n<tr>\n<td style=\"vertical-align: middle; text-align: left; border-right: 1px solid #000;\">Profissionais<\/td>\n<td style=\"border-left: 1px solid #000\">100.00 \u20ac<\/td>\n<td style=\"border-right: 1px solid #000;\">115.00 \u20ac<\/td>\n<td style=\"border-left: 1px solid #000;\">400.00 \u20ac<\/td>\n<td>460.00 \u20ac<\/td>\n<\/tr>\n<tr>\n<td style=\"text-align: left;  border-right: 1px solid #000;\">Estudantes do 1\u00ba Ciclo<\/td>\n<td style=\"border-left: 1px solid #000\">10.00 \u20ac<\/td>\n<td style=\"border-right: 1px solid #000;\">11.50 \u20ac<\/td>\n<td style=\"border-left: 1px solid #000;\">40.00 \u20ac<\/td>\n<td>46.00 \u20ac<\/td>\n<\/tr>\n<tr>\n<td style=\"text-align: left; border-bottom: 3px solid #000; border-right: 1px solid #000;\">Estudantes do 2\u00ba e 3\u00ba Ciclo<\/td>\n<td style=\"border-left: 1px solid #000; border-bottom: 3px solid #000;\">60.00 \u20ac<\/td>\n<td style=\"border-right: 1px solid #000; border-bottom: 3px solid #000;\">65.00 \u20ac<\/td>\n<td style=\"border-left: 1px solid #000; border-bottom: 3px solid #000;\">240.00 \u20ac<\/td>\n<td style=\"border-bottom: 3px solid #000;\">260.00 \u20ac<\/td>\n<\/tr>\n<\/tbody>\n<\/table>\n<\/div>\n<\/div>\n<div class=\"ast-container col-container\">\n<div class=\"column50p\" style=\"padding: 20px;\">\n<h3>OBSERVA\u00c7\u00d5ES<\/h3>\n<p><i class=\"fa fa-caret-right\"><\/i> A cada valor de inscri\u00e7\u00e3o permitir\u00e1 at\u00e9 ao m\u00e1ximo de 2 comunica\u00e7\u00f5es;<br \/>\n<i class=\"fa fa-caret-right\"><\/i> A inscri\u00e7\u00e3o em grupo obriga a um \u00fanico pagamento integral para todos os inscritos;<br \/>\n<i class=\"fa fa-caret-right\"><\/i> Os participantes cujos trabalhos sejam aceites dever\u00e3o efetuar a inscri\u00e7\u00e3o e pagamento. Os trabalhos cujos autores n\u00e3o tenham efetuado a inscri\u00e7\u00e3o e pagamento no prazo indicado, n\u00e3o ser\u00e3o inclu\u00eddos no programa;<br \/>\n<i class=\"fa fa-caret-right\"><\/i> A inscri\u00e7\u00e3o no congresso inclui:<br \/>\n<span style=\"padding-left: 20px;\"><i class=\"fa fa-caret-right\" style=\"color: #9e9b68;\"><\/i> acesso \u00e0s confer\u00eancias;<br \/>\n<span style=\"padding-left: 20px;\"><i class=\"fa fa-caret-right\" style=\"color: #9e9b68;\"><\/i> acesso \u00e0 documenta\u00e7\u00e3o;<br \/>\n<span style=\"padding-left: 20px;\"><i class=\"fa fa-caret-right\" style=\"color: #9e9b68;\"><\/i> certificado de participa\u00e7\u00e3o;<br \/>\n<i class=\"fa fa-caret-right\"><\/i> A inscri\u00e7\u00e3o \u00e9 gratuita para membros das unidades de ID&#038;I do Polit\u00e9cnico de Viseu.<\/p>\n<\/div>\n<div class=\"column50p\" style=\"padding: 20px;\">\n<h3>MODO DE PAGAMENTO<\/h3>\n<p>TRANSFER\u00caNCIA BANC\u00c1RIA<br \/>\n<strong>CONTA:<\/strong> Instituto Polit\u00e9cnico de Viseu<br \/>\n<strong>IBAN:<\/strong> PT50 0781 0112 00000002934 96<br \/>\n<strong>SWIFT BIC CODE:<\/strong> IGCPPTPL<\/p>\n<p><i class=\"fa fa-caret-right\"><\/i> Para transfer\u00eancias banc\u00e1rias, a descri\u00e7\u00e3o da transfer\u00eancia deve incluir o seguinte formato: <strong>\u201cCMR_XXXX\u201d<\/strong>, em que <strong>XXXX<\/strong> \u00e9 o c\u00f3digo do abstract que lhe foi atribu\u00eddo na fase de submiss\u00e3o. No caso de n\u00e3o existir submiss\u00e3o, o c\u00f3digo deve ser: \u201dCMR_0000\u201d.<br \/>\n<i class=\"fa fa-caret-right\"><\/i> O comprovativo de pagamento dever\u00e1 ser enviado para a comiss\u00e3o organizadora da confer\u00eancia, para o email: <a class=\"bt_pr\" href=\"mailto:events@sc.ipv.pt\" rel=\"noopener noreferrer\" target=\"_blank\">events@sc.ipv.pt<\/a><\/p>\n<\/div>\n<\/div>\n<\/div>\n<\/div>\n","protected":false},"excerpt":{"rendered":"<p>1\u00aa fase in\u00edcio: 20 de janeiro de 2020 fim: 4 de junho de 2021 2\u00aa fase in\u00edcio: 5 de junho de 2021 fim: 21 de junho de 2021 Individual Grupo de 5 1\u00aa fase 2\u00aa fase 1\u00aa fase 2\u00aa fase Profissionais 100.00 \u20ac 115.00 \u20ac 400.00 \u20ac 460.00 \u20ac Estudantes do 1\u00ba Ciclo 10.00 \u20ac &hellip;<\/p>\n<p class=\"read-more\"> <a class=\"\" href=\"https:\/\/events.ipv.pt\/cmr\/inscricao\/\"> <span class=\"screen-reader-text\">INSCRI\u00c7\u00c3O<\/span> Read More &raquo;<\/a><\/p>\n","protected":false},"author":1,"featured_media":0,"parent":0,"menu_order":7,"comment_status":"closed","ping_status":"closed","template":"","meta":{"site-sidebar-layout":"default","site-content-layout":"default","ast-global-header-display":"","ast-main-header-display":"","ast-hfb-above-header-display":"","ast-hfb-below-header-display":"","ast-hfb-mobile-header-display":"","site-post-title":"disabled","ast-breadcrumbs-content":"","ast-featured-img":"","footer-sml-layout":"","theme-transparent-header-meta":"default","adv-header-id-meta":"","stick-header-meta":"","header-above-stick-meta":"","header-main-stick-meta":"","header-below-stick-meta":"","footnotes":""},"class_list":["post-315","page","type-page","status-publish","hentry"],"translation":{"provider":"WPGlobus","version":"3.0.2","language":"pt","enabled_languages":["pt","en"],"languages":{"pt":{"title":true,"content":true,"excerpt":false},"en":{"title":true,"content":true,"excerpt":false}}},"yoast_head":"<!-- This site is optimized with the Yoast SEO plugin v27.3 - https:\/\/yoast.com\/product\/yoast-seo-wordpress\/ -->\r\n<title>INSCRI\u00c7\u00c3O &#8226; CMR<\/title>\r\n<meta name=\"robots\" content=\"index, follow, max-snippet:-1, max-image-preview:large, max-video-preview:-1\" \/>\r\n<link rel=\"canonical\" href=\"https:\/\/events.ipv.pt\/cmr\/inscricao\/\" \/>\r\n<meta property=\"og:locale\" content=\"pt_PT\" \/>\r\n<meta property=\"og:type\" content=\"article\" \/>\r\n<meta property=\"og:title\" content=\"INSCRI\u00c7\u00c3O &#8226; CMR\" \/>\r\n<meta property=\"og:url\" content=\"https:\/\/events.ipv.pt\/cmr\/inscricao\/\" \/>\r\n<meta property=\"og:site_name\" content=\"CMR\" \/>\r\n<meta property=\"article:modified_time\" content=\"2021-03-23T12:12:40+00:00\" \/>\r\n<meta name=\"twitter:card\" content=\"summary_large_image\" \/>\r\n<meta name=\"twitter:label1\" content=\"Tempo estimado de leitura\" \/>\n\t<meta name=\"twitter:data1\" content=\"2 minutos\" \/>\r\n<script type=\"application\/ld+json\" class=\"yoast-schema-graph\">{\"@context\":\"https:\\\/\\\/schema.org\",\"@graph\":[{\"@type\":\"WebPage\",\"@id\":\"https:\\\/\\\/events.ipv.pt\\\/cmr\\\/inscricao\\\/\",\"url\":\"https:\\\/\\\/events.ipv.pt\\\/cmr\\\/inscricao\\\/\",\"name\":\"INSCRI\u00c7\u00c3O &#8226; CMR\",\"isPartOf\":{\"@id\":\"https:\\\/\\\/events.ipv.pt\\\/cmr\\\/#website\"},\"datePublished\":\"2021-02-08T13:20:39+00:00\",\"dateModified\":\"2021-03-23T12:12:40+00:00\",\"breadcrumb\":{\"@id\":\"https:\\\/\\\/events.ipv.pt\\\/cmr\\\/inscricao\\\/#breadcrumb\"},\"inLanguage\":\"pt-PT\",\"potentialAction\":[{\"@type\":\"ReadAction\",\"target\":[\"https:\\\/\\\/events.ipv.pt\\\/cmr\\\/inscricao\\\/\"]}]},{\"@type\":\"BreadcrumbList\",\"@id\":\"https:\\\/\\\/events.ipv.pt\\\/cmr\\\/inscricao\\\/#breadcrumb\",\"itemListElement\":[{\"@type\":\"ListItem\",\"position\":1,\"name\":\"Home\",\"item\":\"https:\\\/\\\/events.ipv.pt\\\/cmr\\\/\"},{\"@type\":\"ListItem\",\"position\":2,\"name\":\"INSCRI\u00c7\u00c3O\"}]},{\"@type\":\"WebSite\",\"@id\":\"https:\\\/\\\/events.ipv.pt\\\/cmr\\\/#website\",\"url\":\"https:\\\/\\\/events.ipv.pt\\\/cmr\\\/\",\"name\":\"CMR International Conference on Multidisciplinary Research\",\"description\":\"International Conference on Multidisciplinary Research\",\"publisher\":{\"@id\":\"https:\\\/\\\/events.ipv.pt\\\/cmr\\\/#organization\"},\"potentialAction\":[{\"@type\":\"SearchAction\",\"target\":{\"@type\":\"EntryPoint\",\"urlTemplate\":\"https:\\\/\\\/events.ipv.pt\\\/cmr\\\/?s={search_term_string}\"},\"query-input\":{\"@type\":\"PropertyValueSpecification\",\"valueRequired\":true,\"valueName\":\"search_term_string\"}}],\"inLanguage\":\"pt-PT\"},{\"@type\":\"Organization\",\"@id\":\"https:\\\/\\\/events.ipv.pt\\\/cmr\\\/#organization\",\"name\":\"Instituto Polit\u00e9cnico de Viseu\",\"url\":\"https:\\\/\\\/events.ipv.pt\\\/cmr\\\/\",\"logo\":{\"@type\":\"ImageObject\",\"inLanguage\":\"pt-PT\",\"@id\":\"https:\\\/\\\/events.ipv.pt\\\/cmr\\\/#\\\/schema\\\/logo\\\/image\\\/\",\"url\":\"http:\\\/\\\/localhost\\\/cmr\\\/wp-content\\\/uploads\\\/2021\\\/03\\\/logo_pv.png\",\"contentUrl\":\"http:\\\/\\\/localhost\\\/cmr\\\/wp-content\\\/uploads\\\/2021\\\/03\\\/logo_pv.png\",\"width\":4205,\"height\":1108,\"caption\":\"Instituto Polit\u00e9cnico de Viseu\"},\"image\":{\"@id\":\"https:\\\/\\\/events.ipv.pt\\\/cmr\\\/#\\\/schema\\\/logo\\\/image\\\/\"}}]}<\/script>\r\n<!-- \/ Yoast SEO plugin. -->","yoast_head_json":{"title":"INSCRI\u00c7\u00c3O &#8226; CMR","robots":{"index":"index","follow":"follow","max-snippet":"max-snippet:-1","max-image-preview":"max-image-preview:large","max-video-preview":"max-video-preview:-1"},"canonical":"https:\/\/events.ipv.pt\/cmr\/inscricao\/","og_locale":"pt_PT","og_type":"article","og_title":"INSCRI\u00c7\u00c3O &#8226; CMR","og_url":"https:\/\/events.ipv.pt\/cmr\/inscricao\/","og_site_name":"CMR","article_modified_time":"2021-03-23T12:12:40+00:00","twitter_card":"summary_large_image","twitter_misc":{"Tempo estimado de leitura":"2 minutos"},"schema":{"@context":"https:\/\/schema.org","@graph":[{"@type":"WebPage","@id":"https:\/\/events.ipv.pt\/cmr\/inscricao\/","url":"https:\/\/events.ipv.pt\/cmr\/inscricao\/","name":"INSCRI\u00c7\u00c3O &#8226; CMR","isPartOf":{"@id":"https:\/\/events.ipv.pt\/cmr\/#website"},"datePublished":"2021-02-08T13:20:39+00:00","dateModified":"2021-03-23T12:12:40+00:00","breadcrumb":{"@id":"https:\/\/events.ipv.pt\/cmr\/inscricao\/#breadcrumb"},"inLanguage":"pt-PT","potentialAction":[{"@type":"ReadAction","target":["https:\/\/events.ipv.pt\/cmr\/inscricao\/"]}]},{"@type":"BreadcrumbList","@id":"https:\/\/events.ipv.pt\/cmr\/inscricao\/#breadcrumb","itemListElement":[{"@type":"ListItem","position":1,"name":"Home","item":"https:\/\/events.ipv.pt\/cmr\/"},{"@type":"ListItem","position":2,"name":"INSCRI\u00c7\u00c3O"}]},{"@type":"WebSite","@id":"https:\/\/events.ipv.pt\/cmr\/#website","url":"https:\/\/events.ipv.pt\/cmr\/","name":"CMR International Conference on Multidisciplinary Research","description":"International Conference on Multidisciplinary Research","publisher":{"@id":"https:\/\/events.ipv.pt\/cmr\/#organization"},"potentialAction":[{"@type":"SearchAction","target":{"@type":"EntryPoint","urlTemplate":"https:\/\/events.ipv.pt\/cmr\/?s={search_term_string}"},"query-input":{"@type":"PropertyValueSpecification","valueRequired":true,"valueName":"search_term_string"}}],"inLanguage":"pt-PT"},{"@type":"Organization","@id":"https:\/\/events.ipv.pt\/cmr\/#organization","name":"Instituto Polit\u00e9cnico de Viseu","url":"https:\/\/events.ipv.pt\/cmr\/","logo":{"@type":"ImageObject","inLanguage":"pt-PT","@id":"https:\/\/events.ipv.pt\/cmr\/#\/schema\/logo\/image\/","url":"http:\/\/localhost\/cmr\/wp-content\/uploads\/2021\/03\/logo_pv.png","contentUrl":"http:\/\/localhost\/cmr\/wp-content\/uploads\/2021\/03\/logo_pv.png","width":4205,"height":1108,"caption":"Instituto Polit\u00e9cnico de Viseu"},"image":{"@id":"https:\/\/events.ipv.pt\/cmr\/#\/schema\/logo\/image\/"}}]}},"_links":{"self":[{"href":"https:\/\/events.ipv.pt\/cmr\/wp-json\/wp\/v2\/pages\/315","targetHints":{"allow":["GET"]}}],"collection":[{"href":"https:\/\/events.ipv.pt\/cmr\/wp-json\/wp\/v2\/pages"}],"about":[{"href":"https:\/\/events.ipv.pt\/cmr\/wp-json\/wp\/v2\/types\/page"}],"author":[{"embeddable":true,"href":"https:\/\/events.ipv.pt\/cmr\/wp-json\/wp\/v2\/users\/1"}],"replies":[{"embeddable":true,"href":"https:\/\/events.ipv.pt\/cmr\/wp-json\/wp\/v2\/comments?post=315"}],"version-history":[{"count":36,"href":"https:\/\/events.ipv.pt\/cmr\/wp-json\/wp\/v2\/pages\/315\/revisions"}],"predecessor-version":[{"id":651,"href":"https:\/\/events.ipv.pt\/cmr\/wp-json\/wp\/v2\/pages\/315\/revisions\/651"}],"wp:attachment":[{"href":"https:\/\/events.ipv.pt\/cmr\/wp-json\/wp\/v2\/media?parent=315"}],"curies":[{"name":"wp","href":"https:\/\/api.w.org\/{rel}","templated":true}]}}