{"id":669,"date":"2022-01-28T17:08:37","date_gmt":"2022-01-28T17:08:37","guid":{"rendered":"http:\/\/localhost\/cised\/?page_id=669"},"modified":"2024-04-11T13:55:19","modified_gmt":"2024-04-11T13:55:19","slug":"projeto","status":"publish","type":"page","link":"https:\/\/events.ipv.pt\/cised\/projeto\/","title":{"rendered":"PROJETOS"},"content":{"rendered":"<div class=\"padCaixa\">\n<h2>Projetos<\/h2>\n<h4>financiamento externo<\/h4>\n<div class=\"pt-cv-wrapper\"><div class=\"pt-cv-view pt-cv-grid pt-cv-colsys\" id=\"pt-cv-view-bd18e3bn10\"><div data-id=\"pt-cv-page-1\" class=\"pt-cv-page\" data-cvc=\"1\"><div class=\"col-md-12 col-sm-12 col-xs-12 pt-cv-content-item pt-cv-1-col\" ><div class='pt-cv-ifield'><h6 class=\"pt-cv-title\"><a href=\"https:\/\/events.ipv.pt\/cised\/eon-educacao-on\/\" class=\"_self\" target=\"_self\" >EON EDUCA\u00c7\u00c3O ON<\/a><\/h6>\n<div class=\"pt-cv-content\">Investigador Respons\u00e1vel: Daniel Azevedo Dura\u00e7\u00e3o: 2024 \u2013 ...<\/div><\/div><\/div>\n<div class=\"col-md-12 col-sm-12 col-xs-12 pt-cv-content-item pt-cv-1-col\" ><div class='pt-cv-ifield'><h6 class=\"pt-cv-title\"><a href=\"https:\/\/events.ipv.pt\/cised\/ptcentrodih-digital-innovation-hub-da-regiao-centro\/\" class=\"_self\" target=\"_self\" >PTCENTRODIH &#8211; DIGITAL INNOVATION HUB DA REGI\u00c3O CENTRO<\/a><\/h6>\n<div class=\"pt-cv-content\">Membros da Equipa do CISeD: Rui Pedro ...<\/div><\/div><\/div>\n<div class=\"col-md-12 col-sm-12 col-xs-12 pt-cv-content-item pt-cv-1-col\" ><div class='pt-cv-ifield'><h6 class=\"pt-cv-title\"><a href=\"https:\/\/events.ipv.pt\/cised\/poch%e2%80%9004%e2%80%905267%e2%80%90fse%e2%80%90000818-formacao-de-docentes-e-outros-agentes-de-educacao-e-formacao\/\" class=\"_self\" target=\"_self\" >POCH\u201004\u20105267\u2010FSE\u2010000818  \u2022<br \/>Forma\u00e7\u00e3o de docentes e outros agentes de  educa\u00e7\u00e3o e forma\u00e7\u00e3o<\/a><\/h6>\n<div class=\"pt-cv-content\">Dura\u00e7\u00e3o: 2020 \u2013 2023 Membros da equipado ...<\/div><\/div><\/div><\/div><\/div><\/div>\n<h4 style=\"padding-top: 50px;\">internos<\/h4>\n<div class=\"pt-cv-wrapper\"><div class=\"pt-cv-view pt-cv-grid pt-cv-colsys\" id=\"pt-cv-view-27d8187en6\"><div data-id=\"pt-cv-page-1\" class=\"pt-cv-page\" data-cvc=\"1\"><div class=\"col-md-12 col-sm-12 col-xs-12 pt-cv-content-item pt-cv-1-col\" ><div class='pt-cv-ifield'><h6 class=\"pt-cv-title\"><a href=\"https:\/\/events.ipv.pt\/cised\/pidi-cised-2025-017-mobilidade-sustentavel-e-criacao-de-valor-estrategico-em-pme\/\" class=\"_self\" target=\"_self\" >PIDI\/CISeD\/2025\/017 \u2022 Mobilidade Sustent\u00e1vel e Cria\u00e7\u00e3o de Valor Estrat\u00e9gico em PME<\/a><\/h6>\n<div class=\"pt-cv-content\">Investigador Respons\u00e1vel: Eduardo Miguel Teixeira Mendon\u00e7a Gouveia ...<\/div><\/div><\/div>\n<div class=\"col-md-12 col-sm-12 col-xs-12 pt-cv-content-item pt-cv-1-col\" ><div class='pt-cv-ifield'><h6 class=\"pt-cv-title\"><a href=\"https:\/\/events.ipv.pt\/cised\/pidi-cised-2025-016-manufatura-aditiva-fdm-vs-sla\/\" class=\"_self\" target=\"_self\" >PIDI\/CISeD\/2025\/016 \u2022 Manufatura Aditiva FDM vs SLA<\/a><\/h6>\n<div class=\"pt-cv-content\">Investigador Respons\u00e1vel: Paulo Joaquim Antunes Vaz Dura\u00e7\u00e3o: ...<\/div><\/div><\/div>\n<div class=\"col-md-12 col-sm-12 col-xs-12 pt-cv-content-item pt-cv-1-col\" ><div class='pt-cv-ifield'><h6 class=\"pt-cv-title\"><a href=\"https:\/\/events.ipv.pt\/cised\/pidi-cised-2024-015-iplot-tic-na-promocao-do-desenvolvimento-turistico-em-territorios-de-baixa-densidade\/\" class=\"_self\" target=\"_self\" >PIDI\/CISeD\/2024\/015 \u2022 [IPLOT] TIC NA PROMO\u00c7\u00c3O DO DESENVOLVIMENTO TUR\u00cdSTICO EM TERRIT\u00d3RIOS DE BAIXA DENSIDADE<\/a><\/h6>\n<div class=\"pt-cv-content\">Investigador Respons\u00e1vel: Fernando Reinaldo Ribeiro Dura\u00e7\u00e3o: 2024 ...<\/div><\/div><\/div>\n<div class=\"col-md-12 col-sm-12 col-xs-12 pt-cv-content-item pt-cv-1-col\" ><div class='pt-cv-ifield'><h6 class=\"pt-cv-title\"><a href=\"https:\/\/events.ipv.pt\/cised\/pidi-cised-2024-014-publ-ia_-piloto-ou-co-piloto-a-estrategia-criativa-com-auxilio-da-ia-a-visao-dos-profissionais-da-comunicacao\/\" class=\"_self\" target=\"_self\" >PIDI\/CISeD\/2024\/014 \u2022 PUBL.IA_ PILOTO OU CO-PILOTO? A ESTRAT\u00c9GIA CRIATIVA COM AUX\u00cdLIO DA IA: A VIS\u00c3O DOS PROFISSIONAIS DA COMUNICA\u00c7\u00c3O<\/a><\/h6>\n<div class=\"pt-cv-content\">Investigador Respons\u00e1vel: Lu\u00edsa Augusto Dura\u00e7\u00e3o: 2024 \u2013 ...<\/div><\/div><\/div><\/div><\/div><\/div>\n<div style=\"padding-top: 50px;\">\n<button id=\"toggleAll\" class=\"alignright\">abrir todos<\/button>\n<\/div>\n<div class=\"abreCaixa\">\n<p class=\"expand\">[conclu\u00eddos] financiamento externo<\/p>\n<div class=\"exp_container\">\n<div class=\"pt-cv-wrapper\"><div class=\"pt-cv-view pt-cv-grid pt-cv-colsys\" id=\"pt-cv-view-209a189axr\"><div data-id=\"pt-cv-page-1\" class=\"pt-cv-page\" data-cvc=\"1\"><div class=\"col-md-12 col-sm-12 col-xs-12 pt-cv-content-item pt-cv-1-col\" ><div class='pt-cv-ifield'><h6 class=\"pt-cv-title\"><a href=\"https:\/\/events.ipv.pt\/cised\/2019-1-pt01-ka202-060782-beep-foster-for-beekeeping-bridges-through-innovative-and-participative-training\/\" class=\"_self\" target=\"_self\" >2019-1-PT01- KA202-060782  \u2022<br \/>beeP Foster for beekeeping bridges through innovative and participative training<\/a><\/h6>\n<div class=\"pt-cv-content\">Membros da Equipa do CISeD: Valter Alves ...<\/div><\/div><\/div>\n<div class=\"col-md-12 col-sm-12 col-xs-12 pt-cv-content-item pt-cv-1-col\" ><div class='pt-cv-ifield'><h6 class=\"pt-cv-title\"><a href=\"https:\/\/events.ipv.pt\/cised\/pdr2020-101-feder-032043-climcast-os-novos-desafios-do-souto-no-contexto-das-alteracoes-climaticas\/\" class=\"_self\" target=\"_self\" >PDR2020-101-FEDER-032043 \u2022 ClimCast \u2013 Os novos desafios do souto no contexto das altera\u00e7\u00f5es clim\u00e1ticas<\/a><\/h6>\n<div class=\"pt-cv-content\">Dura\u00e7\u00e3o: 2018 \u2013 2021 Membros da equipa ...<\/div><\/div><\/div>\n<div class=\"col-md-12 col-sm-12 col-xs-12 pt-cv-content-item pt-cv-1-col\" ><div class='pt-cv-ifield'><h6 class=\"pt-cv-title\"><a href=\"https:\/\/events.ipv.pt\/cised\/alg-01-0145-feder-016432-lisboa-01-0145-feder-016432-poci-01-0145-feder-016432-utilizacao-de-tecnologias-de-reflectometria-no-melhoramento-do-futuro-internet-das-coisas-e-sistemas-ciber-f\/\" class=\"_self\" target=\"_self\" >ALG-01-0145-FEDER-016432 \/ LISBOA-01-0145-FEDER-016432 \/ POCI-01-0145-FEDER-016432 \u2022<br \/>Utiliza\u00e7\u00e3o de tecnologias de reflectometr\u00eda no melhoramento do futuro internet das coisas e sistemas ciber-f\u00edsicos<\/a><\/h6>\n<div class=\"pt-cv-content\">Dura\u00e7\u00e3o: 2017 \u2013 2021 Membros da equipado ...<\/div><\/div><\/div>\n<div class=\"col-md-12 col-sm-12 col-xs-12 pt-cv-content-item pt-cv-1-col\" ><div class='pt-cv-ifield'><h6 class=\"pt-cv-title\"><a href=\"https:\/\/events.ipv.pt\/cised\/grant-agreement-id-700581-atena-advanced-tools-to-assess-and-mitigate-the-criticality-of-ict-components-and-their-dependencies-over-critical-infra-structures\/\" class=\"_self\" target=\"_self\" >GRANT AGREEMENT ID: 700581 \u2022 ATENA Advanced Tools to Assess and Mitigate the Criticality of Ict Components and their Dependencies over Critical Infra-structures<\/a><\/h6>\n<div class=\"pt-cv-content\">Membros da Equipa do CISeD: Filipe Caldeira ...<\/div><\/div><\/div><\/div><\/div><\/div>\n<\/div>\n<\/div>\n<div class=\"abreCaixa\">\n<p class=\"expand\">[conclu\u00eddos] internos<\/p>\n<div class=\"exp_container\">\n<div class=\"pt-cv-wrapper\"><div class=\"pt-cv-view pt-cv-grid pt-cv-colsys\" id=\"pt-cv-view-ffe25a1vbi\"><div data-id=\"pt-cv-page-1\" class=\"pt-cv-page\" data-cvc=\"1\"><div class=\"col-md-12 col-sm-12 col-xs-12 pt-cv-content-item pt-cv-1-col\" ><div class='pt-cv-ifield'><h6 class=\"pt-cv-title\"><a href=\"https:\/\/events.ipv.pt\/cised\/pidi-cised-2022-008-r-forest-_-restauro-de-solos-de-zonas-florestais-posfogo-analise-avaliacao-e-modelacao-digital-do-comportamento-do-solo-2\/\" class=\"_self\" target=\"_self\" >PIDI\/CISeD\/2022\/008 \u2022 R-FOREST _ Restauro de solos de zonas florestais p\u00f3sfogo \u2013 an\u00e1lise, avalia\u00e7\u00e3o e modela\u00e7\u00e3o digital do comportamento do solo<\/a><\/h6>\n<div class=\"pt-cv-content\">Investigador Respons\u00e1vel: Elisabete Silva Dura\u00e7\u00e3o: 2023 \u2013 ...<\/div><\/div><\/div>\n<div class=\"col-md-12 col-sm-12 col-xs-12 pt-cv-content-item pt-cv-1-col\" ><div class='pt-cv-ifield'><h6 class=\"pt-cv-title\"><a href=\"https:\/\/events.ipv.pt\/cised\/pidi-cised-2022-011-praticas-de-mobilidade-sustentavel\/\" class=\"_self\" target=\"_self\" >PIDI\/CISeD\/2023\/013 \u2022 Pr\u00e1ticas de Mobilidade Sustent\u00e1vel<\/a><\/h6>\n<div class=\"pt-cv-content\">Investigador Respons\u00e1vel: Eduardo Miguel Teixeira Mendon\u00e7a Gouveia ...<\/div><\/div><\/div>\n<div class=\"col-md-12 col-sm-12 col-xs-12 pt-cv-content-item pt-cv-1-col\" ><div class='pt-cv-ifield'><h6 class=\"pt-cv-title\"><a href=\"https:\/\/events.ipv.pt\/cised\/pidi-cised-2023-012-computer-vision-in-unmanned-aerial-vehicle-uav-for-industrial-applications\/\" class=\"_self\" target=\"_self\" >PIDI\/CISeD\/2023\/012 \u2022 Computer vision in unmanned aerial vehicle (UAV) for industrial applications<\/a><\/h6>\n<div class=\"pt-cv-content\">Investigador Respons\u00e1vel: Jos\u00e9 Lu\u00eds Henriques da Silva ...<\/div><\/div><\/div>\n<div class=\"col-md-12 col-sm-12 col-xs-12 pt-cv-content-item pt-cv-1-col\" ><div class='pt-cv-ifield'><h6 class=\"pt-cv-title\"><a href=\"https:\/\/events.ipv.pt\/cised\/pidi-cised-2022-010-safesec-m-audit-estrutura-de-monitorizacao-e-auditoria-de-seguranca-e-saude-no-trabalho\/\" class=\"_self\" target=\"_self\" >PIDI\/CISeD\/2023\/010 \u2022 SafeSec-M-Audit &#8211; Estrutura de Monitoriza\u00e7\u00e3o e Auditoria de Seguran\u00e7a e Sa\u00fade no Trabalho<\/a><\/h6>\n<div class=\"pt-cv-content\">Investigador Respons\u00e1vel: Filipe Manuel Sim\u00f5es Caldeira Dura\u00e7\u00e3o: ...<\/div><\/div><\/div>\n<div class=\"col-md-12 col-sm-12 col-xs-12 pt-cv-content-item pt-cv-1-col\" ><div class='pt-cv-ifield'><h6 class=\"pt-cv-title\"><a href=\"https:\/\/events.ipv.pt\/cised\/pidi-cised-2022-009-adaptacao-autonoma-de-planos-alimentares\/\" class=\"_self\" target=\"_self\" >PIDI\/CISeD\/2022\/009 \u2022 Adapta\u00e7\u00e3o aut\u00f3noma de planos alimentares<\/a><\/h6>\n<div class=\"pt-cv-content\">Investigador Respons\u00e1vel: Carlos Augusto da Silva Cunha ...<\/div><\/div><\/div>\n<div class=\"col-md-12 col-sm-12 col-xs-12 pt-cv-content-item pt-cv-1-col\" ><div class='pt-cv-ifield'><h6 class=\"pt-cv-title\"><a href=\"https:\/\/events.ipv.pt\/cised\/pidi-cised-2022-004-industrias-de-defesa-de-alta-tecnologia-desenvolvimento-de-sistemas-autonomos-inteligentes\/\" class=\"_self\" target=\"_self\" >PIDI\/CISeD\/2022\/004 \u2022 Ind\u00fastrias de defesa de alta tecnologia: Desenvolvimento de sistemas aut\u00f3nomos inteligentes<\/a><\/h6>\n<div class=\"pt-cv-content\">Investigador Respons\u00e1vel: Jo\u00e3o Reis Nuno Mel\u00e3o Dura\u00e7\u00e3o: ...<\/div><\/div><\/div>\n<div class=\"col-md-12 col-sm-12 col-xs-12 pt-cv-content-item pt-cv-1-col\" ><div class='pt-cv-ifield'><h6 class=\"pt-cv-title\"><a href=\"https:\/\/events.ipv.pt\/cised\/pidi-cised-2022-007-modelos-de-machine-learning-para-detecao-de-padroes-e-preferencias-alimentares\/\" class=\"_self\" target=\"_self\" >PIDI\/CISeD\/2022\/007 \u2022 Modelos de Machine Learning para Dete\u00e7\u00e3o de Padr\u00f5es e Prefer\u00eancias Alimentares<\/a><\/h6>\n<div class=\"pt-cv-content\">Investigador Respons\u00e1vel: Rui Pedro Duarte Dura\u00e7\u00e3o: 2022 ...<\/div><\/div><\/div>\n<div class=\"col-md-12 col-sm-12 col-xs-12 pt-cv-content-item pt-cv-1-col\" ><div class='pt-cv-ifield'><h6 class=\"pt-cv-title\"><a href=\"https:\/\/events.ipv.pt\/cised\/pidi-cised-2022-006-storytur-o-uso-do-storytelling-em-videos-promocionais-turisticos\/\" class=\"_self\" target=\"_self\" >PIDI\/CISeD\/2022\/006 \u2022 STORYTur \u2013 O uso do <i>storytelling<\/i> em v\u00eddeos promocionais tur\u00edsticos<\/a><\/h6>\n<div class=\"pt-cv-content\">Investigador Respons\u00e1vel: Sara Santos Dura\u00e7\u00e3o: 2022 \u2013 ...<\/div><\/div><\/div>\n<div class=\"col-md-12 col-sm-12 col-xs-12 pt-cv-content-item pt-cv-1-col\" ><div class='pt-cv-ifield'><h6 class=\"pt-cv-title\"><a href=\"https:\/\/events.ipv.pt\/cised\/pidi-cised-2023-011-modelos-de-inteligencia-artificial-para-detecao-de-stress-cronico-e-padroes-de-movimento-em-ambientes-de-atividades-da-vida-diaria\/\" class=\"_self\" target=\"_self\" >PIDI\/CISeD\/2023\/011 \u2022 Modelos de Intelig\u00eancia Artificial para Dete\u00e7\u00e3o de Stress Cr\u00f3nico e Padr\u00f5es de Movimento em Ambientes de Atividades da Vida Di\u00e1ria<\/a><\/h6>\n<div class=\"pt-cv-content\">Investigador Respons\u00e1vel: Rui Pedro Duarte Dura\u00e7\u00e3o: 2022 ...<\/div><\/div><\/div>\n<div class=\"col-md-12 col-sm-12 col-xs-12 pt-cv-content-item pt-cv-1-col\" ><div class='pt-cv-ifield'><h6 class=\"pt-cv-title\"><a href=\"https:\/\/events.ipv.pt\/cised\/pidi-cised-2021-003-biovalor-ecoponto-florestal-valorizacao-integrada-da-biomassa-e-digitalizacao-da-sua-gestao\/\" class=\"_self\" target=\"_self\" >PIDI\/CISeD\/2021\/003 \u2022 BioVALOR \u2013 Ecoponto Florestal: Valoriza\u00e7\u00e3o Integrada da Biomassa e digitaliza\u00e7\u00e3o da sua gest\u00e3o<\/a><\/h6>\n<div class=\"pt-cv-content\">Investigador Respons\u00e1vel: Isabel Paula Lopes Br\u00e1s Dura\u00e7\u00e3o: ...<\/div><\/div><\/div>\n<div class=\"col-md-12 col-sm-12 col-xs-12 pt-cv-content-item pt-cv-1-col\" ><div class='pt-cv-ifield'><h6 class=\"pt-cv-title\"><a href=\"https:\/\/events.ipv.pt\/cised\/pidi-cised-2021-002-combinacoes-de-relacoes-bancarias-e-detentores-do-seu-capital-custos-de-financiamento-performance-e-estrutura-de-capital-das-empresas\/\" class=\"_self\" target=\"_self\" >PIDI\/CISeD\/2021\/002 \u2022 Combina\u00e7\u00f5es de rela\u00e7\u00f5es banc\u00e1rias e detentores do seu capital, custos de financiamento, performance e estrutura de capital das empresas<\/a><\/h6>\n<div class=\"pt-cv-content\">Investigador Respons\u00e1vel: Pedro Manuel Nogueira Reis Ant\u00f3nio ...<\/div><\/div><\/div>\n<div class=\"col-md-12 col-sm-12 col-xs-12 pt-cv-content-item pt-cv-1-col\" ><div class='pt-cv-ifield'><h6 class=\"pt-cv-title\"><a href=\"https:\/\/events.ipv.pt\/cised\/pidi-cised-2021-001-industrial-augmented-reality-iar\/\" class=\"_self\" target=\"_self\" >PIDI\/CISeD\/2021\/001 \u2022 Industrial Augmented Reality (IAR)<\/a><\/h6>\n<div class=\"pt-cv-content\">Investigador Respons\u00e1vel: Jos\u00e9 Silva Dura\u00e7\u00e3o: 2021 \u2013 ...<\/div><\/div><\/div>\n<div class=\"col-md-12 col-sm-12 col-xs-12 pt-cv-content-item pt-cv-1-col\" ><div class='pt-cv-ifield'><h6 class=\"pt-cv-title\"><a href=\"https:\/\/ipv.pt\/impulso-jovens-steam-e-adultos\/\" class=\"_self\" target=\"_self\" >[apoios especiais IPV] FAZER A DIFEREN\u00c7A, N\u00c3O FAZENDO DIFEREN\u00c7A<\/a><\/h6>\n<div class=\"pt-cv-content\">Membros da Equipa do CISeD: Maria Antunes ...<\/div><\/div><\/div>\n<div class=\"col-md-12 col-sm-12 col-xs-12 pt-cv-content-item pt-cv-1-col\" ><div class='pt-cv-ifield'><h6 class=\"pt-cv-title\"><a href=\"https:\/\/events.ipv.pt\/cised\/proj-ipv-idi-030-jasm-janela-aberta-sobre-o-mundo-linguas-estrangeiras-criatividade-multimodal-e-inovacao-pedagogica-no-ensino-superior\/\" class=\"_self\" target=\"_self\" >PROJ\/IPV\/ID&#038;I\/030 \u2022 JASM &#8211; Janela aberta sobre o mundo: L\u00ednguas estrangeiras, criatividade multimodal e inova\u00e7\u00e3o pedag\u00f3gica no ensino superior<\/a><\/h6>\n<div class=\"pt-cv-content\">Investigador Respons\u00e1vel: V\u00e9ronique Delplancq Dura\u00e7\u00e3o: 2020 \u2013 ...<\/div><\/div><\/div>\n<div class=\"col-md-12 col-sm-12 col-xs-12 pt-cv-content-item pt-cv-1-col\" ><div class='pt-cv-ifield'><h6 class=\"pt-cv-title\"><a href=\"https:\/\/events.ipv.pt\/cised\/proj-ipv-idi-023-mini-olimpiadas-experimentais-de-ciencia\/\" class=\"_self\" target=\"_self\" >PROJ\/IPV\/ID&#038;I\/023 \u2022 Mini-Olimp\u00edadas Experimentais de Ci\u00eancia<\/a><\/h6>\n<div class=\"pt-cv-content\">Investigador Respons\u00e1vel: Maria Paula Carvalho Dura\u00e7\u00e3o: 2020 ...<\/div><\/div><\/div>\n<div class=\"col-md-12 col-sm-12 col-xs-12 pt-cv-content-item pt-cv-1-col\" ><div class='pt-cv-ifield'><h6 class=\"pt-cv-title\"><a href=\"https:\/\/events.ipv.pt\/cised\/proj-ipv-idi-022-equipes-estudo-de-qualidade-e-inovacao-pedagogica-no-ensino-superior\/\" class=\"_self\" target=\"_self\" >PROJ\/IPV\/ID&#038;I\/022 \u2022 EQuIPES &#8211; Estudo de Qualidade e Inova\u00e7\u00e3o Pedag\u00f3gica no Ensino Superior<\/a><\/h6>\n<div class=\"pt-cv-content\">Investigador Respons\u00e1vel: Maria Pacheco Figueiredo Dura\u00e7\u00e3o: 2020 ...<\/div><\/div><\/div>\n<div class=\"col-md-12 col-sm-12 col-xs-12 pt-cv-content-item pt-cv-1-col\" ><div class='pt-cv-ifield'><h6 class=\"pt-cv-title\"><a href=\"https:\/\/events.ipv.pt\/cised\/proj-ipv-idi-020-appsaude-empoderar-para-melhor-viver\/\" class=\"_self\" target=\"_self\" >PROJ\/IPV\/ID&#038;I\/020 \u2022 AppSa\u00fade: Empoderar para melhor viver<\/a><\/h6>\n<div class=\"pt-cv-content\">Investigador Respons\u00e1vel: Manuela Ferreira Dura\u00e7\u00e3o: 2020 \u2013 ...<\/div><\/div><\/div>\n<div class=\"col-md-12 col-sm-12 col-xs-12 pt-cv-content-item pt-cv-1-col\" ><div class='pt-cv-ifield'><h6 class=\"pt-cv-title\"><a href=\"https:\/\/events.ipv.pt\/cised\/proj-ipv-idi-002-sistema-inteligente-de-controlo-de-planos-alimentares-para-doentes-de-alzheimer-e-outras-demencias\/\" class=\"_self\" target=\"_self\" >PROJ\/IPV\/ID&#038;I\/002 \u2022 Sistema Inteligente de Controlo de Planos Alimentares para Doentes de Alzheimer e Outras Dem\u00eancias<\/a><\/h6>\n<div class=\"pt-cv-content\">Investigador Respons\u00e1vel: Carlos Augusto Cunha Dura\u00e7\u00e3o: 2020 ...<\/div><\/div><\/div>\n<div class=\"col-md-12 col-sm-12 col-xs-12 pt-cv-content-item pt-cv-1-col\" ><div class='pt-cv-ifield'><h6 class=\"pt-cv-title\"><a href=\"https:\/\/events.ipv.pt\/cised\/proj-ipv-idi-005-ipv-with-health-plus-dinamicas-e-estrategias-de-inclusao-para-a-promocao-e-literacia-em-saude-no-ensino-superior\/\" class=\"_self\" target=\"_self\" >PROJ\/IPV\/ID&#038;I\/005 \u2022 iPV with Health Plus: Din\u00e2micas e estrat\u00e9gias de inclus\u00e3o para a promo\u00e7\u00e3o e literacia em sa\u00fade no ensino superior<\/a><\/h6>\n<div class=\"pt-cv-content\">Investigador Respons\u00e1vel: Carlos Albuquerque Dura\u00e7\u00e3o: 2020 \u2013 ...<\/div><\/div><\/div>\n<div class=\"col-md-12 col-sm-12 col-xs-12 pt-cv-content-item pt-cv-1-col\" ><div class='pt-cv-ifield'><h6 class=\"pt-cv-title\"><a href=\"https:\/\/events.ipv.pt\/cised\/proj-ipv-idi-019-wasteclean-integracao-de-desperdicios-agroalimentares-ricos-em-compostos-fitoquimicos-e-bioativos-numa-agricultura\/\" class=\"_self\" target=\"_self\" >PROJ\/IPV\/ID&#038;I\/019 \u2022 WASTECLEAN \u2013 Integra\u00e7\u00e3o de desperd\u00edcios agroalimentares ricos em compostos fitoqu\u00edmicos e bioativos numa agricultura<\/a><\/h6>\n<div class=\"pt-cv-content\">Investigador Respons\u00e1vel: Jos\u00e9 Lu\u00eds Pereira Dura\u00e7\u00e3o: 2020 ...<\/div><\/div><\/div>\n<div class=\"col-md-12 col-sm-12 col-xs-12 pt-cv-content-item pt-cv-1-col\" ><div class='pt-cv-ifield'><h6 class=\"pt-cv-title\"><a href=\"https:\/\/events.ipv.pt\/cised\/proj-ipv-idi-013-fz-farinha-de-zangao-inovar-no-produto-e-na-protecao-da-colmeia\/\" class=\"_self\" target=\"_self\" >PROJ\/IPV\/ID&#038;I\/013 \u2022 FZ &#8211; Farinha de z\u00e2ng\u00e3o: Inovar no produto e na prote\u00e7\u00e3o da colmeia<\/a><\/h6>\n<div class=\"pt-cv-content\">Investigador Respons\u00e1vel: Cristina Isabel Amaro da Costa ...<\/div><\/div><\/div>\n<div class=\"col-md-12 col-sm-12 col-xs-12 pt-cv-content-item pt-cv-1-col\" ><div class='pt-cv-ifield'><h6 class=\"pt-cv-title\"><a href=\"https:\/\/events.ipv.pt\/cised\/proj-ipv-idi-025-da-ludicidade-do-videojogo-ao-desenvolvimento-comunicacional-da-crianca-com-autismo\/\" class=\"_self\" target=\"_self\" >PROJ\/IPV\/ID&#038;I\/025 \u2022 Da ludicidade do videojogo ao desenvolvimento comunicacional da crian\u00e7a com autismo<\/a><\/h6>\n<div class=\"pt-cv-content\">Investigador Respons\u00e1vel: Valter Alves Dura\u00e7\u00e3o: 2019 \u2013 ...<\/div><\/div><\/div>\n<div class=\"col-md-12 col-sm-12 col-xs-12 pt-cv-content-item pt-cv-1-col\" ><div class='pt-cv-ifield'><h6 class=\"pt-cv-title\"><a href=\"https:\/\/events.ipv.pt\/cised\/proj-ipv-idi-012-comunicacao-e-sustentabilidade-ambiental-praticas-das-cidades-e-comportamentos-dos-publicos\/\" class=\"_self\" target=\"_self\" >PROJ\/IPV\/ID&#038;I\/012 \u2022 Comunica\u00e7\u00e3o e sustentabilidade ambiental: Pr\u00e1ticas das cidades e comportamentos dos p\u00fablicos<\/a><\/h6>\n<div class=\"pt-cv-content\">Investigador Respons\u00e1vel: Lu\u00edsa Paula Augusto Dura\u00e7\u00e3o: 2019 ...<\/div><\/div><\/div>\n<div class=\"col-md-12 col-sm-12 col-xs-12 pt-cv-content-item pt-cv-1-col\" ><div class='pt-cv-ifield'><h6 class=\"pt-cv-title\"><a href=\"https:\/\/events.ipv.pt\/cised\/proj-ipv-idi-018-avaliacao-ambiental-de-produtos-sustentaveis-na-industria-transformadora-de-granitos-aapsitg\/\" class=\"_self\" target=\"_self\" >PROJ\/IPV\/ID&#038;I\/018 \u2022 Avalia\u00e7\u00e3o Ambiental de Produtos Sustent\u00e1veis na Ind\u00fastria Transformadora de Granitos (AAPSITG)<\/a><\/h6>\n<div class=\"pt-cv-content\">Investigador Respons\u00e1vel: Maria Elisabete Silva Dura\u00e7\u00e3o: 2019 ...<\/div><\/div><\/div>\n<div class=\"col-md-12 col-sm-12 col-xs-12 pt-cv-content-item pt-cv-1-col\" ><div class='pt-cv-ifield'><h6 class=\"pt-cv-title\"><a href=\"https:\/\/events.ipv.pt\/cised\/proj-ipv-idi-007-sistema-inteligente-de-controlo-de-planos-alimentares-para-o-desporto\/\" class=\"_self\" target=\"_self\" >PROJ\/IPV\/ID&#038;I\/007 \u2022 Sistema Inteligente de Controlo de Planos Alimentares para o Desporto<\/a><\/h6>\n<div class=\"pt-cv-content\">Investigador Respons\u00e1vel: Carlos Cunha Dura\u00e7\u00e3o: 2019 \u2013 ...<\/div><\/div><\/div><\/div><\/div><\/div>\n<\/div>\n<\/div>\n<\/div>\n<p><!--\n\n\n<div class=\"parallaxProjetos\">\n\n\n<div style=\"background-color: rgba(43,46,53,0.7);\">\n\n\n<div class=\"bannTot contRow\">\n\n\n<div class=\"cont\" style=\"width: 100%; padding-top: 50px;\">\n\n\n<div class=\"column30p\">\n\n\n<h2 style=\"text-align: right; color: #fff;\">Projetos<\/h2>\n\n\n<\/div>\n\n\n\n\n<div class=\"column70p\">\n\n\n<h5>financiamento externo<\/h5>\n\n\n[pt_view id=\"bd18e3bn10\"]\n\n\n<h5>internos<\/h5>\n\n\n[pt_view id=\"27d8187en6\"]\n\n\n\n\n\n<div class=\"abreCaixa\">\n\n\n<p class=\"expand\">[conclu\u00eddos] financiamento externo<\/p>\n\n\n\n\n<div class=\"exp_container\">\n[pt_view id=\"209a189axr\"]\n<\/div>\n\n\n<\/div>\n\n\n\n\n\n<div class=\"abreCaixa\">\n\n\n<p class=\"expand\">[conclu\u00eddos] internos<\/p>\n\n\n\n\n<div class=\"exp_container\">\n[pt_view id=\"ffe25a1vbi\"]\n<\/div>\n\n\n<\/div>\n\n\n\n<\/div>\n\n\n<\/div>\n\n\n<\/div>\n\n\n<\/div>\n\n\n<\/div>\n\n\n--><\/p>\n","protected":false},"excerpt":{"rendered":"<p>Projetos financiamento externo internos abrir todos [conclu\u00eddos] financiamento externo [conclu\u00eddos] internos<\/p>\n","protected":false},"author":1,"featured_media":0,"parent":0,"menu_order":4,"comment_status":"closed","ping_status":"closed","template":"","meta":{"_acf_changed":false,"site-sidebar-layout":"default","site-content-layout":"default","ast-site-content-layout":"normal-width-container","site-content-style":"boxed","site-sidebar-style":"default","ast-global-header-display":"","ast-banner-title-visibility":"","ast-main-header-display":"","ast-hfb-above-header-display":"","ast-hfb-below-header-display":"","ast-hfb-mobile-header-display":"","site-post-title":"disabled","ast-breadcrumbs-content":"","ast-featured-img":"","footer-sml-layout":"","ast-disable-related-posts":"","theme-transparent-header-meta":"default","adv-header-id-meta":"","stick-header-meta":"","header-above-stick-meta":"","header-main-stick-meta":"","header-below-stick-meta":"","astra-migrate-meta-layouts":"set","ast-page-background-enabled":"default","ast-page-background-meta":{"desktop":{"background-color":"var(--ast-global-color-4)","background-image":"","background-repeat":"repeat","background-position":"center center","background-size":"auto","background-attachment":"scroll","background-type":"","background-media":"","overlay-type":"","overlay-color":"","overlay-opacity":"","overlay-gradient":""},"tablet":{"background-color":"","background-image":"","background-repeat":"repeat","background-position":"center center","background-size":"auto","background-attachment":"scroll","background-type":"","background-media":"","overlay-type":"","overlay-color":"","overlay-opacity":"","overlay-gradient":""},"mobile":{"background-color":"","background-image":"","background-repeat":"repeat","background-position":"center center","background-size":"auto","background-attachment":"scroll","background-type":"","background-media":"","overlay-type":"","overlay-color":"","overlay-opacity":"","overlay-gradient":""}},"ast-content-background-meta":{"desktop":{"background-color":"var(--ast-global-color-5)","background-image":"","background-repeat":"repeat","background-position":"center center","background-size":"auto","background-attachment":"scroll","background-type":"","background-media":"","overlay-type":"","overlay-color":"","overlay-opacity":"","overlay-gradient":""},"tablet":{"background-color":"var(--ast-global-color-5)","background-image":"","background-repeat":"repeat","background-position":"center center","background-size":"auto","background-attachment":"scroll","background-type":"","background-media":"","overlay-type":"","overlay-color":"","overlay-opacity":"","overlay-gradient":""},"mobile":{"background-color":"var(--ast-global-color-5)","background-image":"","background-repeat":"repeat","background-position":"center center","background-size":"auto","background-attachment":"scroll","background-type":"","background-media":"","overlay-type":"","overlay-color":"","overlay-opacity":"","overlay-gradient":""}},"footnotes":"","_links_to":"","_links_to_target":""},"class_list":["post-669","page","type-page","status-publish","hentry"],"acf":[],"_links":{"self":[{"href":"https:\/\/events.ipv.pt\/cised\/wp-json\/wp\/v2\/pages\/669","targetHints":{"allow":["GET"]}}],"collection":[{"href":"https:\/\/events.ipv.pt\/cised\/wp-json\/wp\/v2\/pages"}],"about":[{"href":"https:\/\/events.ipv.pt\/cised\/wp-json\/wp\/v2\/types\/page"}],"author":[{"embeddable":true,"href":"https:\/\/events.ipv.pt\/cised\/wp-json\/wp\/v2\/users\/1"}],"replies":[{"embeddable":true,"href":"https:\/\/events.ipv.pt\/cised\/wp-json\/wp\/v2\/comments?post=669"}],"version-history":[{"count":30,"href":"https:\/\/events.ipv.pt\/cised\/wp-json\/wp\/v2\/pages\/669\/revisions"}],"predecessor-version":[{"id":3733,"href":"https:\/\/events.ipv.pt\/cised\/wp-json\/wp\/v2\/pages\/669\/revisions\/3733"}],"wp:attachment":[{"href":"https:\/\/events.ipv.pt\/cised\/wp-json\/wp\/v2\/media?parent=669"}],"curies":[{"name":"wp","href":"https:\/\/api.w.org\/{rel}","templated":true}]}}