{"id":660,"date":"2022-01-28T15:41:12","date_gmt":"2022-01-28T15:41:12","guid":{"rendered":"http:\/\/localhost\/cised\/?page_id=660"},"modified":"2024-03-20T14:46:39","modified_gmt":"2024-03-20T14:46:39","slug":"teses-de-doutoramento","status":"publish","type":"page","link":"https:\/\/events.ipv.pt\/cised\/publicacoes\/teses-de-doutoramento\/","title":{"rendered":"Teses de doutoramento"},"content":{"rendered":"<div class=\"contBox\">\n<h2>Teses de Doutoramento<\/h2>\n<div class=\"pt-cv-wrapper\"><div class=\"pt-cv-view pt-cv-blockgrid iscvblock iscvhybrid grid1 layout1\" id=\"pt-cv-view-bf56a19gi5\"><div data-id=\"pt-cv-page-1\" class=\"pt-cv-page\" data-cvc=\"1\"><div class=\" pt-cv-content-item pt-cv-1-col\" ><div class=\"pt-cv-content\"><p>2022 [Nat\u00e1lia de Lima Figueiredo]<br \/>\nUniversity-Industry cooperation from a business perspective: a European approach. <a href=\"http:\/\/hdl.handle.net\/10400.6\/12589\" rel=\"noopener\" target=\"_blank\">http:\/\/hdl.handle.net\/10400.6\/12589<\/a><br \/>\nGest\u00e3o | Universidade da Beira Interior, Portugal<\/p>\n<\/div>\n<div class=\"pt-cv-meta-fields\"><span class=\"terms\"> <a href='https:\/\/events.ipv.pt\/cised\/category\/ano\/2022\/' title='2022' class='pt-cv-tax-2022'>2022<\/a>, <a href='https:\/\/events.ipv.pt\/cised\/category\/ano\/' title='ano' class='pt-cv-tax-ano'>ano<\/a>, <a href='https:\/\/events.ipv.pt\/cised\/category\/doutoramento\/' title='doutoramento' class='pt-cv-tax-doutoramento'>doutoramento<\/a>, <a href='https:\/\/events.ipv.pt\/cised\/tag\/jose-luis-abrantes\/' title='Jos\u00e9 Lu\u00eds Abrantes' class='pt-cv-tax-jose-luis-abrantes'>Jos\u00e9 Lu\u00eds Abrantes<\/a>, <a href='https:\/\/events.ipv.pt\/cised\/category\/viseu\/' title='viseu' class='pt-cv-tax-viseu'>viseu<\/a><\/span><\/div><\/div>\n<div class=\" pt-cv-content-item pt-cv-1-col\" ><div class=\"pt-cv-content\"><p>2021 [Jo\u00e3o Pedro Saraiva Cabral Costa]<br \/>\nO Papel dos Museus no Turismo Urbano &#8211; O Caso do Museu Gr\u00e3o Vasco<br \/>\nTurismo | Universidade de Lisboa Instituto de Geografia e Ordenamento do Territ\u00f3rio, Portugal. <a href=\"http:\/\/hdl.handle.net\/10451\/49993\" rel=\"noopener\" target=\"_blank\">http:\/\/hdl.handle.net\/10451\/49993<\/a><\/p>\n<\/div>\n<div class=\"pt-cv-meta-fields\"><span class=\"terms\"> <a href='https:\/\/events.ipv.pt\/cised\/category\/ano\/2021\/' title='2021' class='pt-cv-tax-2021'>2021<\/a>, <a href='https:\/\/events.ipv.pt\/cised\/category\/doutoramento\/' title='doutoramento' class='pt-cv-tax-doutoramento'>doutoramento<\/a>, <a href='https:\/\/events.ipv.pt\/cised\/tag\/joaquim-antunes\/' title='Joaquim Antunes' class='pt-cv-tax-joaquim-antunes'>Joaquim Antunes<\/a>, <a href='https:\/\/events.ipv.pt\/cised\/category\/linha-investigacao\/outros\/' title='Outros' class='pt-cv-tax-outros'>Outros<\/a>, <a href='https:\/\/events.ipv.pt\/cised\/category\/viseu\/' title='viseu' class='pt-cv-tax-viseu'>viseu<\/a><\/span><\/div><\/div>\n<div class=\" pt-cv-content-item pt-cv-1-col\" ><div class=\"pt-cv-content\"><p>2021 [Manuel Ant\u00f3nio Louren\u00e7o dos Reis]<br \/>\nO impacto da intensidade concorrencial das marcas do distribuidor e do pre\u00e7o no desempenho da categoria. <a href=\"http:\/\/hdl.handle.net\/10400.6\/12083\" rel=\"noopener\" target=\"_blank\">http:\/\/hdl.handle.net\/10400.6\/12083<\/a><br \/>\nGest\u00e3o | Universidade da Beira Interior, Portugal\t<\/p>\n<\/div>\n<div class=\"pt-cv-meta-fields\"><span class=\"terms\"> <a href='https:\/\/events.ipv.pt\/cised\/category\/ano\/2021\/' title='2021' class='pt-cv-tax-2021'>2021<\/a>, <a href='https:\/\/events.ipv.pt\/cised\/category\/doutoramento\/' title='doutoramento' class='pt-cv-tax-doutoramento'>doutoramento<\/a>, <a href='https:\/\/events.ipv.pt\/cised\/tag\/jose-luis-abrantes\/' title='Jos\u00e9 Lu\u00eds Abrantes' class='pt-cv-tax-jose-luis-abrantes'>Jos\u00e9 Lu\u00eds Abrantes<\/a>, <a href='https:\/\/events.ipv.pt\/cised\/tag\/manuel-reis\/' title='Manuel Reis' class='pt-cv-tax-manuel-reis'>Manuel Reis<\/a>, <a href='https:\/\/events.ipv.pt\/cised\/category\/viseu\/' title='viseu' class='pt-cv-tax-viseu'>viseu<\/a><\/span><\/div><\/div>\n<div class=\" pt-cv-content-item pt-cv-1-col\" ><div class=\"pt-cv-content\"><p>2018 [Jo\u00e3o Reis]<br \/>\nServi\u00e7os Omnicanal na Ind\u00fastria de Servi\u00e7os Banc\u00e1rios: Investiga\u00e7\u00e3o Qualitativa Multi-m\u00e9todo<br \/>\nEngenharia e Gest\u00e3o Industrial | Universidade de Aveiro Departamento de Economia Gest\u00e3o Engenharia Industrial e Turismo, Portugal<\/p>\n<\/div>\n<div class=\"pt-cv-meta-fields\"><span class=\"terms\"> <a href='https:\/\/events.ipv.pt\/cised\/category\/linha-investigacao\/dsb-digital-service-business\/' title='[DSB] Digital Service Business' class='pt-cv-tax-dsb-digital-service-business'>[DSB] Digital Service Business<\/a>, <a href='https:\/\/events.ipv.pt\/cised\/category\/ano\/2018\/' title='2018' class='pt-cv-tax-2018'>2018<\/a>, <a href='https:\/\/events.ipv.pt\/cised\/category\/doutoramento\/' title='doutoramento' class='pt-cv-tax-doutoramento'>doutoramento<\/a>, <a href='https:\/\/events.ipv.pt\/cised\/tag\/nuno-melao\/' title='Nuno Mel\u00e3o' class='pt-cv-tax-nuno-melao'>Nuno Mel\u00e3o<\/a>, <a href='https:\/\/events.ipv.pt\/cised\/category\/viseu\/' title='viseu' class='pt-cv-tax-viseu'>viseu<\/a><\/span><\/div><\/div><\/div><\/div><\/div>\t\t\t<style type=\"text\/css\" id=\"pt-cv-inline-style-6d7a32172j\">\n#pt-cv-view-bf56a19gi5 .pt-cv-thumb-wrapper:not(.miniwrap) {  }#pt-cv-view-bf56a19gi5 .pt-cv-thumbnail:not(.pt-cv-thumbnailsm) { height: 250px; }#pt-cv-view-bf56a19gi5 > .pt-cv-page {grid-template-columns: repeat(1, 1fr);grid-gap: 15px;}\n@media all and (max-width: 1024px) { \n#pt-cv-view-bf56a19gi5 > .pt-cv-page {grid-template-columns: repeat(1, 1fr);}\n} \n@media all and (max-width: 767px) { \n#pt-cv-view-bf56a19gi5 > .pt-cv-page {grid-template-columns: repeat(1, 1fr);}\n} <\/style>\r\n\t\t\t\n<\/div>\n","protected":false},"excerpt":{"rendered":"<p>Teses de Doutoramento<\/p>\n","protected":false},"author":1,"featured_media":0,"parent":1645,"menu_order":3,"comment_status":"closed","ping_status":"closed","template":"","meta":{"_acf_changed":false,"site-sidebar-layout":"default","site-content-layout":"default","ast-site-content-layout":"normal-width-container","site-content-style":"boxed","site-sidebar-style":"default","ast-global-header-display":"","ast-banner-title-visibility":"","ast-main-header-display":"","ast-hfb-above-header-display":"","ast-hfb-below-header-display":"","ast-hfb-mobile-header-display":"","site-post-title":"disabled","ast-breadcrumbs-content":"","ast-featured-img":"","footer-sml-layout":"","ast-disable-related-posts":"","theme-transparent-header-meta":"default","adv-header-id-meta":"","stick-header-meta":"","header-above-stick-meta":"","header-main-stick-meta":"","header-below-stick-meta":"","astra-migrate-meta-layouts":"set","ast-page-background-enabled":"default","ast-page-background-meta":{"desktop":{"background-color":"var(--ast-global-color-4)","background-image":"","background-repeat":"repeat","background-position":"center center","background-size":"auto","background-attachment":"scroll","background-type":"","background-media":"","overlay-type":"","overlay-color":"","overlay-opacity":"","overlay-gradient":""},"tablet":{"background-color":"","background-image":"","background-repeat":"repeat","background-position":"center center","background-size":"auto","background-attachment":"scroll","background-type":"","background-media":"","overlay-type":"","overlay-color":"","overlay-opacity":"","overlay-gradient":""},"mobile":{"background-color":"","background-image":"","background-repeat":"repeat","background-position":"center center","background-size":"auto","background-attachment":"scroll","background-type":"","background-media":"","overlay-type":"","overlay-color":"","overlay-opacity":"","overlay-gradient":""}},"ast-content-background-meta":{"desktop":{"background-color":"var(--ast-global-color-5)","background-image":"","background-repeat":"repeat","background-position":"center center","background-size":"auto","background-attachment":"scroll","background-type":"","background-media":"","overlay-type":"","overlay-color":"","overlay-opacity":"","overlay-gradient":""},"tablet":{"background-color":"var(--ast-global-color-5)","background-image":"","background-repeat":"repeat","background-position":"center center","background-size":"auto","background-attachment":"scroll","background-type":"","background-media":"","overlay-type":"","overlay-color":"","overlay-opacity":"","overlay-gradient":""},"mobile":{"background-color":"var(--ast-global-color-5)","background-image":"","background-repeat":"repeat","background-position":"center center","background-size":"auto","background-attachment":"scroll","background-type":"","background-media":"","overlay-type":"","overlay-color":"","overlay-opacity":"","overlay-gradient":""}},"footnotes":"","_links_to":"","_links_to_target":""},"class_list":["post-660","page","type-page","status-publish","hentry"],"acf":[],"_links":{"self":[{"href":"https:\/\/events.ipv.pt\/cised\/wp-json\/wp\/v2\/pages\/660","targetHints":{"allow":["GET"]}}],"collection":[{"href":"https:\/\/events.ipv.pt\/cised\/wp-json\/wp\/v2\/pages"}],"about":[{"href":"https:\/\/events.ipv.pt\/cised\/wp-json\/wp\/v2\/types\/page"}],"author":[{"embeddable":true,"href":"https:\/\/events.ipv.pt\/cised\/wp-json\/wp\/v2\/users\/1"}],"replies":[{"embeddable":true,"href":"https:\/\/events.ipv.pt\/cised\/wp-json\/wp\/v2\/comments?post=660"}],"version-history":[{"count":12,"href":"https:\/\/events.ipv.pt\/cised\/wp-json\/wp\/v2\/pages\/660\/revisions"}],"predecessor-version":[{"id":3654,"href":"https:\/\/events.ipv.pt\/cised\/wp-json\/wp\/v2\/pages\/660\/revisions\/3654"}],"up":[{"embeddable":true,"href":"https:\/\/events.ipv.pt\/cised\/wp-json\/wp\/v2\/pages\/1645"}],"wp:attachment":[{"href":"https:\/\/events.ipv.pt\/cised\/wp-json\/wp\/v2\/media?parent=660"}],"curies":[{"name":"wp","href":"https:\/\/api.w.org\/{rel}","templated":true}]}}