{"id":1170,"date":"2022-03-31T14:52:27","date_gmt":"2022-03-31T14:52:27","guid":{"rendered":"http:\/\/localhost\/cised\/?page_id=1170"},"modified":"2024-02-20T15:07:29","modified_gmt":"2024-02-20T15:07:29","slug":"patentes","status":"publish","type":"page","link":"https:\/\/events.ipv.pt\/cised\/publicacoes\/patentes\/","title":{"rendered":"Patentes"},"content":{"rendered":"<div class=\"contBox\">\n<h2>Patentes<\/h2>\n<h4>Patente Nacional No. 107972<\/h4>\n<p>Projeto e produ\u00e7\u00e3o de equipamentos para testes de caneleiras e o seu m\u00e9todo. Essa patente foi fundamental para o desenvolvimento do produto Shin Guard comercializado pela empresa SAK, pois permitiu testar as caneleiras desenvolvidas, nos diversos ensaios de impacto, bem como testar produtos concorrentes, e assim comparar os seus resultados. Com os resultados dos testes, foi poss\u00edvel demonstrar aos principais clientes (grandes equipas de futebol e aos melhores jogadores de futebol) a qualidade superior do produto e o progresso tecnol\u00f3gico realizado pelas caneleiras SAK contra os competidores (Nike, Adidas, Umbro, etc). . Evidentemente, os equipamentos desenvolvidos no IPV contribu\u00edram de forma significativa para estabelecer a imagem do produto da SAK e para o alto crescimento das vendas, nos \u00faltimos dois anos.<\/p>\n<h4>Patente Internacional No. PCT\/US20 17\/02 1608<\/h4>\n<p>SISTEMA ORTODONTICO ULTRA-ADAPT\u00c1VEL: A presente inven\u00e7\u00e3o refere-se a um dispositivo de suporte ortodontico e, em particular, a um suporte que proporciona uma ajustabilidade aumentada de tal modo que uma for\u00e7a ou momento pode ser activado pelo dispositivo de suporte ortodontico. O dipositivo\/bracket pode conter um primeiro componente que compreender um canal que se estende de uma primeira extremidade a uma segunda extremidade para alojamento de um outro dispositivo. O primeiro canal \u00e9 configurado para receber um arame que pode a\u00ed deslizar. O dispositivo\/bracket tamb\u00e9m compreende um outro componente configurado para ser recebida dentro do primeiro componente. O primeiro componente \u00e9 configurado para se movimentar rotativamente e deslizar segundo dois outros eixos. O primeiro eixo permite a dire\u00e7\u00e3o apicocoron\u00e1ria do dente, e o segundo eixo permite a dire\u00e7\u00e3o bucopalatal do dente. O suporte\/bracket compreende ainda uma base configurada para se ligar \u00e0 superf\u00edcie do dente. O segundo componente \u00e9 configurado para deslizar na base segundo a dire\u00e7\u00e3o apicocoronal do dente.<\/p>\n<h4>Patente submetida<\/h4>\n<p>ESTIMULADOR DE CRESCIMENTO \u00d3SSEO E M\u00c9TODOS DE USO<br \/>\n<strong>Inventor<\/strong><\/p>\n<ul style=\"margin-top: -30px;\">\n<li>Alikhani, Mani<\/li>\n<li>Teixeira, Cristina<\/li>\n<li>Oliveira, Serafim<\/li>\n<li>Sangsuwon, Chinapa<\/li>\n<li>Alansari, Sarah<\/li>\n<li>Roque, C\u00e2ndido<\/li>\n<\/ul>\n<\/div>\n","protected":false},"excerpt":{"rendered":"<p>Patentes Patente Nacional No. 107972 Projeto e produ\u00e7\u00e3o de equipamentos para testes de caneleiras e o seu m\u00e9todo. Essa patente foi fundamental para o desenvolvimento do produto Shin Guard comercializado pela empresa SAK, pois permitiu testar as caneleiras desenvolvidas, nos diversos ensaios de impacto, bem como testar produtos concorrentes, e assim comparar os seus resultados. [&hellip;]<\/p>\n","protected":false},"author":1,"featured_media":0,"parent":1645,"menu_order":4,"comment_status":"closed","ping_status":"closed","template":"","meta":{"_acf_changed":false,"site-sidebar-layout":"default","site-content-layout":"default","ast-site-content-layout":"normal-width-container","site-content-style":"boxed","site-sidebar-style":"default","ast-global-header-display":"","ast-banner-title-visibility":"","ast-main-header-display":"","ast-hfb-above-header-display":"","ast-hfb-below-header-display":"","ast-hfb-mobile-header-display":"","site-post-title":"disabled","ast-breadcrumbs-content":"","ast-featured-img":"","footer-sml-layout":"","ast-disable-related-posts":"","theme-transparent-header-meta":"default","adv-header-id-meta":"","stick-header-meta":"","header-above-stick-meta":"","header-main-stick-meta":"","header-below-stick-meta":"","astra-migrate-meta-layouts":"set","ast-page-background-enabled":"default","ast-page-background-meta":{"desktop":{"background-color":"var(--ast-global-color-4)","background-image":"","background-repeat":"repeat","background-position":"center center","background-size":"auto","background-attachment":"scroll","background-type":"","background-media":"","overlay-type":"","overlay-color":"","overlay-opacity":"","overlay-gradient":""},"tablet":{"background-color":"","background-image":"","background-repeat":"repeat","background-position":"center center","background-size":"auto","background-attachment":"scroll","background-type":"","background-media":"","overlay-type":"","overlay-color":"","overlay-opacity":"","overlay-gradient":""},"mobile":{"background-color":"","background-image":"","background-repeat":"repeat","background-position":"center center","background-size":"auto","background-attachment":"scroll","background-type":"","background-media":"","overlay-type":"","overlay-color":"","overlay-opacity":"","overlay-gradient":""}},"ast-content-background-meta":{"desktop":{"background-color":"var(--ast-global-color-5)","background-image":"","background-repeat":"repeat","background-position":"center center","background-size":"auto","background-attachment":"scroll","background-type":"","background-media":"","overlay-type":"","overlay-color":"","overlay-opacity":"","overlay-gradient":""},"tablet":{"background-color":"var(--ast-global-color-5)","background-image":"","background-repeat":"repeat","background-position":"center center","background-size":"auto","background-attachment":"scroll","background-type":"","background-media":"","overlay-type":"","overlay-color":"","overlay-opacity":"","overlay-gradient":""},"mobile":{"background-color":"var(--ast-global-color-5)","background-image":"","background-repeat":"repeat","background-position":"center center","background-size":"auto","background-attachment":"scroll","background-type":"","background-media":"","overlay-type":"","overlay-color":"","overlay-opacity":"","overlay-gradient":""}},"footnotes":"","_links_to":"","_links_to_target":""},"class_list":["post-1170","page","type-page","status-publish","hentry"],"acf":[],"_links":{"self":[{"href":"https:\/\/events.ipv.pt\/cised\/wp-json\/wp\/v2\/pages\/1170","targetHints":{"allow":["GET"]}}],"collection":[{"href":"https:\/\/events.ipv.pt\/cised\/wp-json\/wp\/v2\/pages"}],"about":[{"href":"https:\/\/events.ipv.pt\/cised\/wp-json\/wp\/v2\/types\/page"}],"author":[{"embeddable":true,"href":"https:\/\/events.ipv.pt\/cised\/wp-json\/wp\/v2\/users\/1"}],"replies":[{"embeddable":true,"href":"https:\/\/events.ipv.pt\/cised\/wp-json\/wp\/v2\/comments?post=1170"}],"version-history":[{"count":14,"href":"https:\/\/events.ipv.pt\/cised\/wp-json\/wp\/v2\/pages\/1170\/revisions"}],"predecessor-version":[{"id":1651,"href":"https:\/\/events.ipv.pt\/cised\/wp-json\/wp\/v2\/pages\/1170\/revisions\/1651"}],"up":[{"embeddable":true,"href":"https:\/\/events.ipv.pt\/cised\/wp-json\/wp\/v2\/pages\/1645"}],"wp:attachment":[{"href":"https:\/\/events.ipv.pt\/cised\/wp-json\/wp\/v2\/media?parent=1170"}],"curies":[{"name":"wp","href":"https:\/\/api.w.org\/{rel}","templated":true}]}}