{"id":1170,"date":"2022-03-31T14:52:27","date_gmt":"2022-03-31T14:52:27","guid":{"rendered":"http:\/\/localhost\/cised\/?page_id=1170"},"modified":"2024-02-20T15:07:29","modified_gmt":"2024-02-20T15:07:29","slug":"patentes","status":"publish","type":"page","link":"https:\/\/events.ipv.pt\/cised\/en\/publicacoes\/patentes\/","title":{"rendered":"Patents"},"content":{"rendered":"<div class=\"contBox\">\n<h2>Patents<\/h2>\n<h4>National Patent Number. 107972<\/h4>\n<p>Design and production of equipment for testing of shin guards and their method. This patent was fundamental for the development of the Shin guard product commercialized by SAK company, as it allowed to test the developed shin guards, in the various impact tests, as well as to test competing products, and thus compare their results. With the results of the tests, it was possible to demonstrate to key clients (great football teams and the best soccer players) the superior quality of the product and the technological progress made by SAK's shin guards against competitors (Nike, Adidas, Umbro, etc.). Clearly, the equipment developed in the IPV has contributed in a significant way to establish the image of the product of the SAK and to the high growth of the sales, in the last two years.<\/p>\n<h4>International Patent Number. PCT\/US20 17\/02 1608<\/h4>\n<p>ULTRA-ADAPTABLE ORTHODONTIC SYSTEM: The present invention relates to an orthodontic bracket device and, in particular, a bracket that provides for enhanced adjustability such that a force or moment may be activated by the orthodontic bracket device. The bracket may comprise a housing portion having a first channel extending from a first end to a second end through the housing portion. The first channel is configured to slidably receive an arch wire therethrough. The bracket also comprises a body portion configured to be received within the housing portion. The housing portion is configured to rotatably mount to the body portion about a first axis and a second axis. The first axis may be in an apicocoronal direction of the tooth, and the second axis may be in a buccopalatal direction of the tooth. The bracket further comprises a base portion configured to attach to a surface of the tooth. The body portion is configured to slidably mount on the base portion along the apicocoronal direction of the tooth.<\/p>\n<h4>Submitted patent<\/h4>\n<p>BONE GROWTH STIMULATOR AND METHODS OF USE<br \/>\n<strong>Inventor<\/strong><\/p>\n<ul style=\"margin-top: -30px;\">\n<li>Alikhani, Mani<\/li>\n<li>Teixeira, Cristina<\/li>\n<li>Oliveira, Serafim<\/li>\n<li>Sangsuwon, Chinapa<\/li>\n<li>Alansari, Sarah<\/li>\n<li>Roque, C\u00e2ndido<\/li>\n<\/ul>\n<\/div>","protected":false},"excerpt":{"rendered":"<p>Patentes Patente Nacional No. 107972 Projeto e produ\u00e7\u00e3o de equipamentos para testes de caneleiras e o seu m\u00e9todo. Essa patente foi fundamental para o desenvolvimento do produto Shin Guard comercializado pela empresa SAK, pois permitiu testar as caneleiras desenvolvidas, nos diversos ensaios de impacto, bem como testar produtos concorrentes, e assim comparar os seus resultados. [&hellip;]<\/p>\n","protected":false},"author":1,"featured_media":0,"parent":1645,"menu_order":4,"comment_status":"closed","ping_status":"closed","template":"","meta":{"_acf_changed":false,"site-sidebar-layout":"default","site-content-layout":"default","ast-site-content-layout":"normal-width-container","site-content-style":"boxed","site-sidebar-style":"default","ast-global-header-display":"","ast-banner-title-visibility":"","ast-main-header-display":"","ast-hfb-above-header-display":"","ast-hfb-below-header-display":"","ast-hfb-mobile-header-display":"","site-post-title":"disabled","ast-breadcrumbs-content":"","ast-featured-img":"","footer-sml-layout":"","ast-disable-related-posts":"","theme-transparent-header-meta":"default","adv-header-id-meta":"","stick-header-meta":"","header-above-stick-meta":"","header-main-stick-meta":"","header-below-stick-meta":"","astra-migrate-meta-layouts":"set","ast-page-background-enabled":"default","ast-page-background-meta":{"desktop":{"background-color":"var(--ast-global-color-4)","background-image":"","background-repeat":"repeat","background-position":"center center","background-size":"auto","background-attachment":"scroll","background-type":"","background-media":"","overlay-type":"","overlay-color":"","overlay-opacity":"","overlay-gradient":""},"tablet":{"background-color":"","background-image":"","background-repeat":"repeat","background-position":"center center","background-size":"auto","background-attachment":"scroll","background-type":"","background-media":"","overlay-type":"","overlay-color":"","overlay-opacity":"","overlay-gradient":""},"mobile":{"background-color":"","background-image":"","background-repeat":"repeat","background-position":"center center","background-size":"auto","background-attachment":"scroll","background-type":"","background-media":"","overlay-type":"","overlay-color":"","overlay-opacity":"","overlay-gradient":""}},"ast-content-background-meta":{"desktop":{"background-color":"var(--ast-global-color-5)","background-image":"","background-repeat":"repeat","background-position":"center center","background-size":"auto","background-attachment":"scroll","background-type":"","background-media":"","overlay-type":"","overlay-color":"","overlay-opacity":"","overlay-gradient":""},"tablet":{"background-color":"var(--ast-global-color-5)","background-image":"","background-repeat":"repeat","background-position":"center center","background-size":"auto","background-attachment":"scroll","background-type":"","background-media":"","overlay-type":"","overlay-color":"","overlay-opacity":"","overlay-gradient":""},"mobile":{"background-color":"var(--ast-global-color-5)","background-image":"","background-repeat":"repeat","background-position":"center center","background-size":"auto","background-attachment":"scroll","background-type":"","background-media":"","overlay-type":"","overlay-color":"","overlay-opacity":"","overlay-gradient":""}},"footnotes":"","_links_to":"","_links_to_target":""},"class_list":["post-1170","page","type-page","status-publish","hentry"],"acf":[],"_links":{"self":[{"href":"https:\/\/events.ipv.pt\/cised\/en\/wp-json\/wp\/v2\/pages\/1170","targetHints":{"allow":["GET"]}}],"collection":[{"href":"https:\/\/events.ipv.pt\/cised\/en\/wp-json\/wp\/v2\/pages"}],"about":[{"href":"https:\/\/events.ipv.pt\/cised\/en\/wp-json\/wp\/v2\/types\/page"}],"author":[{"embeddable":true,"href":"https:\/\/events.ipv.pt\/cised\/en\/wp-json\/wp\/v2\/users\/1"}],"replies":[{"embeddable":true,"href":"https:\/\/events.ipv.pt\/cised\/en\/wp-json\/wp\/v2\/comments?post=1170"}],"version-history":[{"count":14,"href":"https:\/\/events.ipv.pt\/cised\/en\/wp-json\/wp\/v2\/pages\/1170\/revisions"}],"predecessor-version":[{"id":1651,"href":"https:\/\/events.ipv.pt\/cised\/en\/wp-json\/wp\/v2\/pages\/1170\/revisions\/1651"}],"up":[{"embeddable":true,"href":"https:\/\/events.ipv.pt\/cised\/en\/wp-json\/wp\/v2\/pages\/1645"}],"wp:attachment":[{"href":"https:\/\/events.ipv.pt\/cised\/en\/wp-json\/wp\/v2\/media?parent=1170"}],"curies":[{"name":"wp","href":"https:\/\/api.w.org\/{rel}","templated":true}]}}