{"id":20761,"date":"2026-01-21T16:20:53","date_gmt":"2026-01-21T16:20:53","guid":{"rendered":"https:\/\/events.ipv.pt\/cidei\/?page_id=20761"},"modified":"2026-01-21T16:40:26","modified_gmt":"2026-01-21T16:40:26","slug":"linha-do-tempo","status":"publish","type":"page","link":"https:\/\/events.ipv.pt\/cidei\/en\/linha-do-tempo\/","title":{"rendered":"timeline"},"content":{"rendered":"<div class=\"panel bgCinza auto-height\">\n<div class=\"ast-container esp100-0\">\n<!-- 2025 --><\/p>\n<div class=\"rwS\">\n<div>\n<h6 class=\"fBLaranja\">2025<\/h6>\n<h6 class=\"fLaranja\" style=\"text-align: right;\">FCT evaluation<br \/>\n<span class=\"fBranco\" style=\"text-align: right;\">GOOD<\/span><\/h6>\n<\/div>\n<div>\n<p class=\"fLaranja\">organization<br \/>\n<span class=\"fCinzaA\">management institutions<\/span><\/p>\n<p><a class=\"btQuad1\" href=\"\/cidei\/sandrina-milhano\/\">Sandrina Milhano<\/a><br \/>\n<span class=\"fS8 fCinzaA espLR50\">Instituto Polit\u00e9cnico de Leiria<\/span><br \/>\n<a class=\"btQuad1\" href=\"\/cidei\/tiago-almeida\/\">Tiago Almeida<\/a><br \/>\n<span class=\"fS8 fCinzaA espLR50\">Instituto Polit\u00e9cnico de Lisboa<\/span><\/p>\n<p class=\"fLaranja\">research lines<br \/>\n<span class=\"fCinzaA\">redefinition<\/span><\/p>\n<p><a class=\"btQuad1\" href=\"\/cidei\/#linhaPEDF\">Educational Policies, Didactics and Training<\/a><br \/>\n<a class=\"btQuad1\" href=\"\/cidei\/#linhaESQV\">Health Education and Quality of Life<\/a><br \/>\n<a class=\"btQuad1\" href=\"\/cidei\/#linhaECI\">Education, Citizenship and Inclusion<\/a><br \/>\n<a class=\"btQuad1\" href=\"\/cidei\/#linhaTICME\">ICT and Multimedia in Education<\/a>\n<\/div>\n<\/div>\n<p><!-- 2024 | 2023-2022-2020 --><\/p>\n<div class=\"rwS\">\n<div class=\"rwS\">\n<div>\n<h6 class=\"fBLaranja\">2024<\/h6>\n<h6 class=\"fLaranja\" style=\"text-align: right;\">organization<\/h6>\n<\/div>\n<div class=\"fCinzaA\">\n<p>main management institution<\/p>\n<p><a class=\"btQuad1\" href=\"\/cidei\/antonino-pereira\/\">Antonino Pereira<\/a><br \/>\n<span class=\"fS8 espLR50\">Instituto Polit\u00e9cnico de Viseu<\/span><\/p>\n<p>management institutions<\/p>\n<p><a class=\"btQuad1\" href=\"\/cidei\/pedro-tadeu\/\">Pedro Tadeu<\/a><br \/>\n<span class=\"fS8 espLR50\">Instituto Polit\u00e9cnico da Guarda<\/span><br \/>\n<a class=\"btQuad1\" href=\"\/cidei\/helia-pinto\/\">H\u00e9lia Pinto<\/a><br \/>\n<span class=\"fS8 espLR50\">Instituto Polit\u00e9cnico de Leiria<\/span><br \/>\n<a class=\"btQuad1\" href=\"\/cidei\/maria-joao-silva\/\">Maria Jo\u00e3o Silva<\/a><br \/>\n<span class=\"fS8 espLR50\">Instituto Polit\u00e9cnico de Lisboa<\/span><\/p>\n<p class=\"fLaranja\">external advisory board<br \/>\n<span class=\"fBranco\">\u2192 Jose Maria Fernandez Batanero<\/span><br \/>\n<span class=\"fS8 esp0-20\">Universidad Sevilla, Spain<\/span><br \/>\n<span class=\"fBranco\">\u2192 Rui Manuel Marques<\/span><br \/>\n<span class=\"fS8 esp0-20\">Instituto Padre Ant\u00f3nio Vieira, Portugal<\/span><br \/>\n<span class=\"fBranco\">\u2192 Joe O&#8217;Hara<\/span><br \/>\n<span class=\"fS8 esp0-20\">Dublin City University, Irland<\/span><br \/>\n<span class=\"fBranco\">\u2192 Margarida Gaspar de Matos<\/span><br \/>\n<span class=\"fS8 esp0-20\">Universidade de Lisboa, Portugal<\/span><br \/>\n<span class=\"fBranco\">\u2192 Petra Grell<\/span><br \/>\n<span class=\"fS8 esp0-20\">Technische Universit\u00e4t Darmstadt, Germany<\/span><br \/>\n<span class=\"fBranco\">\u2192 Jorge Arroteia<\/span><br \/>\n<span class=\"fS8 esp0-20\">Universidade de Aveiro, Portugal<\/span><br \/>\n<span class=\"fBranco\">\u2192 Carlos Alberto Vilar Est\u00eav\u00e3o<\/span><br \/>\n<span class=\"fS8 esp0-20\">Universidade do Minho, Portugal<\/span><\/p>\n<\/div>\n<div>\n<div class=\"rwS\">\n<div>\n<h6 class=\"fBLaranja\">2023<\/h6>\n<h6 class=\"fLaranja translation-block\" style=\"text-align: right;\">scientific<br>coordinator<\/h6>\n<\/div>\n<div>\n<p class=\"fLaranja\">appointment<br \/>\n<span class=\"fCinzaA\">\u2192 Antonino Pereira<\/span><br \/>\n<span class=\"fS8 fCinzaA esp0-20\">Instituto Polit\u00e9cnico de Viseu<\/span><\/p>\n<\/div>\n<\/div>\n<div class=\"rwS\">\n<div>\n<h6 class=\"fBLaranja\">2022<\/h6>\n<h6 class=\"fLaranja translation-block\" style=\"text-align: right;\">research<br>lines<\/h6>\n<\/div>\n<div>\n<p class=\"fCinzaA\">redefinition<br \/>\n\u2192 Pol\u00edticas Educativas, Did\u00e1ticas e Forma\u00e7\u00e3o<br \/>\n\u2192 Educa\u00e7\u00e3o para a Sa\u00fade e Qualidade de Vida<br \/>\n\u2192 Educa\u00e7\u00e3o, Cidadania e Inclus\u00e3o<br \/>\n<a class=\"btQuad1\" href=\"\/cidei\/educacao-para-o-empreendedorismo-e-sustentabilidade\/\">Education for Entrepreneurship and Sustainability<\/a><br \/>\n\u2192 TIC e Multim\u00e9dia na Educa\u00e7\u00e3o<\/p>\n<\/div>\n<\/div>\n<div class=\"rwS\">\n<div>\n<h6 class=\"fBLaranja\">2020<\/h6>\n<h6 class=\"fLaranja\" style=\"text-align: right;\">FCT evaluation<br \/>\n<span class=\"fBranco\" style=\"text-align: right;\">GOOD<\/span><\/h6>\n<\/div>\n<div class=\"fCinzaA\">\n<p class=\"fLaranja\">external advisory board<br \/>\n<span class=\"fCinzaA\">redefinition<\/span><br \/>\n<span class=\"fCinzaA\">\u2192 Jorge Adelino da Costa<br \/>\n<span class=\"fS8 fCinzaA esp0-20\">Universidade de Aveiro, Portugal<\/span><br \/>\n<span class=\"fCinzaA\">\u2192 Jos\u00e9 Jes\u00fas G\u00e1squez Linares<\/span><br \/>\n<span class=\"fS8 fCinzaA esp0-20\">Universidad Almer\u00eda, Spain<\/span><br \/>\n<span class=\"fCinzaA\">\u2192 Jos\u00e9 Maria Fern\u00e1ndez Batanero<\/span><br \/>\n<span class=\"fS8 fCinzaA esp0-20\">Universidad Sevilla, Spain<\/span><br \/>\n<span class=\"fCinzaA\">\u2192 J\u00falio Pedrosa de Jesus<\/span><br \/>\n<span class=\"fS8 fCinzaA esp0-20\">Universidade de Aveiro, Portugal<\/span><br \/>\n<span class=\"fCinzaA\">\u2192 Mar\u00eda Cruz S\u00e1nchez G\u00f3mez<\/span><br \/>\n<span class=\"fS8 fCinzaA esp0-20\">Universidad Salamanca, Spain<\/span><br \/>\n<span class=\"fCinzaA\">\u2192 Rui Manuel Marques<\/span><br \/>\n<span class=\"fS8 fCinzaA esp0-20\">Instituto Padre Ant\u00f3nio Vieira, Portugal<\/span><\/p>\n<\/div>\n<\/div>\n<\/div>\n<\/div>\n<\/div>\n<p><!-- 2018 --><\/p>\n<div class=\"rwS\">\n<div>\n<h6 class=\"fBLaranja\">2018<\/h6>\n<h6 class=\"fLaranja\" style=\"text-align: right;\">creation<\/h6>\n<\/div>\n<div>\n<p class=\"fLaranja\">organization<br \/>\n<span class=\"fCinzaA\">main management institution<\/span><br \/>\n<a class=\"btQuad1\" href=\"\/cidei\/ana-paula-cardoso\/\">Ana Paula Cardoso<\/a><br \/>\n<span class=\"fS8 fCinzaA espLR50\">Instituto Polit\u00e9cnico de Viseu<\/span><\/p>\n<p class=\"fLaranja\">management institutions<br \/>\n<span class=\"fCinzaA\">\u2192 Pedro Tadeu<\/span><br \/>\n<span class=\"fS8 fCinzaA esp0-20\">Instituto Polit\u00e9cnico da Guarda<\/span><br \/>\n<span class=\"fCinzaA\">\u2192 H\u00e9lia Pinto<\/span><br \/>\n<span class=\"fS8 fCinzaA esp0-20\">Instituto Polit\u00e9cnico de Leiria<\/span><\/p>\n<p class=\"fLaranja\">research lines<br \/>\n<span class=\"fCinzaA\">\u2192 Didactics and Teacher Training<\/span><br \/>\n<span class=\"fCinzaA\">\u2192 Education in Non-Formal Contexts<\/span><br \/>\n<span class=\"fCinzaA\">\u2192 Inclusive Education<\/span><br \/>\n<span class=\"fCinzaA\">\u2192 Education for Entrepreneurship<\/span><\/p>\n<\/div>\n<\/div>\n<\/div>\n<\/div>\n<\/div>","protected":false},"excerpt":{"rendered":"<p>2025 avalia\u00e7\u00e3o FCT BOM organiza\u00e7\u00e3o institui\u00e7\u00f5es de gest\u00e3o Sandrina Milhano Instituto Polit\u00e9cnico de Leiria Tiago Almeida Instituto Polit\u00e9cnico de Lisboa linhas de investiga\u00e7\u00e3o redefini\u00e7\u00e3o Pol\u00edticas Educativas, Did\u00e1ticas e Forma\u00e7\u00e3o Educa\u00e7\u00e3o para a Sa\u00fade e Qualidade de Vida Educa\u00e7\u00e3o, Cidadania e Inclus\u00e3o TIC e Multim\u00e9dia na Educa\u00e7\u00e3o 2024 organiza\u00e7\u00e3o institui\u00e7\u00e3o de gest\u00e3o principal Antonino Pereira Instituto [&hellip;]<\/p>\n","protected":false},"author":1,"featured_media":0,"parent":0,"menu_order":22,"comment_status":"closed","ping_status":"closed","template":"","meta":{"site-sidebar-layout":"default","site-content-layout":"","ast-site-content-layout":"default","site-content-style":"default","site-sidebar-style":"default","ast-global-header-display":"","ast-banner-title-visibility":"","ast-main-header-display":"","ast-hfb-above-header-display":"","ast-hfb-below-header-display":"","ast-hfb-mobile-header-display":"","site-post-title":"","ast-breadcrumbs-content":"","ast-featured-img":"","footer-sml-layout":"","ast-disable-related-posts":"","theme-transparent-header-meta":"default","adv-header-id-meta":"","stick-header-meta":"","header-above-stick-meta":"","header-main-stick-meta":"","header-below-stick-meta":"","astra-migrate-meta-layouts":"set","ast-page-background-enabled":"default","ast-page-background-meta":{"desktop":{"background-color":"","background-image":"","background-repeat":"repeat","background-position":"center center","background-size":"auto","background-attachment":"scroll","background-type":"","background-media":"","overlay-type":"","overlay-color":"","overlay-opacity":"","overlay-gradient":""},"tablet":{"background-color":"","background-image":"","background-repeat":"repeat","background-position":"center center","background-size":"auto","background-attachment":"scroll","background-type":"","background-media":"","overlay-type":"","overlay-color":"","overlay-opacity":"","overlay-gradient":""},"mobile":{"background-color":"","background-image":"","background-repeat":"repeat","background-position":"center center","background-size":"auto","background-attachment":"scroll","background-type":"","background-media":"","overlay-type":"","overlay-color":"","overlay-opacity":"","overlay-gradient":""}},"ast-content-background-meta":{"desktop":{"background-color":"var(--ast-global-color-5)","background-image":"","background-repeat":"repeat","background-position":"center center","background-size":"auto","background-attachment":"scroll","background-type":"","background-media":"","overlay-type":"","overlay-color":"","overlay-opacity":"","overlay-gradient":""},"tablet":{"background-color":"var(--ast-global-color-5)","background-image":"","background-repeat":"repeat","background-position":"center center","background-size":"auto","background-attachment":"scroll","background-type":"","background-media":"","overlay-type":"","overlay-color":"","overlay-opacity":"","overlay-gradient":""},"mobile":{"background-color":"var(--ast-global-color-5)","background-image":"","background-repeat":"repeat","background-position":"center center","background-size":"auto","background-attachment":"scroll","background-type":"","background-media":"","overlay-type":"","overlay-color":"","overlay-opacity":"","overlay-gradient":""}},"footnotes":"","_links_to":"","_links_to_target":""},"class_list":["post-20761","page","type-page","status-publish","hentry"],"_links":{"self":[{"href":"https:\/\/events.ipv.pt\/cidei\/en\/wp-json\/wp\/v2\/pages\/20761","targetHints":{"allow":["GET"]}}],"collection":[{"href":"https:\/\/events.ipv.pt\/cidei\/en\/wp-json\/wp\/v2\/pages"}],"about":[{"href":"https:\/\/events.ipv.pt\/cidei\/en\/wp-json\/wp\/v2\/types\/page"}],"author":[{"embeddable":true,"href":"https:\/\/events.ipv.pt\/cidei\/en\/wp-json\/wp\/v2\/users\/1"}],"replies":[{"embeddable":true,"href":"https:\/\/events.ipv.pt\/cidei\/en\/wp-json\/wp\/v2\/comments?post=20761"}],"version-history":[{"count":16,"href":"https:\/\/events.ipv.pt\/cidei\/en\/wp-json\/wp\/v2\/pages\/20761\/revisions"}],"predecessor-version":[{"id":20778,"href":"https:\/\/events.ipv.pt\/cidei\/en\/wp-json\/wp\/v2\/pages\/20761\/revisions\/20778"}],"wp:attachment":[{"href":"https:\/\/events.ipv.pt\/cidei\/en\/wp-json\/wp\/v2\/media?parent=20761"}],"curies":[{"name":"wp","href":"https:\/\/api.w.org\/{rel}","templated":true}]}}