{"id":855,"date":"2021-04-30T10:20:53","date_gmt":"2021-04-30T10:20:53","guid":{"rendered":"http:\/\/127.0.0.1\/cernas\/?page_id=855"},"modified":"2022-04-26T07:58:07","modified_gmt":"2022-04-26T07:58:07","slug":"greenweek","status":"publish","type":"page","link":"https:\/\/events.ipv.pt\/cernas\/pt\/greenweek\/","title":{"rendered":"GREENWEEK"},"content":{"rendered":"<div class=\"mask_greenweek1\">\n<div class=\"ast-container\" style=\"padding-top: 250px; text-align: right;\">\n<div class=\"containerRight\">\n<div class=\"column50p\">\n<h1 style=\"font-size: 5.0em;\"><strong>ZERO <br \/>POLLUTION<\/strong><\/h1>\n<h1 style=\"color: #fff;\"><span style=\"background-color: #2b2e34;\">MAKE IT REAL<\/span><\/h1>\n<h2 style=\"font-weight: 600;\">#EU<span style=\"color: #01b602; background-color: #2b2e34;\">GREEN<\/span><span style=\"color: #fff; background-color: #2b2e34;\">WEEK<\/span><\/h2>\n<\/div>\n<\/div>\n<\/div>\n<div class=\"ast-container\" style=\"text-align: right; padding-top: 50px;\">\n<h1 style=\"font-weight: 900; color: #083c3c;\"><span style=\"background-color: #083c3c; color: #fff; padding-left: 5px; padding-right: 5px;\">June 3rd, 2022<\/span> Auditorium of ESTGV<\/h1>\n<\/div>\n<div class=\"ast-container\" style=\"text-align: right; padding-top: 0px;\">\n<p><a class=\"bt_green1\" href=\"https:\/\/dep.estgv.ipv.pt\/departamentos\/amb\/5117-2\/\" rel=\"noopener\" target=\"_blank\">PROGRAM<\/a><a class=\"bt_green1\" href=\"http:\/\/127.0.0.1\/cernas\/wp-content\/uploads\/2022\/03\/abstract_templateV2.docx\">TEMPLATE ABSTRACT<\/a><\/p>\n<\/div>\n<div class=\"ast-container\" style=\"text-align: right; padding-top: 0px;\">\n<h5 style=\"padding-top: 30px;\">call for abstracts: <span style=\"font-size: 0.8em;\">until May 6th, 2022<\/span><br \/>\nacceptance communication: <span style=\"font-size: 0.8em;\">May 23th, 2022<\/span><br \/>\ndelivery of the review by the authors: <span style=\"font-size: 0.8em;\">May 27th, 2022<\/span><br \/>\nregistration: <span style=\"font-size: 0.8em;\">until May 27th, 2022<\/span><br \/>\npresentation: <span style=\"font-size: 0.8em;\">June 3rd, 2022<\/span><br \/>\nsubmit abstract to: <span style=\"font-size: 0.8em;\"><a href=\"mailto:amb@estgv.ipv.pt\" rel=\"noopener\" target=\"_blank\">amb@estgv.ipv.pt<\/a><\/span><\/h5>\n<\/div>\n<div class=\"ast-container\" style=\"padding: 50px; background-color: rgba(255,255,255,0.8);\">\n<h1 style=\"color: #083c3c; font-size: 4.0em;\"><strong>2nd INTERNATIONAL WORKSHOP:<br \/>TOWARDS ZERO POLLUTION<\/strong><\/h1>\n<p>The large share of energy consumed at the industrial level is derived from fossil fuels that are identified as one of the main sources of carbon emissions and cause of climate change. Global carbon dioxide (CO2) emissions from fossil fuels and industry have increased considerably since 2000, and in 2019 reached a record high of 36.7 billion metric tons of CO2. Environmental issues, especially climate change, have become hot topics around the world in recent years due to the magnitude and scope of their impacts. Carbon dioxide and greenhouse gases emitted by human activities, particularly related to energy consumption, have changed weather patterns around the world, causing extreme weather conditions such as hurricanes, drought, excessive rainfall and unusual temperatures. Many countries are trying to diversify the focus of primary energy sources, from fossil fuels to other sources, notably renewable energy. This situation has a particular interest in a global crisis arising from the war in Europe. The sources of energy must be diversified.<\/p>\n<p>EU Green Week is an annual event where the objective is to debate European environmental policy towards a resource-efficient and climate-neutral Europe by 2050. This year\u2019s edition focuses on the European Green Deal and puts three important aspects into highlight the circular economy, zero pollution and biodiversity. In Viseu we are going to reflect about the role of the good practices in the industry towards zero pollution, with particular focus in the efficient energy usage and resilient practices.<\/p>\n<p><span style=\"color: #083c3c; font-size: 1.2em;\"><strong>The 2nd Workshop \u2013 Towards Zero Pollution<\/strong><\/span>, in IPV, is part of the activities of Green Week IPV 2022, which will take place on <strong>June 3, 2022<\/strong> in the auditorium of ESTGV (School of Technology and Management of the Polytechnic Institute of Viseu).  Submission is open for oral or e-poster presentation until April 29. To do so, a summary must be sent in accordance with the attached template. This workshop aims to participate in all organic units of PV, universities and other polytechnics, as well as secondary schools. The selected jobs have 7 minutes for their communication<\/p>\n<p>All accepted abstracts will be published in the Abstract book, that will be available on the event&#8217;s website for free download.<\/p>\n<\/div>\n<div class=\"ast-container container\" style=\"background-color: rgba(8,60,60,0.85); color: #fff; padding-top: 80px; border-top: 4px solid #083c3c;\">\n<div style=\"padding-left: 20px; padding-right: 20px;\">\n<h3 style=\"color: #fff;\">Organizing Committee<\/h3>\n<p>Isabel Br\u00e1s<br \/>\nLu\u00edsa Cruz-Lopes<br \/>\nMaria Elisabete Silva<br \/>\nNuno Miguel Rodrigues<br \/>\nS\u00e9rgio Lopes\n<\/p><\/div>\n<div style=\"padding-left: 20px; padding-right: 20px; padding-bottom: 20px; color: #fff;\">\n<h3 style=\"color: #fff;\">Scientific Committee<\/h3>\n<p>Ana Cristina Cunha Queda . <span style=\"font-size: 0.85em; color: #eee;\">Instituto Superior de Agronomia, Universidade de Lisboa, Portugal<\/span><br \/>\nArminda Alves . <span style=\"font-size: 0.85em; color: #eee;\">Faculdade de Engenharia, Universidade do Porto, Portugal<\/span><br \/>\nArtur Figueirinha . <span style=\"font-size: 0.85em; color: #eee;\">Faculdade de Farm\u00e1cia, Universidade de Coimbra, Portugal<\/span><br \/>\nBruno Esteves . <span style=\"font-size: 0.85em; color: #eee;\">Escola Superior de Tecnologia e Gest\u00e3o de Viseu, Polit\u00e9cnico de Viseu, Portugal<\/span><br \/>\nCarsten Heegaard Petersen . <span style=\"font-size: 0.85em; color: #eee;\">QC at Solural Pharma ApS, Copenhagen, Denmark\u00a0<\/span><br \/>\nDaniel Fumo . <span style=\"font-size: 0.85em; color: #eee;\">Universidade Eduardo Mondlane, Maputo, Mo\u00e7ambique<\/span><br \/>\nEvangelos Moustakas . <span style=\"font-size: 0.85em; color: #eee;\">Middlesex University Dubai, Emirados \u00c1rabes Unidos<\/span><br \/>\nDmitry V. Evtuguin . <span style=\"font-size: 0.85em; color: #eee;\">Departamento de Qu\u00edmica, Universidade de Aveiro, Portugal<\/span><br \/>\nGeorgios Dialynas . <span style=\"font-size: 0.85em; color: #eee;\">Chemical Enginner in Dialynas S.A., Heraklion Crete, Greece<\/span><br \/>\nIdalina Domingos . <span style=\"font-size: 0.85em; color: #eee;\">Escola Superior de Tecnologia e Gest\u00e3o de Viseu, Polit\u00e9cnico de Viseu, Portugal<\/span><br \/>\nIsabel Br\u00e1s . <span style=\"font-size: 0.85em; color: #eee;\">Escola Superior de Tecnologia e Gest\u00e3o de Viseu, Polit\u00e9cnico de Viseu, Portugal<\/span><br \/>\nIvo Rodrigues . <span style=\"font-size: 0.85em; color: #eee;\">Escola Superior Agr\u00e1ria de Coimbra, Polit\u00e9cnico de Coimbra, Portugal<\/span><br \/>\nJos\u00e9 Vicente . <span style=\"font-size: 0.85em; color: #eee;\">Escola Superior de Tecnologia e Gest\u00e3o de Viseu, Polit\u00e9cnico de Viseu, Portugal<\/span><br \/>\nKonstantinos Moustakas . <span style=\"font-size: 0.85em; color: #eee;\">Hellenic Solid Waste Management Association, Greece<\/span><br \/>\nL\u00facia Santos . <span style=\"font-size: 0.85em; color: #eee;\">Faculdade de Engenharia, Universidade do Porto, Portugal<\/span><br \/>\nLu\u00eds Sim\u00f5es . <span style=\"font-size: 0.85em; color: #eee;\">Escola Superior de Tecnologia e Gest\u00e3o de Viseu, Polit\u00e9cnico de Viseu, Portugal<\/span><br \/>\nLu\u00eds Teixeira de Lemos . <span style=\"font-size: 0.85em; color: #eee;\">Escola Superior de Tecnologia e Gest\u00e3o de Viseu, Polit\u00e9cnico de Viseu, Portugal<\/span><br \/>\nLu\u00edsa Cruz-Lopes . <span style=\"font-size: 0.85em; color: #eee;\">Escola Superior de Tecnologia e Gest\u00e3o de Viseu, Polit\u00e9cnico de Viseu, Portugal<\/span><br \/>\nManuela Correia . <span style=\"font-size: 0.85em; color: #eee;\">Instituto Superior de Engenharia do Porto, Polit\u00e9cnico do Porto, Portugal<\/span><br \/>\nMaria Elisabete Silva . <span style=\"font-size: 0.85em; color: #eee;\">Escola Superior de Tecnologia e Gest\u00e3o de Viseu, Polit\u00e9cnico de Viseu, Portugal<\/span><br \/>\nMarta Henriques . <span style=\"font-size: 0.85em; color: #eee;\">Escola Superior Agr\u00e1ria de Coimbra, Polit\u00e9cnico de Coimbra, Portugal<\/span><br \/>\nMassimiliano Fabbricino . <span style=\"font-size: 0.85em; color: #eee;\">Universita&#8217; degli Studi di Napoli Federico II, It\u00e1lia<\/span><br \/>\nMiguel Almeida . <span style=\"font-size: 0.85em; color: #eee;\">Associa\u00e7\u00e3o para o Desenvolvimento da Aerodin\u00e2mica Industrial, Universidade de Coimbra, Portugal<\/span><br \/>\nNuno Ratola . <span style=\"font-size: 0.85em; color: #eee;\">Faculdade de Engenharia, Universidade do Porto, Portugal<\/span><br \/>\nOlga Nunes . <span style=\"font-size: 0.85em; color: #eee;\">Faculdade de Engenharia, Universidade do Porto, Portugal<\/span><br \/>\nPaulo Pinho . <span style=\"font-size: 0.85em; color: #eee;\">Escola Superior de Tecnologia e Gest\u00e3o de Viseu, Polit\u00e9cnico de Viseu, Portugal<\/span><br \/>\nPedro Baila . <span style=\"font-size: 0.85em; color: #eee;\">Escola Superior de Tecnologia e Gest\u00e3o, Polit\u00e9cnico de Viseu, Portugal<\/span><br \/>\nRaquel Guin\u00e9 . <span style=\"font-size: 0.85em; color: #eee;\">Escola Superior Agr\u00e1ria de Viseu, Polit\u00e9cnico de Viseu, Portugal<\/span><br \/>\nRobinson Cruz . <span style=\"font-size: 0.85em; color: #eee;\">Universidade de Caxias do Sul, Brasil<\/span><br \/>\nRomeu Videira . <span style=\"font-size: 0.85em; color: #eee;\">Faculdade de Farm\u00e1cia, Universidade do Porto, Portugal<\/span><br \/>\nRosa Mosteo Abad . <span style=\"font-size: 0.85em; color: #eee;\">Departamento de Ingenier\u00eda Qu\u00edmica y Tecnolog\u00edas del Medio Ambiente, Universidade de Zaragoza, Espanha<\/span><br \/>\nRosa Pil\u00e3o . <span style=\"font-size: 0.85em; color: #eee;\">Instituto Superior de Engenharia, Polit\u00e9cnico do Porto, Portugal<\/span><br \/>\nS\u00e9rgio Lopes . <span style=\"font-size: 0.85em; color: #eee;\">Escola Superior de Tecnologia e Gest\u00e3o de Viseu, Polit\u00e9cnico de Viseu, Portugal<\/span><br \/>\nShivam Bhartiya . <span style=\"font-size: 0.85em; color: #eee;\">Central University of Karnataka, Kalaburagi, Karnataka, India<\/span><br \/>\nSimone Morais . <span style=\"font-size: 0.85em; color: #eee;\">Instituto Superior de Engenharia do Porto, Polit\u00e9cnico do Porto, Portugal<\/span><br \/>\n\u00dcmit Ayata . <span style=\"font-size: 0.85em; color: #eee;\">Faculty of Arts and Design, Department of Interior Architecture and Environmental Design, Bayburt, Turkey<\/span><br \/>\nVera Homem . <span style=\"font-size: 0.85em; color: #eee;\">Faculdade de Engenharia, Universidade do Porto, Portugal<\/span>\n<\/div>\n<\/div>\n<\/div>\n<div class=\"ast-container\" style=\"padding: 50px; background-color: #fff;\">\n<img loading=\"lazy\" decoding=\"async\" src=\"http:\/\/127.0.0.1\/cernas\/wp-content\/uploads\/2022\/04\/rodape.jpg\" alt=\"\" width=\"1588\" height=\"150\" class=\"aligncenter size-full wp-image-1369\" srcset=\"https:\/\/events.ipv.pt\/cernas\/wp-content\/uploads\/2022\/04\/rodape.jpg 1588w, https:\/\/events.ipv.pt\/cernas\/wp-content\/uploads\/2022\/04\/rodape-300x28.jpg 300w, https:\/\/events.ipv.pt\/cernas\/wp-content\/uploads\/2022\/04\/rodape-1024x97.jpg 1024w, https:\/\/events.ipv.pt\/cernas\/wp-content\/uploads\/2022\/04\/rodape-768x73.jpg 768w, https:\/\/events.ipv.pt\/cernas\/wp-content\/uploads\/2022\/04\/rodape-1536x145.jpg 1536w, https:\/\/events.ipv.pt\/cernas\/wp-content\/uploads\/2022\/04\/rodape-18x2.jpg 18w\" sizes=\"auto, (max-width: 1588px) 100vw, 1588px\" \/>\n<\/div>\n","protected":false},"excerpt":{"rendered":"<p>ZERO POLLUTION MAKE IT REAL #EUGREENWEEK June 3rd, 2022 Auditorium of ESTGV PROGRAMTEMPLATE ABSTRACT call for abstracts: until May 6th, 2022 acceptance communication: May 23th, 2022 delivery of the review by the authors: May 27th, 2022 registration: until May 27th, 2022 presentation: June 3rd, 2022 submit abstract to: amb@estgv.ipv.pt 2nd INTERNATIONAL WORKSHOP:TOWARDS ZERO POLLUTION The [&hellip;]<\/p>\n","protected":false},"author":1,"featured_media":0,"parent":0,"menu_order":13,"comment_status":"closed","ping_status":"closed","template":"","meta":{"site-sidebar-layout":"no-sidebar","site-content-layout":"default","ast-site-content-layout":"default","site-content-style":"default","site-sidebar-style":"default","ast-global-header-display":"","ast-banner-title-visibility":"","ast-main-header-display":"","ast-hfb-above-header-display":"","ast-hfb-below-header-display":"","ast-hfb-mobile-header-display":"","site-post-title":"disabled","ast-breadcrumbs-content":"disabled","ast-featured-img":"","footer-sml-layout":"","ast-disable-related-posts":"","theme-transparent-header-meta":"default","adv-header-id-meta":"","stick-header-meta":"","header-above-stick-meta":"","header-main-stick-meta":"","header-below-stick-meta":"","astra-migrate-meta-layouts":"default","ast-page-background-enabled":"default","ast-page-background-meta":{"desktop":{"background-color":"","background-image":"","background-repeat":"repeat","background-position":"center center","background-size":"auto","background-attachment":"scroll","background-type":"","background-media":"","overlay-type":"","overlay-color":"","overlay-opacity":"","overlay-gradient":""},"tablet":{"background-color":"","background-image":"","background-repeat":"repeat","background-position":"center center","background-size":"auto","background-attachment":"scroll","background-type":"","background-media":"","overlay-type":"","overlay-color":"","overlay-opacity":"","overlay-gradient":""},"mobile":{"background-color":"","background-image":"","background-repeat":"repeat","background-position":"center center","background-size":"auto","background-attachment":"scroll","background-type":"","background-media":"","overlay-type":"","overlay-color":"","overlay-opacity":"","overlay-gradient":""}},"ast-content-background-meta":{"desktop":{"background-color":"var(--ast-global-color-5)","background-image":"","background-repeat":"repeat","background-position":"center center","background-size":"auto","background-attachment":"scroll","background-type":"","background-media":"","overlay-type":"","overlay-color":"","overlay-opacity":"","overlay-gradient":""},"tablet":{"background-color":"var(--ast-global-color-5)","background-image":"","background-repeat":"repeat","background-position":"center center","background-size":"auto","background-attachment":"scroll","background-type":"","background-media":"","overlay-type":"","overlay-color":"","overlay-opacity":"","overlay-gradient":""},"mobile":{"background-color":"var(--ast-global-color-5)","background-image":"","background-repeat":"repeat","background-position":"center center","background-size":"auto","background-attachment":"scroll","background-type":"","background-media":"","overlay-type":"","overlay-color":"","overlay-opacity":"","overlay-gradient":""}},"footnotes":""},"class_list":["post-855","page","type-page","status-publish","hentry"],"yoast_head":"<!-- This site is optimized with the Yoast SEO plugin v27.4 - https:\/\/yoast.com\/product\/yoast-seo-wordpress\/ -->\r\n<title>GREENWEEK &#8226; CERNAS - IPV<\/title>\r\n<meta name=\"robots\" content=\"index, follow, max-snippet:-1, max-image-preview:large, max-video-preview:-1\" \/>\r\n<link rel=\"canonical\" href=\"https:\/\/events.ipv.pt\/cernas\/pt\/greenweek\/\" \/>\r\n<meta property=\"og:locale\" content=\"pt_PT\" \/>\r\n<meta property=\"og:type\" content=\"article\" \/>\r\n<meta property=\"og:title\" content=\"GREENWEEK &#8226; CERNAS - IPV\" \/>\r\n<meta property=\"og:description\" content=\"ZERO POLLUTION MAKE IT REAL #EUGREENWEEK June 3rd, 2022 Auditorium of ESTGV PROGRAMTEMPLATE ABSTRACT call for abstracts: until May 6th, 2022 acceptance communication: May 23th, 2022 delivery of the review by the authors: May 27th, 2022 registration: until May 27th, 2022 presentation: June 3rd, 2022 submit abstract to: amb@estgv.ipv.pt 2nd INTERNATIONAL WORKSHOP:TOWARDS ZERO POLLUTION The [&hellip;]\" \/>\r\n<meta property=\"og:url\" content=\"https:\/\/events.ipv.pt\/cernas\/pt\/greenweek\/\" \/>\r\n<meta property=\"og:site_name\" content=\"CERNAS - IPV\" \/>\r\n<meta property=\"article:modified_time\" content=\"2022-04-26T07:58:07+00:00\" \/>\r\n<meta property=\"og:image\" content=\"http:\/\/127.0.0.1\/cernas\/wp-content\/uploads\/2022\/04\/rodape.jpg\" \/>\r\n<meta name=\"twitter:card\" content=\"summary_large_image\" \/>\r\n<meta name=\"twitter:label1\" content=\"Tempo estimado de leitura\" \/>\n\t<meta name=\"twitter:data1\" content=\"4 minutos\" \/>\r\n<script type=\"application\/ld+json\" class=\"yoast-schema-graph\">{\"@context\":\"https:\\\/\\\/schema.org\",\"@graph\":[{\"@type\":\"WebPage\",\"@id\":\"https:\\\/\\\/events.ipv.pt\\\/cernas\\\/greenweek\\\/\",\"url\":\"https:\\\/\\\/events.ipv.pt\\\/cernas\\\/greenweek\\\/\",\"name\":\"GREENWEEK &#8226; CERNAS - IPV\",\"isPartOf\":{\"@id\":\"https:\\\/\\\/events.ipv.pt\\\/cernas\\\/pt\\\/#website\"},\"primaryImageOfPage\":{\"@id\":\"https:\\\/\\\/events.ipv.pt\\\/cernas\\\/greenweek\\\/#primaryimage\"},\"image\":{\"@id\":\"https:\\\/\\\/events.ipv.pt\\\/cernas\\\/greenweek\\\/#primaryimage\"},\"thumbnailUrl\":\"http:\\\/\\\/127.0.0.1\\\/cernas\\\/wp-content\\\/uploads\\\/2022\\\/04\\\/rodape.jpg\",\"datePublished\":\"2021-04-30T10:20:53+00:00\",\"dateModified\":\"2022-04-26T07:58:07+00:00\",\"breadcrumb\":{\"@id\":\"https:\\\/\\\/events.ipv.pt\\\/cernas\\\/greenweek\\\/#breadcrumb\"},\"inLanguage\":\"pt-PT\",\"potentialAction\":[{\"@type\":\"ReadAction\",\"target\":[\"https:\\\/\\\/events.ipv.pt\\\/cernas\\\/greenweek\\\/\"]}]},{\"@type\":\"ImageObject\",\"inLanguage\":\"pt-PT\",\"@id\":\"https:\\\/\\\/events.ipv.pt\\\/cernas\\\/greenweek\\\/#primaryimage\",\"url\":\"http:\\\/\\\/127.0.0.1\\\/cernas\\\/wp-content\\\/uploads\\\/2022\\\/04\\\/rodape.jpg\",\"contentUrl\":\"http:\\\/\\\/127.0.0.1\\\/cernas\\\/wp-content\\\/uploads\\\/2022\\\/04\\\/rodape.jpg\"},{\"@type\":\"BreadcrumbList\",\"@id\":\"https:\\\/\\\/events.ipv.pt\\\/cernas\\\/greenweek\\\/#breadcrumb\",\"itemListElement\":[{\"@type\":\"ListItem\",\"position\":1,\"name\":\"Home\",\"item\":\"https:\\\/\\\/events.ipv.pt\\\/cernas\\\/\"},{\"@type\":\"ListItem\",\"position\":2,\"name\":\"GREENWEEK\"}]},{\"@type\":\"WebSite\",\"@id\":\"https:\\\/\\\/events.ipv.pt\\\/cernas\\\/pt\\\/#website\",\"url\":\"https:\\\/\\\/events.ipv.pt\\\/cernas\\\/pt\\\/\",\"name\":\"CERNAS-IPV | Centro de Estudos de Recursos Naturais, Ambiente e Sociedade\",\"description\":\"\",\"publisher\":{\"@id\":\"https:\\\/\\\/events.ipv.pt\\\/cernas\\\/pt\\\/#organization\"},\"potentialAction\":[{\"@type\":\"SearchAction\",\"target\":{\"@type\":\"EntryPoint\",\"urlTemplate\":\"https:\\\/\\\/events.ipv.pt\\\/cernas\\\/pt\\\/?s={search_term_string}\"},\"query-input\":{\"@type\":\"PropertyValueSpecification\",\"valueRequired\":true,\"valueName\":\"search_term_string\"}}],\"inLanguage\":\"pt-PT\"},{\"@type\":\"Organization\",\"@id\":\"https:\\\/\\\/events.ipv.pt\\\/cernas\\\/pt\\\/#organization\",\"name\":\"Instituto Polit\u00e9cnico de Viseu\",\"url\":\"https:\\\/\\\/events.ipv.pt\\\/cernas\\\/pt\\\/\",\"logo\":{\"@type\":\"ImageObject\",\"inLanguage\":\"pt-PT\",\"@id\":\"https:\\\/\\\/events.ipv.pt\\\/cernas\\\/pt\\\/#\\\/schema\\\/logo\\\/image\\\/\",\"url\":\"http:\\\/\\\/127.0.0.1\\\/cernas\\\/wp-content\\\/uploads\\\/2021\\\/03\\\/logo_pv.png\",\"contentUrl\":\"http:\\\/\\\/127.0.0.1\\\/cernas\\\/wp-content\\\/uploads\\\/2021\\\/03\\\/logo_pv.png\",\"width\":4205,\"height\":1108,\"caption\":\"Instituto Polit\u00e9cnico de Viseu\"},\"image\":{\"@id\":\"https:\\\/\\\/events.ipv.pt\\\/cernas\\\/pt\\\/#\\\/schema\\\/logo\\\/image\\\/\"}}]}<\/script>\r\n<!-- \/ Yoast SEO plugin. -->","yoast_head_json":{"title":"GREENWEEK &#8226; CERNAS - IPV","robots":{"index":"index","follow":"follow","max-snippet":"max-snippet:-1","max-image-preview":"max-image-preview:large","max-video-preview":"max-video-preview:-1"},"canonical":"https:\/\/events.ipv.pt\/cernas\/pt\/greenweek\/","og_locale":"pt_PT","og_type":"article","og_title":"GREENWEEK &#8226; CERNAS - IPV","og_description":"ZERO POLLUTION MAKE IT REAL #EUGREENWEEK June 3rd, 2022 Auditorium of ESTGV PROGRAMTEMPLATE ABSTRACT call for abstracts: until May 6th, 2022 acceptance communication: May 23th, 2022 delivery of the review by the authors: May 27th, 2022 registration: until May 27th, 2022 presentation: June 3rd, 2022 submit abstract to: amb@estgv.ipv.pt 2nd INTERNATIONAL WORKSHOP:TOWARDS ZERO POLLUTION The [&hellip;]","og_url":"https:\/\/events.ipv.pt\/cernas\/pt\/greenweek\/","og_site_name":"CERNAS - IPV","article_modified_time":"2022-04-26T07:58:07+00:00","og_image":[{"url":"http:\/\/127.0.0.1\/cernas\/wp-content\/uploads\/2022\/04\/rodape.jpg","type":"","width":"","height":""}],"twitter_card":"summary_large_image","twitter_misc":{"Tempo estimado de leitura":"4 minutos"},"schema":{"@context":"https:\/\/schema.org","@graph":[{"@type":"WebPage","@id":"https:\/\/events.ipv.pt\/cernas\/greenweek\/","url":"https:\/\/events.ipv.pt\/cernas\/greenweek\/","name":"GREENWEEK &#8226; CERNAS - IPV","isPartOf":{"@id":"https:\/\/events.ipv.pt\/cernas\/pt\/#website"},"primaryImageOfPage":{"@id":"https:\/\/events.ipv.pt\/cernas\/greenweek\/#primaryimage"},"image":{"@id":"https:\/\/events.ipv.pt\/cernas\/greenweek\/#primaryimage"},"thumbnailUrl":"http:\/\/127.0.0.1\/cernas\/wp-content\/uploads\/2022\/04\/rodape.jpg","datePublished":"2021-04-30T10:20:53+00:00","dateModified":"2022-04-26T07:58:07+00:00","breadcrumb":{"@id":"https:\/\/events.ipv.pt\/cernas\/greenweek\/#breadcrumb"},"inLanguage":"pt-PT","potentialAction":[{"@type":"ReadAction","target":["https:\/\/events.ipv.pt\/cernas\/greenweek\/"]}]},{"@type":"ImageObject","inLanguage":"pt-PT","@id":"https:\/\/events.ipv.pt\/cernas\/greenweek\/#primaryimage","url":"http:\/\/127.0.0.1\/cernas\/wp-content\/uploads\/2022\/04\/rodape.jpg","contentUrl":"http:\/\/127.0.0.1\/cernas\/wp-content\/uploads\/2022\/04\/rodape.jpg"},{"@type":"BreadcrumbList","@id":"https:\/\/events.ipv.pt\/cernas\/greenweek\/#breadcrumb","itemListElement":[{"@type":"ListItem","position":1,"name":"Home","item":"https:\/\/events.ipv.pt\/cernas\/"},{"@type":"ListItem","position":2,"name":"GREENWEEK"}]},{"@type":"WebSite","@id":"https:\/\/events.ipv.pt\/cernas\/pt\/#website","url":"https:\/\/events.ipv.pt\/cernas\/pt\/","name":"CERNAS-IPV | Centro de Estudos de Recursos Naturais, Ambiente e Sociedade","description":"","publisher":{"@id":"https:\/\/events.ipv.pt\/cernas\/pt\/#organization"},"potentialAction":[{"@type":"SearchAction","target":{"@type":"EntryPoint","urlTemplate":"https:\/\/events.ipv.pt\/cernas\/pt\/?s={search_term_string}"},"query-input":{"@type":"PropertyValueSpecification","valueRequired":true,"valueName":"search_term_string"}}],"inLanguage":"pt-PT"},{"@type":"Organization","@id":"https:\/\/events.ipv.pt\/cernas\/pt\/#organization","name":"Instituto Polit\u00e9cnico de Viseu","url":"https:\/\/events.ipv.pt\/cernas\/pt\/","logo":{"@type":"ImageObject","inLanguage":"pt-PT","@id":"https:\/\/events.ipv.pt\/cernas\/pt\/#\/schema\/logo\/image\/","url":"http:\/\/127.0.0.1\/cernas\/wp-content\/uploads\/2021\/03\/logo_pv.png","contentUrl":"http:\/\/127.0.0.1\/cernas\/wp-content\/uploads\/2021\/03\/logo_pv.png","width":4205,"height":1108,"caption":"Instituto Polit\u00e9cnico de Viseu"},"image":{"@id":"https:\/\/events.ipv.pt\/cernas\/pt\/#\/schema\/logo\/image\/"}}]}},"_links":{"self":[{"href":"https:\/\/events.ipv.pt\/cernas\/pt\/wp-json\/wp\/v2\/pages\/855","targetHints":{"allow":["GET"]}}],"collection":[{"href":"https:\/\/events.ipv.pt\/cernas\/pt\/wp-json\/wp\/v2\/pages"}],"about":[{"href":"https:\/\/events.ipv.pt\/cernas\/pt\/wp-json\/wp\/v2\/types\/page"}],"author":[{"embeddable":true,"href":"https:\/\/events.ipv.pt\/cernas\/pt\/wp-json\/wp\/v2\/users\/1"}],"replies":[{"embeddable":true,"href":"https:\/\/events.ipv.pt\/cernas\/pt\/wp-json\/wp\/v2\/comments?post=855"}],"version-history":[{"count":180,"href":"https:\/\/events.ipv.pt\/cernas\/pt\/wp-json\/wp\/v2\/pages\/855\/revisions"}],"predecessor-version":[{"id":1375,"href":"https:\/\/events.ipv.pt\/cernas\/pt\/wp-json\/wp\/v2\/pages\/855\/revisions\/1375"}],"wp:attachment":[{"href":"https:\/\/events.ipv.pt\/cernas\/pt\/wp-json\/wp\/v2\/media?parent=855"}],"curies":[{"name":"wp","href":"https:\/\/api.w.org\/{rel}","templated":true}]}}