{"id":550,"date":"2021-03-11T16:19:55","date_gmt":"2021-03-11T16:19:55","guid":{"rendered":"http:\/\/127.0.0.1\/cernas\/?page_id=550"},"modified":"2024-04-10T08:36:27","modified_gmt":"2024-04-10T08:36:27","slug":"cursos","status":"publish","type":"page","link":"https:\/\/events.ipv.pt\/cernas\/pt\/cursos\/","title":{"rendered":"CURSOS"},"content":{"rendered":"<div class=\"cernasGestao\" style=\"padding-top: 150px;\">\n<div class=\"ast-container pad\">\n<h4 style=\"text-align: center; color: #fff;\">inscri\u00e7\u00f5es permanentemente abertas<\/h4>\n<\/div>\n<div class=\"ast-container pad\">\n<div class=\"pt-cv-wrapper\"><div class=\"pt-cv-view pt-cv-blockgrid iscvblock iscvhybrid grid1 layout1\" id=\"pt-cv-view-7eb9565kx0\"><div data-id=\"pt-cv-page-1\" class=\"pt-cv-page\" data-cvc=\"2\"><div class=\" pt-cv-content-item pt-cv-1-col\" ><div class=\"pt-cv-thumb-wrapper  \"><a href=\"https:\/\/events.ipv.pt\/cernas\/pt\/curso-de-investigacao-e-comunicacao-em-ciencia\/\" class=\"_self pt-cv-href-thumbnail pt-cv-thumb-default\" target=\"_self\" ><\/a><\/div>\n<div class=\"pt-cv-content\"><div class=\"ast-container\">\n<h4 style=\"color: #537c3a;\">Curso de Investiga\u00e7\u00e3o e<br \/>Comunica\u00e7\u00e3o em Ci\u00eancia<\/h4>\n<h5>em associa\u00e7\u00e3o entre as Unidades de Investiga\u00e7\u00e3o e as Escolas do IPV<\/h5>\n<p>O objetivo deste curso \u00e9 fornecer aos alunos compet\u00eancias para realizar e comunicar eficientemente investiga\u00e7\u00e3o aplicada em \u00e1reas da esfera de interesse do Instituto Polit\u00e9cnico de Viseu e da Regi\u00e3o Centro.<br \/>\n<a class=\"bt_quad\" href=\"\/cernas\/wp-content\/uploads\/curso\/Curso_investigacaoComunicacaoCientifica.pdf\" rel=\"noopener noreferrer\" target=\"_blank\">mais informa\u00e7\u00e3o<\/a><\/p>\n<\/div>\n<\/div><\/div>\n<div class=\" pt-cv-content-item pt-cv-1-col\" ><div class=\"pt-cv-thumb-wrapper  \"><a href=\"https:\/\/events.ipv.pt\/cernas\/pt\/curso-de-formacao-continua-casos-de-investigacao-s4as\/\" class=\"_self pt-cv-href-thumbnail pt-cv-thumb-default\" target=\"_self\" ><\/a><\/div>\n<div class=\"pt-cv-content\"><div class=\"ast-container\">\n<h4 style=\"color: #537c3a;\">Curso de forma\u00e7\u00e3o cont\u00ednua:<br \/>Casos de Investiga\u00e7\u00e3o SR4As<\/h4>\n<h5>em associa\u00e7\u00e3o CERNAS-ESAV<\/h5>\n<p>O objetivo gen\u00e9rico deste curso \u00e9 fornecer aos formandos compet\u00eancias para realizar e comunicar eficientemente investiga\u00e7\u00e3o aplicada em \u00e1reas da esfera da ESAV, enquanto institui\u00e7\u00e3o de ensino, e do CERNAS, enquanto centro de investiga\u00e7\u00e3o.<br \/>\n<a class=\"bt_quad\" href=\"\/cernas\/wp-content\/uploads\/curso\/curso_SR4As_at1.pdf\" rel=\"noopener noreferrer\" target=\"_blank\">mais informa\u00e7\u00e3o<\/a> <a class=\"bt_quad\" href=\"\/cernas\/wp-content\/uploads\/curso\/Reg_curso_SR4As_at1.pdf\" rel=\"noopener noreferrer\" target=\"_blank\">regulamento<\/a><\/p>\n<p>As candidaturas s\u00e3o apresentadas nos servi\u00e7os Acad\u00e9micos da ESAV, mediante impresso pr\u00f3prio.<br \/>\n<a class=\"bt_quad\" href=\"\/cernas\/wp-content\/uploads\/curso\/form_cand_curso_SR4As_at1.doc\" rel=\"noopener noreferrer\" target=\"_blank\">formul\u00e1rio de candidatura<\/a> <a class=\"bt_quad\" href=\"\/cernas\/wp-content\/uploads\/curso\/pl_invest_curso_SR4As_at1.zip\" rel=\"noopener noreferrer\" target=\"_blank\">planos de investiga\u00e7\u00e3o<\/a><\/p>\n<\/div>\n<\/div><\/div><\/div><\/div><\/div>\t\t\t<style type=\"text\/css\" id=\"pt-cv-inline-style-9145003puo\">\n#pt-cv-view-7eb9565kx0 .pt-cv-thumb-wrapper:not(.miniwrap) {  }#pt-cv-view-7eb9565kx0 .pt-cv-thumbnail:not(.pt-cv-thumbnailsm) { height: 250px; }#pt-cv-view-7eb9565kx0 > .pt-cv-page {grid-template-columns: repeat(2, 1fr);grid-gap: 5px;}\n@media all and (max-width: 1024px) { \n#pt-cv-view-7eb9565kx0 > .pt-cv-page {grid-template-columns: repeat(2, 1fr);}\n} \n@media all and (max-width: 767px) { \n#pt-cv-view-7eb9565kx0 > .pt-cv-page {grid-template-columns: repeat(1, 1fr);}\n} <\/style>\r\n\t\t\t\n<\/div>\n<div class=\"ast-container pad\">\n<\/div>\n<\/div>\n","protected":false},"excerpt":{"rendered":"<p>inscri\u00e7\u00f5es permanentemente abertas<\/p>\n","protected":false},"author":1,"featured_media":0,"parent":0,"menu_order":20,"comment_status":"closed","ping_status":"closed","template":"","meta":{"site-sidebar-layout":"default","site-content-layout":"default","ast-site-content-layout":"default","site-content-style":"default","site-sidebar-style":"default","ast-global-header-display":"","ast-banner-title-visibility":"","ast-main-header-display":"","ast-hfb-above-header-display":"","ast-hfb-below-header-display":"","ast-hfb-mobile-header-display":"","site-post-title":"disabled","ast-breadcrumbs-content":"","ast-featured-img":"","footer-sml-layout":"","ast-disable-related-posts":"","theme-transparent-header-meta":"default","adv-header-id-meta":"","stick-header-meta":"","header-above-stick-meta":"","header-main-stick-meta":"","header-below-stick-meta":"","astra-migrate-meta-layouts":"set","ast-page-background-enabled":"default","ast-page-background-meta":{"desktop":{"background-color":"","background-image":"","background-repeat":"repeat","background-position":"center center","background-size":"auto","background-attachment":"scroll","background-type":"","background-media":"","overlay-type":"","overlay-color":"","overlay-opacity":"","overlay-gradient":""},"tablet":{"background-color":"","background-image":"","background-repeat":"repeat","background-position":"center center","background-size":"auto","background-attachment":"scroll","background-type":"","background-media":"","overlay-type":"","overlay-color":"","overlay-opacity":"","overlay-gradient":""},"mobile":{"background-color":"","background-image":"","background-repeat":"repeat","background-position":"center center","background-size":"auto","background-attachment":"scroll","background-type":"","background-media":"","overlay-type":"","overlay-color":"","overlay-opacity":"","overlay-gradient":""}},"ast-content-background-meta":{"desktop":{"background-color":"var(--ast-global-color-5)","background-image":"","background-repeat":"repeat","background-position":"center center","background-size":"auto","background-attachment":"scroll","background-type":"","background-media":"","overlay-type":"","overlay-color":"","overlay-opacity":"","overlay-gradient":""},"tablet":{"background-color":"var(--ast-global-color-5)","background-image":"","background-repeat":"repeat","background-position":"center center","background-size":"auto","background-attachment":"scroll","background-type":"","background-media":"","overlay-type":"","overlay-color":"","overlay-opacity":"","overlay-gradient":""},"mobile":{"background-color":"var(--ast-global-color-5)","background-image":"","background-repeat":"repeat","background-position":"center center","background-size":"auto","background-attachment":"scroll","background-type":"","background-media":"","overlay-type":"","overlay-color":"","overlay-opacity":"","overlay-gradient":""}},"footnotes":""},"class_list":["post-550","page","type-page","status-publish","hentry"],"yoast_head":"<!-- This site is optimized with the Yoast SEO plugin v27.4 - https:\/\/yoast.com\/product\/yoast-seo-wordpress\/ -->\r\n<title>CURSOS &#8226; CERNAS - IPV<\/title>\r\n<meta name=\"robots\" content=\"index, follow, max-snippet:-1, max-image-preview:large, max-video-preview:-1\" \/>\r\n<link rel=\"canonical\" href=\"https:\/\/events.ipv.pt\/cernas\/pt\/cursos\/\" \/>\r\n<meta property=\"og:locale\" content=\"pt_PT\" \/>\r\n<meta property=\"og:type\" content=\"article\" \/>\r\n<meta property=\"og:title\" content=\"CURSOS &#8226; CERNAS - IPV\" \/>\r\n<meta property=\"og:description\" content=\"inscri\u00e7\u00f5es permanentemente abertas\" \/>\r\n<meta property=\"og:url\" content=\"https:\/\/events.ipv.pt\/cernas\/pt\/cursos\/\" \/>\r\n<meta property=\"og:site_name\" content=\"CERNAS - IPV\" \/>\r\n<meta property=\"article:modified_time\" content=\"2024-04-10T08:36:27+00:00\" \/>\r\n<meta name=\"twitter:card\" content=\"summary_large_image\" \/>\r\n<meta name=\"twitter:label1\" content=\"Tempo estimado de leitura\" \/>\n\t<meta name=\"twitter:data1\" content=\"1 minuto\" \/>\r\n<script type=\"application\/ld+json\" class=\"yoast-schema-graph\">{\"@context\":\"https:\\\/\\\/schema.org\",\"@graph\":[{\"@type\":\"WebPage\",\"@id\":\"https:\\\/\\\/events.ipv.pt\\\/cernas\\\/cursos\\\/\",\"url\":\"https:\\\/\\\/events.ipv.pt\\\/cernas\\\/cursos\\\/\",\"name\":\"CURSOS &#8226; CERNAS - IPV\",\"isPartOf\":{\"@id\":\"https:\\\/\\\/events.ipv.pt\\\/cernas\\\/pt\\\/#website\"},\"datePublished\":\"2021-03-11T16:19:55+00:00\",\"dateModified\":\"2024-04-10T08:36:27+00:00\",\"breadcrumb\":{\"@id\":\"https:\\\/\\\/events.ipv.pt\\\/cernas\\\/cursos\\\/#breadcrumb\"},\"inLanguage\":\"pt-PT\",\"potentialAction\":[{\"@type\":\"ReadAction\",\"target\":[\"https:\\\/\\\/events.ipv.pt\\\/cernas\\\/cursos\\\/\"]}]},{\"@type\":\"BreadcrumbList\",\"@id\":\"https:\\\/\\\/events.ipv.pt\\\/cernas\\\/cursos\\\/#breadcrumb\",\"itemListElement\":[{\"@type\":\"ListItem\",\"position\":1,\"name\":\"Home\",\"item\":\"https:\\\/\\\/events.ipv.pt\\\/cernas\\\/\"},{\"@type\":\"ListItem\",\"position\":2,\"name\":\"CURSOS\"}]},{\"@type\":\"WebSite\",\"@id\":\"https:\\\/\\\/events.ipv.pt\\\/cernas\\\/pt\\\/#website\",\"url\":\"https:\\\/\\\/events.ipv.pt\\\/cernas\\\/pt\\\/\",\"name\":\"CERNAS-IPV | Centro de Estudos de Recursos Naturais, Ambiente e Sociedade\",\"description\":\"\",\"publisher\":{\"@id\":\"https:\\\/\\\/events.ipv.pt\\\/cernas\\\/pt\\\/#organization\"},\"potentialAction\":[{\"@type\":\"SearchAction\",\"target\":{\"@type\":\"EntryPoint\",\"urlTemplate\":\"https:\\\/\\\/events.ipv.pt\\\/cernas\\\/pt\\\/?s={search_term_string}\"},\"query-input\":{\"@type\":\"PropertyValueSpecification\",\"valueRequired\":true,\"valueName\":\"search_term_string\"}}],\"inLanguage\":\"pt-PT\"},{\"@type\":\"Organization\",\"@id\":\"https:\\\/\\\/events.ipv.pt\\\/cernas\\\/pt\\\/#organization\",\"name\":\"Instituto Polit\u00e9cnico de Viseu\",\"url\":\"https:\\\/\\\/events.ipv.pt\\\/cernas\\\/pt\\\/\",\"logo\":{\"@type\":\"ImageObject\",\"inLanguage\":\"pt-PT\",\"@id\":\"https:\\\/\\\/events.ipv.pt\\\/cernas\\\/pt\\\/#\\\/schema\\\/logo\\\/image\\\/\",\"url\":\"http:\\\/\\\/127.0.0.1\\\/cernas\\\/wp-content\\\/uploads\\\/2021\\\/03\\\/logo_pv.png\",\"contentUrl\":\"http:\\\/\\\/127.0.0.1\\\/cernas\\\/wp-content\\\/uploads\\\/2021\\\/03\\\/logo_pv.png\",\"width\":4205,\"height\":1108,\"caption\":\"Instituto Polit\u00e9cnico de Viseu\"},\"image\":{\"@id\":\"https:\\\/\\\/events.ipv.pt\\\/cernas\\\/pt\\\/#\\\/schema\\\/logo\\\/image\\\/\"}}]}<\/script>\r\n<!-- \/ Yoast SEO plugin. -->","yoast_head_json":{"title":"CURSOS &#8226; CERNAS - IPV","robots":{"index":"index","follow":"follow","max-snippet":"max-snippet:-1","max-image-preview":"max-image-preview:large","max-video-preview":"max-video-preview:-1"},"canonical":"https:\/\/events.ipv.pt\/cernas\/pt\/cursos\/","og_locale":"pt_PT","og_type":"article","og_title":"CURSOS &#8226; CERNAS - IPV","og_description":"inscri\u00e7\u00f5es permanentemente abertas","og_url":"https:\/\/events.ipv.pt\/cernas\/pt\/cursos\/","og_site_name":"CERNAS - IPV","article_modified_time":"2024-04-10T08:36:27+00:00","twitter_card":"summary_large_image","twitter_misc":{"Tempo estimado de leitura":"1 minuto"},"schema":{"@context":"https:\/\/schema.org","@graph":[{"@type":"WebPage","@id":"https:\/\/events.ipv.pt\/cernas\/cursos\/","url":"https:\/\/events.ipv.pt\/cernas\/cursos\/","name":"CURSOS &#8226; CERNAS - IPV","isPartOf":{"@id":"https:\/\/events.ipv.pt\/cernas\/pt\/#website"},"datePublished":"2021-03-11T16:19:55+00:00","dateModified":"2024-04-10T08:36:27+00:00","breadcrumb":{"@id":"https:\/\/events.ipv.pt\/cernas\/cursos\/#breadcrumb"},"inLanguage":"pt-PT","potentialAction":[{"@type":"ReadAction","target":["https:\/\/events.ipv.pt\/cernas\/cursos\/"]}]},{"@type":"BreadcrumbList","@id":"https:\/\/events.ipv.pt\/cernas\/cursos\/#breadcrumb","itemListElement":[{"@type":"ListItem","position":1,"name":"Home","item":"https:\/\/events.ipv.pt\/cernas\/"},{"@type":"ListItem","position":2,"name":"CURSOS"}]},{"@type":"WebSite","@id":"https:\/\/events.ipv.pt\/cernas\/pt\/#website","url":"https:\/\/events.ipv.pt\/cernas\/pt\/","name":"CERNAS-IPV | Centro de Estudos de Recursos Naturais, Ambiente e Sociedade","description":"","publisher":{"@id":"https:\/\/events.ipv.pt\/cernas\/pt\/#organization"},"potentialAction":[{"@type":"SearchAction","target":{"@type":"EntryPoint","urlTemplate":"https:\/\/events.ipv.pt\/cernas\/pt\/?s={search_term_string}"},"query-input":{"@type":"PropertyValueSpecification","valueRequired":true,"valueName":"search_term_string"}}],"inLanguage":"pt-PT"},{"@type":"Organization","@id":"https:\/\/events.ipv.pt\/cernas\/pt\/#organization","name":"Instituto Polit\u00e9cnico de Viseu","url":"https:\/\/events.ipv.pt\/cernas\/pt\/","logo":{"@type":"ImageObject","inLanguage":"pt-PT","@id":"https:\/\/events.ipv.pt\/cernas\/pt\/#\/schema\/logo\/image\/","url":"http:\/\/127.0.0.1\/cernas\/wp-content\/uploads\/2021\/03\/logo_pv.png","contentUrl":"http:\/\/127.0.0.1\/cernas\/wp-content\/uploads\/2021\/03\/logo_pv.png","width":4205,"height":1108,"caption":"Instituto Polit\u00e9cnico de Viseu"},"image":{"@id":"https:\/\/events.ipv.pt\/cernas\/pt\/#\/schema\/logo\/image\/"}}]}},"_links":{"self":[{"href":"https:\/\/events.ipv.pt\/cernas\/pt\/wp-json\/wp\/v2\/pages\/550","targetHints":{"allow":["GET"]}}],"collection":[{"href":"https:\/\/events.ipv.pt\/cernas\/pt\/wp-json\/wp\/v2\/pages"}],"about":[{"href":"https:\/\/events.ipv.pt\/cernas\/pt\/wp-json\/wp\/v2\/types\/page"}],"author":[{"embeddable":true,"href":"https:\/\/events.ipv.pt\/cernas\/pt\/wp-json\/wp\/v2\/users\/1"}],"replies":[{"embeddable":true,"href":"https:\/\/events.ipv.pt\/cernas\/pt\/wp-json\/wp\/v2\/comments?post=550"}],"version-history":[{"count":27,"href":"https:\/\/events.ipv.pt\/cernas\/pt\/wp-json\/wp\/v2\/pages\/550\/revisions"}],"predecessor-version":[{"id":2875,"href":"https:\/\/events.ipv.pt\/cernas\/pt\/wp-json\/wp\/v2\/pages\/550\/revisions\/2875"}],"wp:attachment":[{"href":"https:\/\/events.ipv.pt\/cernas\/pt\/wp-json\/wp\/v2\/media?parent=550"}],"curies":[{"name":"wp","href":"https:\/\/api.w.org\/{rel}","templated":true}]}}