{"id":143,"date":"2021-03-09T16:07:22","date_gmt":"2021-03-09T16:07:22","guid":{"rendered":"http:\/\/127.0.0.1\/cernas\/?page_id=143"},"modified":"2024-04-08T14:08:57","modified_gmt":"2024-04-08T14:08:57","slug":"apresentacao","status":"publish","type":"page","link":"https:\/\/events.ipv.pt\/cernas\/pt\/apresentacao\/","title":{"rendered":"APRESENTA\u00c7\u00c3O"},"content":{"rendered":"<div class=\"apresentacao\">\n<div class=\"container-L-Bottom vH90\" data-aos=\"slide-left\">\n<div class=\"column60 maskPres\" style=\"background-color: #fff;\">\n<h3>APRESENTA\u00c7\u00c3O<\/h3>\n<p>O CERNAS-IPV \u00e9 uma Unidade de Gest\u00e3o do centro de investiga\u00e7\u00e3o CERNAS, Centro de Recursos Naturais, Ambiente e Sociedade, Unidade de Investiga\u00e7\u00e3o reconhecida pela Funda\u00e7\u00e3o para a Ci\u00eancia e Tecnologia e avaliada com a classifica\u00e7\u00e3o de Muito Bom no presente ciclo avaliativo.<\/p>\n<p>O CERNAS tem tr\u00eas unidades, uma no Instituto Polit\u00e9cnico de Coimbra (Unidade de Gest\u00e3o Principal), outra no Instituto Polit\u00e9cnico de Castelo Branco e a do Instituto Polit\u00e9cnico de Viseu, agregando as intui\u00e7\u00f5es do ensino agr\u00e1rio da Regi\u00e3o Centro do pa\u00eds. Mais informa\u00e7\u00e3o pode ser consultada em <a class=\"aV\" href=\"https:\/\/cernas.org\/pt-pt\/\" rel=\"noopener noreferrer\" target=\"_blank\">https:\/\/cernas.org\/pt-pt<\/a>.<\/p>\n<p>O CERNAS-IPV tem por objetivos e miss\u00e3o os definidos para o CERNAS, produzindo investiga\u00e7\u00e3o nos dom\u00ednios das Ci\u00eancias Agr\u00e1rias, Ci\u00eancia e Engenharia Alimentar e Ambiente e Sociedade, promovendo, assim, o desenvolvimento sustent\u00e1vel de base regional como parte de uma interven\u00e7\u00e3o global.<\/p>\n<h4>ACOLHIMENTO<\/h4>\n<p>No instituto Polit\u00e9cnico de Viseu, o CERNAS-IPV envolve \u00e1reas de duas das suas unidades org\u00e2nicas: A Escola Superior Agr\u00e1ria de Viseu, nos dom\u00ednios das ci\u00eancias agr\u00edcolas e alimentares, e a Escola Superior de Tecnologia e Gest\u00e3o de Viseu, no dom\u00ednio das ci\u00eancias do ambiente.<\/p>\n<\/div>\n<\/div>\n<\/div>\n<div class=\"ast-container\">\n<div class=\"RowEndTotal\">\n<div style=\"border-bottom: 1px solid #2C483F;\">\n<img loading=\"lazy\" decoding=\"async\" src=\"http:\/\/127.0.0.1\/cernas\/wp-content\/uploads\/2023\/03\/ap2.jpg\" alt=\"\" width=\"800\" height=\"400\" class=\"aligncenter size-full wp-image-1620\" srcset=\"https:\/\/events.ipv.pt\/cernas\/wp-content\/uploads\/2023\/03\/ap2.jpg 800w, https:\/\/events.ipv.pt\/cernas\/wp-content\/uploads\/2023\/03\/ap2-300x150.jpg 300w, https:\/\/events.ipv.pt\/cernas\/wp-content\/uploads\/2023\/03\/ap2-768x384.jpg 768w, https:\/\/events.ipv.pt\/cernas\/wp-content\/uploads\/2023\/03\/ap2-18x9.jpg 18w\" sizes=\"auto, (max-width: 800px) 100vw, 800px\" \/><\/p>\n<h4>ESAV<br \/>Escola Superior Agr\u00e1ria de Viseu<\/h4>\n<p>A ESAV, criada oficialmente em 19 de Dezembro de 1994 (DL n.\u00ba 304\/94), \u00e9 uma das unidades org\u00e2nicas do Instituto Polit\u00e9cnico de Viseu, integrando-se na rede de ensino superior p\u00fablico portugu\u00eas, ao n\u00edvel do ensino polit\u00e9cnico. Assim deu-se continuidade \u00e0 tradi\u00e7\u00e3o, pois a Cidade de Viseu teve o privil\u00e9gio de ser pioneira no Ensino Agr\u00edcola em Portugal atrav\u00e9s da cria\u00e7\u00e3o da Escola Pr\u00e1tica de Agricultura de Viseu, por Decreto de 16 de Dezembro de 1852.<\/p>\n<p>A ESAV pretende transmitir e divulgar o conhecimento, com vista \u00e0 forma\u00e7\u00e3o de estudantes com elevado n\u00edvel de compet\u00eancias nas \u00e1reas das ci\u00eancias agr\u00e1rias, alimentares e veterin\u00e1rias; promover a investiga\u00e7\u00e3o aplicada e sua divulga\u00e7\u00e3o, o interc\u00e2mbio cultural, cient\u00edfico e tecnol\u00f3gico com institui\u00e7\u00f5es cong\u00e9neres, nacionais e internacionais e o relacionamento com o tecido empresarial, de forma a contribuir para o desenvolvimento da regi\u00e3o e do pa\u00eds.<\/p>\n<p>A ESAV localiza-se numa zona nobre da cidade de Viseu, na Quinta da Alagoa, com cerca de 23 hectares. Possuindo in\u00fameras culturas, destacando-se a vinha, o pomar e o olival. Contando ainda com estruturas de produ\u00e7\u00e3o pecu\u00e1ria de ovinos, caprinos, bovinos, aves e coelhos, bem como um Centro de Enfermagem Veterin\u00e1ria e laborat\u00f3rios, com tecnologias que permitem aquisi\u00e7\u00e3o de compet\u00eancias em v\u00e1rios dom\u00ednios t\u00e9cnico-cient\u00edficos.<\/p>\n<\/div>\n<div style=\"border-bottom: 1px solid #2C483F;\">\n<img loading=\"lazy\" decoding=\"async\" src=\"http:\/\/127.0.0.1\/cernas\/wp-content\/uploads\/2023\/03\/ap3.jpg\" alt=\"\" width=\"800\" height=\"400\" class=\"aligncenter size-full wp-image-1623\" srcset=\"https:\/\/events.ipv.pt\/cernas\/wp-content\/uploads\/2023\/03\/ap3.jpg 800w, https:\/\/events.ipv.pt\/cernas\/wp-content\/uploads\/2023\/03\/ap3-300x150.jpg 300w, https:\/\/events.ipv.pt\/cernas\/wp-content\/uploads\/2023\/03\/ap3-768x384.jpg 768w, https:\/\/events.ipv.pt\/cernas\/wp-content\/uploads\/2023\/03\/ap3-18x9.jpg 18w\" sizes=\"auto, (max-width: 800px) 100vw, 800px\" \/><\/p>\n<h4>ESTGV<br \/>Escola Superior de Tecnologia e Gest\u00e3o de Viseu<\/h4>\n<p>A ESTGV \u00e9 uma unidade org\u00e2nica de ensino e de investiga\u00e7\u00e3o integrada no IPV. Foi criada por Decreto-Lei n.\u00ba 46\/85, de 22 Novembro, sendo o curso de Gest\u00e3o o primeiro a funcionar no ano letivo de 1987\/1988. Tem sete departamentos, incluindo o Departamento de Ambiente, e uma oferta formativa muito variada incluindo CTESP, Licenciaturas e Mestrados.<\/p>\n<p>O Departamento de Ambiente desenvolve as suas atividades no \u00e2mbito das ci\u00eancias e tecnologias do ambiente, da Terra e da energ\u00e9tica.<\/p>\n<\/div>\n<div style=\"border-bottom: 1px solid #2C483F;\">\n<img loading=\"lazy\" decoding=\"async\" src=\"http:\/\/127.0.0.1\/cernas\/wp-content\/uploads\/2023\/03\/ap4.jpg\" alt=\"\" width=\"800\" height=\"400\" class=\"aligncenter size-full wp-image-1625\" srcset=\"https:\/\/events.ipv.pt\/cernas\/wp-content\/uploads\/2023\/03\/ap4.jpg 800w, https:\/\/events.ipv.pt\/cernas\/wp-content\/uploads\/2023\/03\/ap4-300x150.jpg 300w, https:\/\/events.ipv.pt\/cernas\/wp-content\/uploads\/2023\/03\/ap4-768x384.jpg 768w, https:\/\/events.ipv.pt\/cernas\/wp-content\/uploads\/2023\/03\/ap4-18x9.jpg 18w\" sizes=\"auto, (max-width: 800px) 100vw, 800px\" \/><\/p>\n<h4>ESTGL<br \/>Escola Superior de Tecnologia e Gest\u00e3o de Lamego<\/h4>\n<p>A ESTGL \u00e9 uma unidade org\u00e2nica do Instituto Polit\u00e9cnico de Viseu dotada de autonomia Administrativa, Cient\u00edfica e Pedag\u00f3gica.<\/p>\n<p>Vocacionada para a forma\u00e7\u00e3o inicial, em dom\u00ednios cient\u00edficos que mais diretamente possam intervir na atividade dos setores econ\u00f3mico-produtivos da sua \u00e1rea de abrang\u00eancia, incluindo oferta formativa na \u00e1rea do Turismo, e investiga\u00e7\u00e3o aplicada ao turismo natureza, turismo rural e desenvolvimento regional.<\/p>\n<\/div>\n<\/div>\n<\/div>\n","protected":false},"excerpt":{"rendered":"<p>APRESENTA\u00c7\u00c3O O CERNAS-IPV \u00e9 uma Unidade de Gest\u00e3o do centro de investiga\u00e7\u00e3o CERNAS, Centro de Recursos Naturais, Ambiente e Sociedade, Unidade de Investiga\u00e7\u00e3o reconhecida pela Funda\u00e7\u00e3o para a Ci\u00eancia e Tecnologia e avaliada com a classifica\u00e7\u00e3o de Muito Bom no presente ciclo avaliativo. O CERNAS tem tr\u00eas unidades, uma no Instituto Polit\u00e9cnico de Coimbra (Unidade [&hellip;]<\/p>\n","protected":false},"author":1,"featured_media":0,"parent":0,"menu_order":23,"comment_status":"closed","ping_status":"closed","template":"","meta":{"site-sidebar-layout":"default","site-content-layout":"default","ast-site-content-layout":"default","site-content-style":"default","site-sidebar-style":"default","ast-global-header-display":"","ast-banner-title-visibility":"","ast-main-header-display":"","ast-hfb-above-header-display":"","ast-hfb-below-header-display":"","ast-hfb-mobile-header-display":"","site-post-title":"disabled","ast-breadcrumbs-content":"disabled","ast-featured-img":"","footer-sml-layout":"","ast-disable-related-posts":"","theme-transparent-header-meta":"default","adv-header-id-meta":"","stick-header-meta":"","header-above-stick-meta":"","header-main-stick-meta":"","header-below-stick-meta":"","astra-migrate-meta-layouts":"set","ast-page-background-enabled":"default","ast-page-background-meta":{"desktop":{"background-color":"","background-image":"","background-repeat":"repeat","background-position":"center center","background-size":"auto","background-attachment":"scroll","background-type":"","background-media":"","overlay-type":"","overlay-color":"","overlay-opacity":"","overlay-gradient":""},"tablet":{"background-color":"","background-image":"","background-repeat":"repeat","background-position":"center center","background-size":"auto","background-attachment":"scroll","background-type":"","background-media":"","overlay-type":"","overlay-color":"","overlay-opacity":"","overlay-gradient":""},"mobile":{"background-color":"","background-image":"","background-repeat":"repeat","background-position":"center center","background-size":"auto","background-attachment":"scroll","background-type":"","background-media":"","overlay-type":"","overlay-color":"","overlay-opacity":"","overlay-gradient":""}},"ast-content-background-meta":{"desktop":{"background-color":"var(--ast-global-color-5)","background-image":"","background-repeat":"repeat","background-position":"center center","background-size":"auto","background-attachment":"scroll","background-type":"","background-media":"","overlay-type":"","overlay-color":"","overlay-opacity":"","overlay-gradient":""},"tablet":{"background-color":"var(--ast-global-color-5)","background-image":"","background-repeat":"repeat","background-position":"center center","background-size":"auto","background-attachment":"scroll","background-type":"","background-media":"","overlay-type":"","overlay-color":"","overlay-opacity":"","overlay-gradient":""},"mobile":{"background-color":"var(--ast-global-color-5)","background-image":"","background-repeat":"repeat","background-position":"center center","background-size":"auto","background-attachment":"scroll","background-type":"","background-media":"","overlay-type":"","overlay-color":"","overlay-opacity":"","overlay-gradient":""}},"footnotes":""},"class_list":["post-143","page","type-page","status-publish","hentry"],"yoast_head":"<!-- This site is optimized with the Yoast SEO plugin v27.5 - https:\/\/yoast.com\/product\/yoast-seo-wordpress\/ -->\r\n<title>APRESENTA\u00c7\u00c3O &#8226; CERNAS - IPV<\/title>\r\n<meta name=\"robots\" content=\"index, follow, max-snippet:-1, max-image-preview:large, max-video-preview:-1\" \/>\r\n<link rel=\"canonical\" href=\"https:\/\/events.ipv.pt\/cernas\/pt\/apresentacao\/\" \/>\r\n<meta property=\"og:locale\" content=\"pt_PT\" \/>\r\n<meta property=\"og:type\" content=\"article\" \/>\r\n<meta property=\"og:title\" content=\"APRESENTA\u00c7\u00c3O &#8226; CERNAS - IPV\" \/>\r\n<meta property=\"og:description\" content=\"APRESENTA\u00c7\u00c3O O CERNAS-IPV \u00e9 uma Unidade de Gest\u00e3o do centro de investiga\u00e7\u00e3o CERNAS, Centro de Recursos Naturais, Ambiente e Sociedade, Unidade de Investiga\u00e7\u00e3o reconhecida pela Funda\u00e7\u00e3o para a Ci\u00eancia e Tecnologia e avaliada com a classifica\u00e7\u00e3o de Muito Bom no presente ciclo avaliativo. O CERNAS tem tr\u00eas unidades, uma no Instituto Polit\u00e9cnico de Coimbra (Unidade [&hellip;]\" \/>\r\n<meta property=\"og:url\" content=\"https:\/\/events.ipv.pt\/cernas\/pt\/apresentacao\/\" \/>\r\n<meta property=\"og:site_name\" content=\"CERNAS - IPV\" \/>\r\n<meta property=\"article:modified_time\" content=\"2024-04-08T14:08:57+00:00\" \/>\r\n<meta property=\"og:image\" content=\"http:\/\/127.0.0.1\/cernas\/wp-content\/uploads\/2023\/03\/ap2.jpg\" \/>\r\n<meta name=\"twitter:card\" content=\"summary_large_image\" \/>\r\n<meta name=\"twitter:label1\" content=\"Tempo estimado de leitura\" \/>\n\t<meta name=\"twitter:data1\" content=\"3 minutos\" \/>\r\n<script type=\"application\/ld+json\" class=\"yoast-schema-graph\">{\"@context\":\"https:\\\/\\\/schema.org\",\"@graph\":[{\"@type\":\"WebPage\",\"@id\":\"https:\\\/\\\/events.ipv.pt\\\/cernas\\\/apresentacao\\\/\",\"url\":\"https:\\\/\\\/events.ipv.pt\\\/cernas\\\/apresentacao\\\/\",\"name\":\"APRESENTA\u00c7\u00c3O &#8226; CERNAS - IPV\",\"isPartOf\":{\"@id\":\"https:\\\/\\\/events.ipv.pt\\\/cernas\\\/pt\\\/#website\"},\"primaryImageOfPage\":{\"@id\":\"https:\\\/\\\/events.ipv.pt\\\/cernas\\\/apresentacao\\\/#primaryimage\"},\"image\":{\"@id\":\"https:\\\/\\\/events.ipv.pt\\\/cernas\\\/apresentacao\\\/#primaryimage\"},\"thumbnailUrl\":\"http:\\\/\\\/127.0.0.1\\\/cernas\\\/wp-content\\\/uploads\\\/2023\\\/03\\\/ap2.jpg\",\"datePublished\":\"2021-03-09T16:07:22+00:00\",\"dateModified\":\"2024-04-08T14:08:57+00:00\",\"breadcrumb\":{\"@id\":\"https:\\\/\\\/events.ipv.pt\\\/cernas\\\/apresentacao\\\/#breadcrumb\"},\"inLanguage\":\"pt-PT\",\"potentialAction\":[{\"@type\":\"ReadAction\",\"target\":[\"https:\\\/\\\/events.ipv.pt\\\/cernas\\\/apresentacao\\\/\"]}]},{\"@type\":\"ImageObject\",\"inLanguage\":\"pt-PT\",\"@id\":\"https:\\\/\\\/events.ipv.pt\\\/cernas\\\/apresentacao\\\/#primaryimage\",\"url\":\"http:\\\/\\\/127.0.0.1\\\/cernas\\\/wp-content\\\/uploads\\\/2023\\\/03\\\/ap2.jpg\",\"contentUrl\":\"http:\\\/\\\/127.0.0.1\\\/cernas\\\/wp-content\\\/uploads\\\/2023\\\/03\\\/ap2.jpg\"},{\"@type\":\"BreadcrumbList\",\"@id\":\"https:\\\/\\\/events.ipv.pt\\\/cernas\\\/apresentacao\\\/#breadcrumb\",\"itemListElement\":[{\"@type\":\"ListItem\",\"position\":1,\"name\":\"Home\",\"item\":\"https:\\\/\\\/events.ipv.pt\\\/cernas\\\/\"},{\"@type\":\"ListItem\",\"position\":2,\"name\":\"APRESENTA\u00c7\u00c3O\"}]},{\"@type\":\"WebSite\",\"@id\":\"https:\\\/\\\/events.ipv.pt\\\/cernas\\\/pt\\\/#website\",\"url\":\"https:\\\/\\\/events.ipv.pt\\\/cernas\\\/pt\\\/\",\"name\":\"CERNAS-IPV | Centro de Estudos de Recursos Naturais, Ambiente e Sociedade\",\"description\":\"\",\"publisher\":{\"@id\":\"https:\\\/\\\/events.ipv.pt\\\/cernas\\\/pt\\\/#organization\"},\"potentialAction\":[{\"@type\":\"SearchAction\",\"target\":{\"@type\":\"EntryPoint\",\"urlTemplate\":\"https:\\\/\\\/events.ipv.pt\\\/cernas\\\/pt\\\/?s={search_term_string}\"},\"query-input\":{\"@type\":\"PropertyValueSpecification\",\"valueRequired\":true,\"valueName\":\"search_term_string\"}}],\"inLanguage\":\"pt-PT\"},{\"@type\":\"Organization\",\"@id\":\"https:\\\/\\\/events.ipv.pt\\\/cernas\\\/pt\\\/#organization\",\"name\":\"Instituto Polit\u00e9cnico de Viseu\",\"url\":\"https:\\\/\\\/events.ipv.pt\\\/cernas\\\/pt\\\/\",\"logo\":{\"@type\":\"ImageObject\",\"inLanguage\":\"pt-PT\",\"@id\":\"https:\\\/\\\/events.ipv.pt\\\/cernas\\\/pt\\\/#\\\/schema\\\/logo\\\/image\\\/\",\"url\":\"http:\\\/\\\/127.0.0.1\\\/cernas\\\/wp-content\\\/uploads\\\/2021\\\/03\\\/logo_pv.png\",\"contentUrl\":\"http:\\\/\\\/127.0.0.1\\\/cernas\\\/wp-content\\\/uploads\\\/2021\\\/03\\\/logo_pv.png\",\"width\":4205,\"height\":1108,\"caption\":\"Instituto Polit\u00e9cnico de Viseu\"},\"image\":{\"@id\":\"https:\\\/\\\/events.ipv.pt\\\/cernas\\\/pt\\\/#\\\/schema\\\/logo\\\/image\\\/\"}}]}<\/script>\r\n<!-- \/ Yoast SEO plugin. -->","yoast_head_json":{"title":"APRESENTA\u00c7\u00c3O &#8226; CERNAS - IPV","robots":{"index":"index","follow":"follow","max-snippet":"max-snippet:-1","max-image-preview":"max-image-preview:large","max-video-preview":"max-video-preview:-1"},"canonical":"https:\/\/events.ipv.pt\/cernas\/pt\/apresentacao\/","og_locale":"pt_PT","og_type":"article","og_title":"APRESENTA\u00c7\u00c3O &#8226; CERNAS - IPV","og_description":"APRESENTA\u00c7\u00c3O O CERNAS-IPV \u00e9 uma Unidade de Gest\u00e3o do centro de investiga\u00e7\u00e3o CERNAS, Centro de Recursos Naturais, Ambiente e Sociedade, Unidade de Investiga\u00e7\u00e3o reconhecida pela Funda\u00e7\u00e3o para a Ci\u00eancia e Tecnologia e avaliada com a classifica\u00e7\u00e3o de Muito Bom no presente ciclo avaliativo. O CERNAS tem tr\u00eas unidades, uma no Instituto Polit\u00e9cnico de Coimbra (Unidade [&hellip;]","og_url":"https:\/\/events.ipv.pt\/cernas\/pt\/apresentacao\/","og_site_name":"CERNAS - IPV","article_modified_time":"2024-04-08T14:08:57+00:00","og_image":[{"url":"http:\/\/127.0.0.1\/cernas\/wp-content\/uploads\/2023\/03\/ap2.jpg","type":"","width":"","height":""}],"twitter_card":"summary_large_image","twitter_misc":{"Tempo estimado de leitura":"3 minutos"},"schema":{"@context":"https:\/\/schema.org","@graph":[{"@type":"WebPage","@id":"https:\/\/events.ipv.pt\/cernas\/apresentacao\/","url":"https:\/\/events.ipv.pt\/cernas\/apresentacao\/","name":"APRESENTA\u00c7\u00c3O &#8226; CERNAS - IPV","isPartOf":{"@id":"https:\/\/events.ipv.pt\/cernas\/pt\/#website"},"primaryImageOfPage":{"@id":"https:\/\/events.ipv.pt\/cernas\/apresentacao\/#primaryimage"},"image":{"@id":"https:\/\/events.ipv.pt\/cernas\/apresentacao\/#primaryimage"},"thumbnailUrl":"http:\/\/127.0.0.1\/cernas\/wp-content\/uploads\/2023\/03\/ap2.jpg","datePublished":"2021-03-09T16:07:22+00:00","dateModified":"2024-04-08T14:08:57+00:00","breadcrumb":{"@id":"https:\/\/events.ipv.pt\/cernas\/apresentacao\/#breadcrumb"},"inLanguage":"pt-PT","potentialAction":[{"@type":"ReadAction","target":["https:\/\/events.ipv.pt\/cernas\/apresentacao\/"]}]},{"@type":"ImageObject","inLanguage":"pt-PT","@id":"https:\/\/events.ipv.pt\/cernas\/apresentacao\/#primaryimage","url":"http:\/\/127.0.0.1\/cernas\/wp-content\/uploads\/2023\/03\/ap2.jpg","contentUrl":"http:\/\/127.0.0.1\/cernas\/wp-content\/uploads\/2023\/03\/ap2.jpg"},{"@type":"BreadcrumbList","@id":"https:\/\/events.ipv.pt\/cernas\/apresentacao\/#breadcrumb","itemListElement":[{"@type":"ListItem","position":1,"name":"Home","item":"https:\/\/events.ipv.pt\/cernas\/"},{"@type":"ListItem","position":2,"name":"APRESENTA\u00c7\u00c3O"}]},{"@type":"WebSite","@id":"https:\/\/events.ipv.pt\/cernas\/pt\/#website","url":"https:\/\/events.ipv.pt\/cernas\/pt\/","name":"CERNAS-IPV | Centro de Estudos de Recursos Naturais, Ambiente e Sociedade","description":"","publisher":{"@id":"https:\/\/events.ipv.pt\/cernas\/pt\/#organization"},"potentialAction":[{"@type":"SearchAction","target":{"@type":"EntryPoint","urlTemplate":"https:\/\/events.ipv.pt\/cernas\/pt\/?s={search_term_string}"},"query-input":{"@type":"PropertyValueSpecification","valueRequired":true,"valueName":"search_term_string"}}],"inLanguage":"pt-PT"},{"@type":"Organization","@id":"https:\/\/events.ipv.pt\/cernas\/pt\/#organization","name":"Instituto Polit\u00e9cnico de Viseu","url":"https:\/\/events.ipv.pt\/cernas\/pt\/","logo":{"@type":"ImageObject","inLanguage":"pt-PT","@id":"https:\/\/events.ipv.pt\/cernas\/pt\/#\/schema\/logo\/image\/","url":"http:\/\/127.0.0.1\/cernas\/wp-content\/uploads\/2021\/03\/logo_pv.png","contentUrl":"http:\/\/127.0.0.1\/cernas\/wp-content\/uploads\/2021\/03\/logo_pv.png","width":4205,"height":1108,"caption":"Instituto Polit\u00e9cnico de Viseu"},"image":{"@id":"https:\/\/events.ipv.pt\/cernas\/pt\/#\/schema\/logo\/image\/"}}]}},"_links":{"self":[{"href":"https:\/\/events.ipv.pt\/cernas\/pt\/wp-json\/wp\/v2\/pages\/143","targetHints":{"allow":["GET"]}}],"collection":[{"href":"https:\/\/events.ipv.pt\/cernas\/pt\/wp-json\/wp\/v2\/pages"}],"about":[{"href":"https:\/\/events.ipv.pt\/cernas\/pt\/wp-json\/wp\/v2\/types\/page"}],"author":[{"embeddable":true,"href":"https:\/\/events.ipv.pt\/cernas\/pt\/wp-json\/wp\/v2\/users\/1"}],"replies":[{"embeddable":true,"href":"https:\/\/events.ipv.pt\/cernas\/pt\/wp-json\/wp\/v2\/comments?post=143"}],"version-history":[{"count":65,"href":"https:\/\/events.ipv.pt\/cernas\/pt\/wp-json\/wp\/v2\/pages\/143\/revisions"}],"predecessor-version":[{"id":2703,"href":"https:\/\/events.ipv.pt\/cernas\/pt\/wp-json\/wp\/v2\/pages\/143\/revisions\/2703"}],"wp:attachment":[{"href":"https:\/\/events.ipv.pt\/cernas\/pt\/wp-json\/wp\/v2\/media?parent=143"}],"curies":[{"name":"wp","href":"https:\/\/api.w.org\/{rel}","templated":true}]}}