{"id":143,"date":"2021-03-09T16:07:22","date_gmt":"2021-03-09T16:07:22","guid":{"rendered":"http:\/\/127.0.0.1\/cernas\/?page_id=143"},"modified":"2024-04-08T14:08:57","modified_gmt":"2024-04-08T14:08:57","slug":"apresentacao","status":"publish","type":"page","link":"https:\/\/events.ipv.pt\/cernas\/en\/apresentacao\/","title":{"rendered":"PRESENTATION"},"content":{"rendered":"<div class=\"apresentacao\">\n<div class=\"container-L-Bottom vH90\" data-aos=\"slide-left\">\n<div class=\"column60 maskPres\" style=\"background-color: #fff;\">\n<h3>PRESENTATION<\/h3>\n<p>The CERNAS-IPV is a Management Unit of the research center CERNAS, the Center for Natural Resources, Environment, and Society, recognized as a Research Unit by the Foundation for Science and Technology. It has been assessed and received the classification of \"Very Good\" in the current evaluation cycle.<\/p>\n<p>The CERNAS has three units, one at the Polytechnic Institute of Coimbra (Main Management Unit), another at the Polytechnic Institute of Castelo Branco, and the third at the Polytechnic Institute of Viseu, bringing together the agricultural education institutions of the Central Region of the country. More information can be consulted at <a class=\"aV\" href=\"https:\/\/cernas.org\/pt-pt\/\" rel=\"noopener noreferrer\" target=\"_blank\">https:\/\/cernas.org\/pt-pt<\/a>.<\/p>\n<p>CERNAS-IPV\u2019s objectives and mission are those defined by CERNAS, producing research in the fields of Agrarian Sciences, Food Science, Environment Engineering and Society, thus promoting sustainable development on a regional basis as part of a global intervention.<\/p>\n<h4>HOST INSTITUTION<\/h4>\n<p>At the Instituto Polit\u00e9cnico de Viseu, CERNAS-IPV involves areas from two of its organic units: the Escola Superior Agr\u00e1ria de Viseu, in the fields of agricultural and food sciences, and the Escola Superior de Tecnologia e Gest\u00e3o de Viseu, in the domain of the sciences of the environment.<\/p>\n<\/div>\n<\/div>\n<\/div>\n<div class=\"ast-container\">\n<div class=\"RowEndTotal\">\n<div style=\"border-bottom: 1px solid #2C483F;\">\n<img loading=\"lazy\" decoding=\"async\" src=\"http:\/\/127.0.0.1\/cernas\/wp-content\/uploads\/2023\/03\/ap2.jpg\" alt=\"\" width=\"800\" height=\"400\" class=\"aligncenter size-full wp-image-1620\" srcset=\"https:\/\/events.ipv.pt\/cernas\/wp-content\/uploads\/2023\/03\/ap2.jpg 800w, https:\/\/events.ipv.pt\/cernas\/wp-content\/uploads\/2023\/03\/ap2-300x150.jpg 300w, https:\/\/events.ipv.pt\/cernas\/wp-content\/uploads\/2023\/03\/ap2-768x384.jpg 768w, https:\/\/events.ipv.pt\/cernas\/wp-content\/uploads\/2023\/03\/ap2-18x9.jpg 18w\" sizes=\"auto, (max-width: 800px) 100vw, 800px\" \/><\/p>\n<h4>ESAV<br \/>Escola Superior Agr\u00e1ria de Viseu<\/h4>\n<p>ESAV, officially created on December 19th, 1994 (LD no. 304\/94), is one of the organic units of the Instituto Polit\u00e9cnico de Viseu, integrating the Portuguese public higher education network, in terms of polytechnic education. Thus, the tradition continued, as the city of Viseu had the privilege of being a pioneer in Agricultural Education in Portugal through the creation of the Escola Pr\u00e1tica de Agricultura de Viseu, by Decree in December 16th, 1852.<\/p>\n<p>ESAV intends to transmit and disseminate knowledge, with a view to training students with a high level of skills in the fields of agrarian, food and veterinary sciences; promote applied research and its dissemination, cultural, scientific and technological exchange with similar institutions, national and international, and the relationship with the business community, in order to contribute to the development of the region and the country.<\/p>\n<p>ESAV is in a prime area of the city of Viseu, in Quinta da Alagoa, with about 23 hectares. Possessing countless cultures, especially the vineyard, the orchard and the olive grove. It also has livestock production structures for sheep, goats, cattle, birds and rabbits, as well as a Veterinary Nursing Center and laboratories, with technologies that allow the acquisition of skills in various technical and scientific domains.<\/p>\n<\/div>\n<div style=\"border-bottom: 1px solid #2C483F;\">\n<img loading=\"lazy\" decoding=\"async\" src=\"http:\/\/127.0.0.1\/cernas\/wp-content\/uploads\/2023\/03\/ap3.jpg\" alt=\"\" width=\"800\" height=\"400\" class=\"aligncenter size-full wp-image-1623\" srcset=\"https:\/\/events.ipv.pt\/cernas\/wp-content\/uploads\/2023\/03\/ap3.jpg 800w, https:\/\/events.ipv.pt\/cernas\/wp-content\/uploads\/2023\/03\/ap3-300x150.jpg 300w, https:\/\/events.ipv.pt\/cernas\/wp-content\/uploads\/2023\/03\/ap3-768x384.jpg 768w, https:\/\/events.ipv.pt\/cernas\/wp-content\/uploads\/2023\/03\/ap3-18x9.jpg 18w\" sizes=\"auto, (max-width: 800px) 100vw, 800px\" \/><\/p>\n<h4>ESTGV<br \/>Escola Superior de Tecnologia e Gest\u00e3o de Viseu<\/h4>\n<p>ESTGV is an organic unit for teaching and research integrated in the IPV. It was created by LD no. 46\/85, 22nd of November, with the Management course being the first to operate in the 1987\/1988 school year. It has seven departments, including the Environment Department, and a very varied training offer including CTESP, Bachelor\u2019s and Master\u2019s degrees.<\/p>\n<p>The Environment Department carries out its activities in the field of environmental, earth and energy sciences and technologies.<\/p>\n<\/div>\n<div style=\"border-bottom: 1px solid #2C483F;\">\n<img loading=\"lazy\" decoding=\"async\" src=\"http:\/\/127.0.0.1\/cernas\/wp-content\/uploads\/2023\/03\/ap4.jpg\" alt=\"\" width=\"800\" height=\"400\" class=\"aligncenter size-full wp-image-1625\" srcset=\"https:\/\/events.ipv.pt\/cernas\/wp-content\/uploads\/2023\/03\/ap4.jpg 800w, https:\/\/events.ipv.pt\/cernas\/wp-content\/uploads\/2023\/03\/ap4-300x150.jpg 300w, https:\/\/events.ipv.pt\/cernas\/wp-content\/uploads\/2023\/03\/ap4-768x384.jpg 768w, https:\/\/events.ipv.pt\/cernas\/wp-content\/uploads\/2023\/03\/ap4-18x9.jpg 18w\" sizes=\"auto, (max-width: 800px) 100vw, 800px\" \/><\/p>\n<h4>ESTGL<br \/>Escola Superior de Tecnologia e Gest\u00e3o de Lamego<\/h4>\n<p>ESTGL is an organic unit of the Polytechnic Institute of Viseu endowed with Administrative, Scientific, and Pedagogical autonomy.<\/p>\n<p>Aimed at initial training in scientific fields that can more directly intervene in the activity of the economic and productive sectors of its area of coverage, including training offered in the area of Tourism and applied research to nature tourism, rural tourism, and regional development.<\/p>\n<\/div>\n<\/div>\n<\/div>","protected":false},"excerpt":{"rendered":"<p>APRESENTA\u00c7\u00c3O O CERNAS-IPV \u00e9 uma Unidade de Gest\u00e3o do centro de investiga\u00e7\u00e3o CERNAS, Centro de Recursos Naturais, Ambiente e Sociedade, Unidade de Investiga\u00e7\u00e3o reconhecida pela Funda\u00e7\u00e3o para a Ci\u00eancia e Tecnologia e avaliada com a classifica\u00e7\u00e3o de Muito Bom no presente ciclo avaliativo. O CERNAS tem tr\u00eas unidades, uma no Instituto Polit\u00e9cnico de Coimbra (Unidade [&hellip;]<\/p>\n","protected":false},"author":1,"featured_media":0,"parent":0,"menu_order":23,"comment_status":"closed","ping_status":"closed","template":"","meta":{"site-sidebar-layout":"default","site-content-layout":"default","ast-site-content-layout":"default","site-content-style":"default","site-sidebar-style":"default","ast-global-header-display":"","ast-banner-title-visibility":"","ast-main-header-display":"","ast-hfb-above-header-display":"","ast-hfb-below-header-display":"","ast-hfb-mobile-header-display":"","site-post-title":"disabled","ast-breadcrumbs-content":"disabled","ast-featured-img":"","footer-sml-layout":"","ast-disable-related-posts":"","theme-transparent-header-meta":"default","adv-header-id-meta":"","stick-header-meta":"","header-above-stick-meta":"","header-main-stick-meta":"","header-below-stick-meta":"","astra-migrate-meta-layouts":"set","ast-page-background-enabled":"default","ast-page-background-meta":{"desktop":{"background-color":"","background-image":"","background-repeat":"repeat","background-position":"center center","background-size":"auto","background-attachment":"scroll","background-type":"","background-media":"","overlay-type":"","overlay-color":"","overlay-opacity":"","overlay-gradient":""},"tablet":{"background-color":"","background-image":"","background-repeat":"repeat","background-position":"center center","background-size":"auto","background-attachment":"scroll","background-type":"","background-media":"","overlay-type":"","overlay-color":"","overlay-opacity":"","overlay-gradient":""},"mobile":{"background-color":"","background-image":"","background-repeat":"repeat","background-position":"center center","background-size":"auto","background-attachment":"scroll","background-type":"","background-media":"","overlay-type":"","overlay-color":"","overlay-opacity":"","overlay-gradient":""}},"ast-content-background-meta":{"desktop":{"background-color":"var(--ast-global-color-5)","background-image":"","background-repeat":"repeat","background-position":"center center","background-size":"auto","background-attachment":"scroll","background-type":"","background-media":"","overlay-type":"","overlay-color":"","overlay-opacity":"","overlay-gradient":""},"tablet":{"background-color":"var(--ast-global-color-5)","background-image":"","background-repeat":"repeat","background-position":"center center","background-size":"auto","background-attachment":"scroll","background-type":"","background-media":"","overlay-type":"","overlay-color":"","overlay-opacity":"","overlay-gradient":""},"mobile":{"background-color":"var(--ast-global-color-5)","background-image":"","background-repeat":"repeat","background-position":"center center","background-size":"auto","background-attachment":"scroll","background-type":"","background-media":"","overlay-type":"","overlay-color":"","overlay-opacity":"","overlay-gradient":""}},"footnotes":""},"class_list":["post-143","page","type-page","status-publish","hentry"],"yoast_head":"<!-- This site is optimized with the Yoast SEO plugin v27.5 - https:\/\/yoast.com\/product\/yoast-seo-wordpress\/ -->\r\n<title>APRESENTA\u00c7\u00c3O &#8226; CERNAS - IPV<\/title>\r\n<meta name=\"robots\" content=\"index, follow, max-snippet:-1, max-image-preview:large, max-video-preview:-1\" \/>\r\n<link rel=\"canonical\" href=\"https:\/\/events.ipv.pt\/cernas\/en\/apresentacao\/\" \/>\r\n<meta property=\"og:locale\" content=\"en_GB\" \/>\r\n<meta property=\"og:type\" content=\"article\" \/>\r\n<meta property=\"og:title\" content=\"APRESENTA\u00c7\u00c3O &#8226; CERNAS - IPV\" \/>\r\n<meta property=\"og:description\" content=\"APRESENTA\u00c7\u00c3O O CERNAS-IPV \u00e9 uma Unidade de Gest\u00e3o do centro de investiga\u00e7\u00e3o CERNAS, Centro de Recursos Naturais, Ambiente e Sociedade, Unidade de Investiga\u00e7\u00e3o reconhecida pela Funda\u00e7\u00e3o para a Ci\u00eancia e Tecnologia e avaliada com a classifica\u00e7\u00e3o de Muito Bom no presente ciclo avaliativo. O CERNAS tem tr\u00eas unidades, uma no Instituto Polit\u00e9cnico de Coimbra (Unidade [&hellip;]\" \/>\r\n<meta property=\"og:url\" content=\"https:\/\/events.ipv.pt\/cernas\/en\/apresentacao\/\" \/>\r\n<meta property=\"og:site_name\" content=\"CERNAS - IPV\" \/>\r\n<meta property=\"article:modified_time\" content=\"2024-04-08T14:08:57+00:00\" \/>\r\n<meta property=\"og:image\" content=\"http:\/\/127.0.0.1\/cernas\/wp-content\/uploads\/2023\/03\/ap2.jpg\" \/>\r\n<meta name=\"twitter:card\" content=\"summary_large_image\" \/>\r\n<meta name=\"twitter:label1\" content=\"Estimated reading time\" \/>\n\t<meta name=\"twitter:data1\" content=\"3 minutes\" \/>\r\n<script type=\"application\/ld+json\" class=\"yoast-schema-graph\">{\"@context\":\"https:\\\/\\\/schema.org\",\"@graph\":[{\"@type\":\"WebPage\",\"@id\":\"https:\\\/\\\/events.ipv.pt\\\/cernas\\\/apresentacao\\\/\",\"url\":\"https:\\\/\\\/events.ipv.pt\\\/cernas\\\/apresentacao\\\/\",\"name\":\"APRESENTA\u00c7\u00c3O &#8226; CERNAS - IPV\",\"isPartOf\":{\"@id\":\"https:\\\/\\\/events.ipv.pt\\\/cernas\\\/pt\\\/#website\"},\"primaryImageOfPage\":{\"@id\":\"https:\\\/\\\/events.ipv.pt\\\/cernas\\\/apresentacao\\\/#primaryimage\"},\"image\":{\"@id\":\"https:\\\/\\\/events.ipv.pt\\\/cernas\\\/apresentacao\\\/#primaryimage\"},\"thumbnailUrl\":\"http:\\\/\\\/127.0.0.1\\\/cernas\\\/wp-content\\\/uploads\\\/2023\\\/03\\\/ap2.jpg\",\"datePublished\":\"2021-03-09T16:07:22+00:00\",\"dateModified\":\"2024-04-08T14:08:57+00:00\",\"breadcrumb\":{\"@id\":\"https:\\\/\\\/events.ipv.pt\\\/cernas\\\/apresentacao\\\/#breadcrumb\"},\"inLanguage\":\"en-GB\",\"potentialAction\":[{\"@type\":\"ReadAction\",\"target\":[\"https:\\\/\\\/events.ipv.pt\\\/cernas\\\/apresentacao\\\/\"]}]},{\"@type\":\"ImageObject\",\"inLanguage\":\"en-GB\",\"@id\":\"https:\\\/\\\/events.ipv.pt\\\/cernas\\\/apresentacao\\\/#primaryimage\",\"url\":\"http:\\\/\\\/127.0.0.1\\\/cernas\\\/wp-content\\\/uploads\\\/2023\\\/03\\\/ap2.jpg\",\"contentUrl\":\"http:\\\/\\\/127.0.0.1\\\/cernas\\\/wp-content\\\/uploads\\\/2023\\\/03\\\/ap2.jpg\"},{\"@type\":\"BreadcrumbList\",\"@id\":\"https:\\\/\\\/events.ipv.pt\\\/cernas\\\/apresentacao\\\/#breadcrumb\",\"itemListElement\":[{\"@type\":\"ListItem\",\"position\":1,\"name\":\"Home\",\"item\":\"https:\\\/\\\/events.ipv.pt\\\/cernas\\\/\"},{\"@type\":\"ListItem\",\"position\":2,\"name\":\"APRESENTA\u00c7\u00c3O\"}]},{\"@type\":\"WebSite\",\"@id\":\"https:\\\/\\\/events.ipv.pt\\\/cernas\\\/pt\\\/#website\",\"url\":\"https:\\\/\\\/events.ipv.pt\\\/cernas\\\/pt\\\/\",\"name\":\"CERNAS-IPV | Centro de Estudos de Recursos Naturais, Ambiente e Sociedade\",\"description\":\"\",\"publisher\":{\"@id\":\"https:\\\/\\\/events.ipv.pt\\\/cernas\\\/pt\\\/#organization\"},\"potentialAction\":[{\"@type\":\"SearchAction\",\"target\":{\"@type\":\"EntryPoint\",\"urlTemplate\":\"https:\\\/\\\/events.ipv.pt\\\/cernas\\\/pt\\\/?s={search_term_string}\"},\"query-input\":{\"@type\":\"PropertyValueSpecification\",\"valueRequired\":true,\"valueName\":\"search_term_string\"}}],\"inLanguage\":\"en-GB\"},{\"@type\":\"Organization\",\"@id\":\"https:\\\/\\\/events.ipv.pt\\\/cernas\\\/pt\\\/#organization\",\"name\":\"Instituto Polit\u00e9cnico de Viseu\",\"url\":\"https:\\\/\\\/events.ipv.pt\\\/cernas\\\/pt\\\/\",\"logo\":{\"@type\":\"ImageObject\",\"inLanguage\":\"en-GB\",\"@id\":\"https:\\\/\\\/events.ipv.pt\\\/cernas\\\/pt\\\/#\\\/schema\\\/logo\\\/image\\\/\",\"url\":\"http:\\\/\\\/127.0.0.1\\\/cernas\\\/wp-content\\\/uploads\\\/2021\\\/03\\\/logo_pv.png\",\"contentUrl\":\"http:\\\/\\\/127.0.0.1\\\/cernas\\\/wp-content\\\/uploads\\\/2021\\\/03\\\/logo_pv.png\",\"width\":4205,\"height\":1108,\"caption\":\"Instituto Polit\u00e9cnico de Viseu\"},\"image\":{\"@id\":\"https:\\\/\\\/events.ipv.pt\\\/cernas\\\/pt\\\/#\\\/schema\\\/logo\\\/image\\\/\"}}]}<\/script>\r\n<!-- \/ Yoast SEO plugin. -->","yoast_head_json":{"title":"APRESENTA\u00c7\u00c3O &#8226; CERNAS - IPV","robots":{"index":"index","follow":"follow","max-snippet":"max-snippet:-1","max-image-preview":"max-image-preview:large","max-video-preview":"max-video-preview:-1"},"canonical":"https:\/\/events.ipv.pt\/cernas\/en\/apresentacao\/","og_locale":"en_GB","og_type":"article","og_title":"APRESENTA\u00c7\u00c3O &#8226; CERNAS - IPV","og_description":"APRESENTA\u00c7\u00c3O O CERNAS-IPV \u00e9 uma Unidade de Gest\u00e3o do centro de investiga\u00e7\u00e3o CERNAS, Centro de Recursos Naturais, Ambiente e Sociedade, Unidade de Investiga\u00e7\u00e3o reconhecida pela Funda\u00e7\u00e3o para a Ci\u00eancia e Tecnologia e avaliada com a classifica\u00e7\u00e3o de Muito Bom no presente ciclo avaliativo. O CERNAS tem tr\u00eas unidades, uma no Instituto Polit\u00e9cnico de Coimbra (Unidade [&hellip;]","og_url":"https:\/\/events.ipv.pt\/cernas\/en\/apresentacao\/","og_site_name":"CERNAS - IPV","article_modified_time":"2024-04-08T14:08:57+00:00","og_image":[{"url":"http:\/\/127.0.0.1\/cernas\/wp-content\/uploads\/2023\/03\/ap2.jpg","type":"","width":"","height":""}],"twitter_card":"summary_large_image","twitter_misc":{"Estimated reading time":"3 minutes"},"schema":{"@context":"https:\/\/schema.org","@graph":[{"@type":"WebPage","@id":"https:\/\/events.ipv.pt\/cernas\/apresentacao\/","url":"https:\/\/events.ipv.pt\/cernas\/apresentacao\/","name":"APRESENTA\u00c7\u00c3O &#8226; CERNAS - IPV","isPartOf":{"@id":"https:\/\/events.ipv.pt\/cernas\/pt\/#website"},"primaryImageOfPage":{"@id":"https:\/\/events.ipv.pt\/cernas\/apresentacao\/#primaryimage"},"image":{"@id":"https:\/\/events.ipv.pt\/cernas\/apresentacao\/#primaryimage"},"thumbnailUrl":"http:\/\/127.0.0.1\/cernas\/wp-content\/uploads\/2023\/03\/ap2.jpg","datePublished":"2021-03-09T16:07:22+00:00","dateModified":"2024-04-08T14:08:57+00:00","breadcrumb":{"@id":"https:\/\/events.ipv.pt\/cernas\/apresentacao\/#breadcrumb"},"inLanguage":"en-GB","potentialAction":[{"@type":"ReadAction","target":["https:\/\/events.ipv.pt\/cernas\/apresentacao\/"]}]},{"@type":"ImageObject","inLanguage":"en-GB","@id":"https:\/\/events.ipv.pt\/cernas\/apresentacao\/#primaryimage","url":"http:\/\/127.0.0.1\/cernas\/wp-content\/uploads\/2023\/03\/ap2.jpg","contentUrl":"http:\/\/127.0.0.1\/cernas\/wp-content\/uploads\/2023\/03\/ap2.jpg"},{"@type":"BreadcrumbList","@id":"https:\/\/events.ipv.pt\/cernas\/apresentacao\/#breadcrumb","itemListElement":[{"@type":"ListItem","position":1,"name":"Home","item":"https:\/\/events.ipv.pt\/cernas\/"},{"@type":"ListItem","position":2,"name":"APRESENTA\u00c7\u00c3O"}]},{"@type":"WebSite","@id":"https:\/\/events.ipv.pt\/cernas\/pt\/#website","url":"https:\/\/events.ipv.pt\/cernas\/pt\/","name":"CERNAS-IPV | Centro de Estudos de Recursos Naturais, Ambiente e Sociedade","description":"","publisher":{"@id":"https:\/\/events.ipv.pt\/cernas\/pt\/#organization"},"potentialAction":[{"@type":"SearchAction","target":{"@type":"EntryPoint","urlTemplate":"https:\/\/events.ipv.pt\/cernas\/pt\/?s={search_term_string}"},"query-input":{"@type":"PropertyValueSpecification","valueRequired":true,"valueName":"search_term_string"}}],"inLanguage":"en-GB"},{"@type":"Organization","@id":"https:\/\/events.ipv.pt\/cernas\/pt\/#organization","name":"Instituto Polit\u00e9cnico de Viseu","url":"https:\/\/events.ipv.pt\/cernas\/pt\/","logo":{"@type":"ImageObject","inLanguage":"en-GB","@id":"https:\/\/events.ipv.pt\/cernas\/pt\/#\/schema\/logo\/image\/","url":"http:\/\/127.0.0.1\/cernas\/wp-content\/uploads\/2021\/03\/logo_pv.png","contentUrl":"http:\/\/127.0.0.1\/cernas\/wp-content\/uploads\/2021\/03\/logo_pv.png","width":4205,"height":1108,"caption":"Instituto Polit\u00e9cnico de Viseu"},"image":{"@id":"https:\/\/events.ipv.pt\/cernas\/pt\/#\/schema\/logo\/image\/"}}]}},"_links":{"self":[{"href":"https:\/\/events.ipv.pt\/cernas\/en\/wp-json\/wp\/v2\/pages\/143","targetHints":{"allow":["GET"]}}],"collection":[{"href":"https:\/\/events.ipv.pt\/cernas\/en\/wp-json\/wp\/v2\/pages"}],"about":[{"href":"https:\/\/events.ipv.pt\/cernas\/en\/wp-json\/wp\/v2\/types\/page"}],"author":[{"embeddable":true,"href":"https:\/\/events.ipv.pt\/cernas\/en\/wp-json\/wp\/v2\/users\/1"}],"replies":[{"embeddable":true,"href":"https:\/\/events.ipv.pt\/cernas\/en\/wp-json\/wp\/v2\/comments?post=143"}],"version-history":[{"count":65,"href":"https:\/\/events.ipv.pt\/cernas\/en\/wp-json\/wp\/v2\/pages\/143\/revisions"}],"predecessor-version":[{"id":2703,"href":"https:\/\/events.ipv.pt\/cernas\/en\/wp-json\/wp\/v2\/pages\/143\/revisions\/2703"}],"wp:attachment":[{"href":"https:\/\/events.ipv.pt\/cernas\/en\/wp-json\/wp\/v2\/media?parent=143"}],"curies":[{"name":"wp","href":"https:\/\/api.w.org\/{rel}","templated":true}]}}